{"id":13366,"date":"2020-03-07T21:35:28","date_gmt":"2020-03-07T20:35:28","guid":{"rendered":"https:\/\/heimwerker23.de\/?product=blackdecker-bxpw1600pe-hochdruckreiniger"},"modified":"2023-04-10T16:53:52","modified_gmt":"2023-04-10T14:53:52","slug":"blackdecker-bxpw1600pe-hochdruckreiniger","status":"publish","type":"product","link":"https:\/\/heimwerker23.de\/?product=blackdecker-bxpw1600pe-hochdruckreiniger","title":{"rendered":"BLACK+DECKER Hochdruckreiniger BXPW1600PE mit Patio Cleaner und Feste B\u00fcrste (1600 W, 125 bar, 420 l\/h)"},"content":{"rendered":"\n\t\t<div id='gallery-1' class='gallery galleryid-13366 gallery-columns-3 gallery-size-full'><dl class='gallery-item'>\r\n\t<dt class='gallery-icon landscape'>\r\n\t<a rel='gallery-nr'><img loading=\"lazy\" decoding=\"async\" width=\"500\" height=\"500\" src=\"https:\/\/heimwerker23.de\/wp-content\/uploads\/https:\/\/images-na.ssl-images-amazon.com\/images\/I\/41WUdpvOQhL.jpg\" class=\"attachment-full size-full\" alt=\"\" srcset=\"https:\/\/heimwerker23.de\/wp-content\/uploads\/https:\/\/images-na.ssl-images-amazon.com\/images\/I\/41WUdpvOQhL.jpg 500w, https:\/\/heimwerker23.de\/wp-content\/uploads\/https:\/\/images-na.ssl-images-amazon.com\/images\/I\/41WUdpvOQhL._SS150_.jpg 150w, https:\/\/heimwerker23.de\/wp-content\/uploads\/https:\/\/images-na.ssl-images-amazon.com\/images\/I\/41WUdpvOQhL._SS300_.jpg 300w, https:\/\/heimwerker23.de\/wp-content\/uploads\/https:\/\/images-na.ssl-images-amazon.com\/images\/I\/41WUdpvOQhL._SS768_.jpg 768w, https:\/\/heimwerker23.de\/wp-content\/uploads\/https:\/\/images-na.ssl-images-amazon.com\/images\/I\/41WUdpvOQhL._SS1024_.jpg 1024w, https:\/\/heimwerker23.de\/wp-content\/uploads\/https:\/\/images-na.ssl-images-amazon.com\/images\/I\/41WUdpvOQhL._SS1536_.jpg 1536w, https:\/\/heimwerker23.de\/wp-content\/uploads\/https:\/\/images-na.ssl-images-amazon.com\/images\/I\/41WUdpvOQhL._SS2048_.jpg 2048w, https:\/\/heimwerker23.de\/wp-content\/uploads\/https:\/\/images-na.ssl-images-amazon.com\/images\/I\/41WUdpvOQhL._SS145_.jpg 145w, https:\/\/heimwerker23.de\/wp-content\/uploads\/https:\/\/images-na.ssl-images-amazon.com\/images\/I\/41WUdpvOQhL._SS1400_.jpg 1400w, https:\/\/heimwerker23.de\/wp-content\/uploads\/https:\/\/images-na.ssl-images-amazon.com\/images\/I\/41WUdpvOQhL._SS50_.jpg 50w, https:\/\/heimwerker23.de\/wp-content\/uploads\/https:\/\/images-na.ssl-images-amazon.com\/images\/I\/41WUdpvOQhL._SS604_.jpg 604w, https:\/\/heimwerker23.de\/wp-content\/uploads\/https:\/\/images-na.ssl-images-amazon.com\/images\/I\/41WUdpvOQhL._SS262_.jpg 262w, https:\/\/heimwerker23.de\/wp-content\/uploads\/https:\/\/images-na.ssl-images-amazon.com\/images\/I\/41WUdpvOQhL._SS600_.jpg 600w, https:\/\/heimwerker23.de\/wp-content\/uploads\/https:\/\/images-na.ssl-images-amazon.com\/images\/I\/41WUdpvOQhL._SS100_.jpg 100w\" sizes=\"auto, (max-width: 500px) 100vw, 500px\" \/><\/a>\r\n\t<\/dt>\r\n\t<dd class='wp-caption-text gallery-caption'>\r\n\t<div class='gallery-caption-inner'> <div class='wp-caption-text gallery-title'>\r\n\tBlackDecker-BXPW1600PE-Hochdruckreiniger\r\n\t<\/div><div class='wp-caption-text gallery-zoom no-text'>\r\n\t\t<a href=https:\/\/heimwerker23.de\/?attachment_id=13367 title='Click to view Full Image' class='icon mustang-gallery'><i class='fa fa-plus'><\/i><\/a>\r\n\t\t<\/div><div class='wp-caption-text gallery-redirect'>\r\n\t\t<a href=https:\/\/heimwerker23.de\/?attachment_id=13367 title='Click to view read more' class='icon readmore'><i class='fa fa-link'><\/i><\/a>\r\n\t\t<\/div><\/div><\/dd><\/dl><dl class='gallery-item'>\r\n\t<dt class='gallery-icon landscape'>\r\n\t<a rel='gallery-nr'><img loading=\"lazy\" decoding=\"async\" width=\"500\" height=\"500\" src=\"https:\/\/heimwerker23.de\/wp-content\/uploads\/https:\/\/images-na.ssl-images-amazon.com\/images\/I\/41YVuzlp0nL.jpg\" class=\"attachment-full size-full\" alt=\"\" srcset=\"https:\/\/heimwerker23.de\/wp-content\/uploads\/https:\/\/images-na.ssl-images-amazon.com\/images\/I\/41YVuzlp0nL.jpg 500w, https:\/\/heimwerker23.de\/wp-content\/uploads\/https:\/\/images-na.ssl-images-amazon.com\/images\/I\/41YVuzlp0nL._SS150_.jpg 150w, https:\/\/heimwerker23.de\/wp-content\/uploads\/https:\/\/images-na.ssl-images-amazon.com\/images\/I\/41YVuzlp0nL._SS300_.jpg 300w, https:\/\/heimwerker23.de\/wp-content\/uploads\/https:\/\/images-na.ssl-images-amazon.com\/images\/I\/41YVuzlp0nL._SS768_.jpg 768w, https:\/\/heimwerker23.de\/wp-content\/uploads\/https:\/\/images-na.ssl-images-amazon.com\/images\/I\/41YVuzlp0nL._SS1024_.jpg 1024w, https:\/\/heimwerker23.de\/wp-content\/uploads\/https:\/\/images-na.ssl-images-amazon.com\/images\/I\/41YVuzlp0nL._SS1536_.jpg 1536w, https:\/\/heimwerker23.de\/wp-content\/uploads\/https:\/\/images-na.ssl-images-amazon.com\/images\/I\/41YVuzlp0nL._SS2048_.jpg 2048w, https:\/\/heimwerker23.de\/wp-content\/uploads\/https:\/\/images-na.ssl-images-amazon.com\/images\/I\/41YVuzlp0nL._SS145_.jpg 145w, https:\/\/heimwerker23.de\/wp-content\/uploads\/https:\/\/images-na.ssl-images-amazon.com\/images\/I\/41YVuzlp0nL._SS1400_.jpg 1400w, https:\/\/heimwerker23.de\/wp-content\/uploads\/https:\/\/images-na.ssl-images-amazon.com\/images\/I\/41YVuzlp0nL._SS50_.jpg 50w, https:\/\/heimwerker23.de\/wp-content\/uploads\/https:\/\/images-na.ssl-images-amazon.com\/images\/I\/41YVuzlp0nL._SS604_.jpg 604w, https:\/\/heimwerker23.de\/wp-content\/uploads\/https:\/\/images-na.ssl-images-amazon.com\/images\/I\/41YVuzlp0nL._SS262_.jpg 262w, https:\/\/heimwerker23.de\/wp-content\/uploads\/https:\/\/images-na.ssl-images-amazon.com\/images\/I\/41YVuzlp0nL._SS600_.jpg 600w, https:\/\/heimwerker23.de\/wp-content\/uploads\/https:\/\/images-na.ssl-images-amazon.com\/images\/I\/41YVuzlp0nL._SS100_.jpg 100w\" sizes=\"auto, (max-width: 500px) 100vw, 500px\" \/><\/a>\r\n\t<\/dt>\r\n\t<dd class='wp-caption-text gallery-caption'>\r\n\t<div class='gallery-caption-inner'> <div class='wp-caption-text gallery-title'>\r\n\tBlackDecker-BXPW1600PE-Hochdruckreiniger\r\n\t<\/div><div class='wp-caption-text gallery-zoom no-text'>\r\n\t\t<a href=https:\/\/heimwerker23.de\/?attachment_id=13368 title='Click to view Full Image' class='icon mustang-gallery'><i class='fa fa-plus'><\/i><\/a>\r\n\t\t<\/div><div class='wp-caption-text gallery-redirect'>\r\n\t\t<a href=https:\/\/heimwerker23.de\/?attachment_id=13368 title='Click to view read more' class='icon readmore'><i class='fa fa-link'><\/i><\/a>\r\n\t\t<\/div><\/div><\/dd><\/dl><dl class='gallery-item'>\r\n\t<dt class='gallery-icon landscape'>\r\n\t<a rel='gallery-nr'><img loading=\"lazy\" decoding=\"async\" width=\"500\" height=\"500\" src=\"https:\/\/heimwerker23.de\/wp-content\/uploads\/https:\/\/images-na.ssl-images-amazon.com\/images\/I\/41qn07jbcRL.jpg\" class=\"attachment-full size-full\" alt=\"\" srcset=\"https:\/\/heimwerker23.de\/wp-content\/uploads\/https:\/\/images-na.ssl-images-amazon.com\/images\/I\/41qn07jbcRL.jpg 500w, https:\/\/heimwerker23.de\/wp-content\/uploads\/https:\/\/images-na.ssl-images-amazon.com\/images\/I\/41qn07jbcRL._SS150_.jpg 150w, https:\/\/heimwerker23.de\/wp-content\/uploads\/https:\/\/images-na.ssl-images-amazon.com\/images\/I\/41qn07jbcRL._SS300_.jpg 300w, https:\/\/heimwerker23.de\/wp-content\/uploads\/https:\/\/images-na.ssl-images-amazon.com\/images\/I\/41qn07jbcRL._SS768_.jpg 768w, https:\/\/heimwerker23.de\/wp-content\/uploads\/https:\/\/images-na.ssl-images-amazon.com\/images\/I\/41qn07jbcRL._SS1024_.jpg 1024w, https:\/\/heimwerker23.de\/wp-content\/uploads\/https:\/\/images-na.ssl-images-amazon.com\/images\/I\/41qn07jbcRL._SS1536_.jpg 1536w, https:\/\/heimwerker23.de\/wp-content\/uploads\/https:\/\/images-na.ssl-images-amazon.com\/images\/I\/41qn07jbcRL._SS2048_.jpg 2048w, https:\/\/heimwerker23.de\/wp-content\/uploads\/https:\/\/images-na.ssl-images-amazon.com\/images\/I\/41qn07jbcRL._SS145_.jpg 145w, https:\/\/heimwerker23.de\/wp-content\/uploads\/https:\/\/images-na.ssl-images-amazon.com\/images\/I\/41qn07jbcRL._SS1400_.jpg 1400w, https:\/\/heimwerker23.de\/wp-content\/uploads\/https:\/\/images-na.ssl-images-amazon.com\/images\/I\/41qn07jbcRL._SS50_.jpg 50w, https:\/\/heimwerker23.de\/wp-content\/uploads\/https:\/\/images-na.ssl-images-amazon.com\/images\/I\/41qn07jbcRL._SS604_.jpg 604w, https:\/\/heimwerker23.de\/wp-content\/uploads\/https:\/\/images-na.ssl-images-amazon.com\/images\/I\/41qn07jbcRL._SS262_.jpg 262w, https:\/\/heimwerker23.de\/wp-content\/uploads\/https:\/\/images-na.ssl-images-amazon.com\/images\/I\/41qn07jbcRL._SS600_.jpg 600w, https:\/\/heimwerker23.de\/wp-content\/uploads\/https:\/\/images-na.ssl-images-amazon.com\/images\/I\/41qn07jbcRL._SS100_.jpg 100w\" sizes=\"auto, (max-width: 500px) 100vw, 500px\" \/><\/a>\r\n\t<\/dt>\r\n\t<dd class='wp-caption-text gallery-caption'>\r\n\t<div class='gallery-caption-inner'> <div class='wp-caption-text gallery-title'>\r\n\tBlackDecker-BXPW1600PE-Hochdruckreiniger\r\n\t<\/div><div class='wp-caption-text gallery-zoom no-text'>\r\n\t\t<a href=https:\/\/heimwerker23.de\/?attachment_id=13369 title='Click to view Full Image' class='icon mustang-gallery'><i class='fa fa-plus'><\/i><\/a>\r\n\t\t<\/div><div class='wp-caption-text gallery-redirect'>\r\n\t\t<a href=https:\/\/heimwerker23.de\/?attachment_id=13369 title='Click to view read more' class='icon readmore'><i class='fa fa-link'><\/i><\/a>\r\n\t\t<\/div><\/div><\/dd><\/dl>\r\n<\/div>\n\n<div class=\"disclaim\"> Stil:<strong>8 accessories<\/strong> <\/div>\n<p> <!-- show up to 2 reviews by default --> <\/p>\n<p>Der BXPW1600PE ist ein funktionaler und moderner Hochdruckreiniger f\u00fcr das eigene Heim, mit dem mittelgro\u00dfe Fl\u00e4chen wie B\u00f6den und Mauern im Au\u00dfenbereich m\u00fchelos von hartn\u00e4ckigem Schmutz befreit werden k\u00f6nnen. Er eignet sich \u00fcberdies besonders gut zum Reinigen von Gattern, B\u00e4nken, Gartenm\u00f6beln und -werkzeugen, Fahrr\u00e4dern, Motorr\u00e4dern, Autos, Treppen und Schwimmbecken. Mit seinem integrierten oberen Griff und den zwei R\u00e4dern mit 16 cm Durchmesser ist er besonders handlich und leicht zu transportieren. Die Zubeh\u00f6rteile k\u00f6nnen nach Gebrauch platzsparend an den Halterungen auf der R\u00fcckseite des Ger\u00e4ts angebracht werden, sodass sie bei Bedarf immer zur Hand sind. Die Bedienung dieses Hochdruckreinigers ist \u00e4u\u00dferst einfach: Man muss ihn nur an das Wassernetz und das Stromnetz anschlie\u00dfen und dann einschalten. Zubeh\u00f6rausstattung: Pistole, Lanze und Hochdruckschlauch von 6 m L\u00e4nge; eine Rotationsd\u00fcse zum Entfernen von hartn\u00e4ckigem Schmutz, die den Wasserstrahl verst\u00e4rkt und aufweitet; eine verstellbare D\u00fcse, mit der der Wasserstrahl f\u00fcr die schonendere Reinigung aufgef\u00e4chert werden kann; ein Schaumreinigungssatz von 0,4 Litern, der an der Lanze angebracht werden; eine feste B\u00fcrste f\u00fcr die besonders intensive Reinigung; und der Patio Cleaner f\u00fcr die gr\u00fcndliche Reinigung von B\u00f6den, Balkons und Veranden. Die Garantiezeit betr\u00e4gt 2 Jahre ab dem Kaufdatum. <\/p>\n<p>Max. Druck (bar) 125; Leistungsaufnahme (kW) 1,6; Max. F\u00f6rdermenge l\/h) 420; Max. Wasserzulauftemperatur (\u00b0C) 50<br \/>\nIdealer Hochdruckreiniger zum Entfernen von hartn\u00e4ckigem Schmutz auf mittelgro\u00dfen Au\u00dfenfl\u00e4chen des eigenen Heims und zum Reinigen von Gattern, B\u00e4nken, Gartenm\u00f6beln und -werkzeugen, Autos, Motorr\u00e4dern, Fahrr\u00e4dern, Treppen und Schwimmbecken<br \/>\nAusstattung mit 8 Zubeh\u00f6rteilen, die nach Gebrauch an den Halterungen auf der R\u00fcckseite des Ger\u00e4ts verstaut werden k\u00f6nnen<br \/>\nPatio Cleaner mit Schnellkupplung, ideal zum m\u00fchelosen Reinigen von gro\u00dfen horizontalen und vertikalen Fl\u00e4chen<br \/>\nSchnellkupplung auf dem Wasserzulauf mit inspektionierbarem Filter, der Verunreinigungen zur\u00fcckh\u00e4lt und den einwandfreien Betrieb des Hochdruckreinigers garantiert<br \/>\n[amz_corss_sell asin=&#8220;B077TR3SVB&#8220;]<\/p>\n","protected":false},"excerpt":{"rendered":"<p>Max. Druck (bar) 125; Leistungsaufnahme (kW) 1,6; Max. F\u00f6rdermenge l\/h) 420; Max. Wasserzulauftemperatur (\u00b0C) 50<br \/>\nIdealer Hochdruckreiniger zum Entfernen von hartn\u00e4ckigem Schmutz auf mittelgro\u00dfen Au\u00dfenfl\u00e4chen des eigenen Heims und zum Reinigen von Gattern, B\u00e4nken, Gartenm\u00f6beln und -werkzeugen, Autos, Motorr\u00e4dern, Fahrr\u00e4dern, Treppen und Schwimmbecken<br \/>\nAusstattung mit 8 Zubeh\u00f6rteilen, die nach Gebrauch an den Halterungen auf der R\u00fcckseite des Ger\u00e4ts verstaut werden k\u00f6nnen<\/p>\n","protected":false},"featured_media":13367,"comment_status":"open","ping_status":"closed","template":"","meta":[],"product_cat":[115,110],"product_tag":[],"class_list":{"0":"post-13366","1":"product","2":"type-product","3":"status-publish","4":"has-post-thumbnail","6":"product_cat-hochdruckreiniger","7":"product_cat-reinigen-und-sandstrahlen","8":"pa_brand-blackplusdecker","11":"first","12":"instock","13":"shipping-taxable","14":"product-type-external"},"_links":{"self":[{"href":"https:\/\/heimwerker23.de\/index.php?rest_route=\/wp\/v2\/product\/13366","targetHints":{"allow":["GET"]}}],"collection":[{"href":"https:\/\/heimwerker23.de\/index.php?rest_route=\/wp\/v2\/product"}],"about":[{"href":"https:\/\/heimwerker23.de\/index.php?rest_route=\/wp\/v2\/types\/product"}],"replies":[{"embeddable":true,"href":"https:\/\/heimwerker23.de\/index.php?rest_route=%2Fwp%2Fv2%2Fcomments&post=13366"}],"wp:featuredmedia":[{"embeddable":true,"href":"https:\/\/heimwerker23.de\/index.php?rest_route=\/wp\/v2\/media\/13367"}],"wp:attachment":[{"href":"https:\/\/heimwerker23.de\/index.php?rest_route=%2Fwp%2Fv2%2Fmedia&parent=13366"}],"wp:term":[{"taxonomy":"product_cat","embeddable":true,"href":"https:\/\/heimwerker23.de\/index.php?rest_route=%2Fwp%2Fv2%2Fproduct_cat&post=13366"},{"taxonomy":"product_tag","embeddable":true,"href":"https:\/\/heimwerker23.de\/index.php?rest_route=%2Fwp%2Fv2%2Fproduct_tag&post=13366"}],"curies":[{"name":"wp","href":"https:\/\/api.w.org\/{rel}","templated":true}]}}