{"id":13376,"date":"2020-03-07T21:35:44","date_gmt":"2020-03-07T20:35:44","guid":{"rendered":"https:\/\/heimwerker23.de\/?product=kraenzle-412181-hochdruckreiniger-k-1152-ts-t"},"modified":"2023-04-10T16:53:52","modified_gmt":"2023-04-10T14:53:52","slug":"kraenzle-412181-hochdruckreiniger-k-1152-ts-t","status":"publish","type":"product","link":"https:\/\/heimwerker23.de\/?product=kraenzle-412181-hochdruckreiniger-k-1152-ts-t","title":{"rendered":"Kr\u00e4nzle 5002530 412181 Hochdruckreiniger K 1152 TS T"},"content":{"rendered":"<p><!-- show up to 2 reviews by default --> <\/p>\n<h3>Produktbeschreibung<\/h3>\n<p>Kr\u00e4nzle 1152 TS T Das Fahrgestell \u2022gel\u00e4ndeg\u00e4ngiges und treppentaugliches Roto-Mold-Fahrgestell, einteilig und damit extrem stabil und robust \u2022mit 870 mm ist der K 1152 TS T ganze 70 mm h\u00f6her als sein Vorg\u00e4nger und bietet damit mehr Komfort beim Ziehen und leichteren Zugang zur Druck- und Mengenregulierung \u2022mehr Tragekomfort durch integrierte Tragegriffe; ein Querrohr in der Mitte und ein Tragegriff unten erm\u00f6glichen das Tragen zu zweit oder alleine \u2022das Fahrgestell umschlie\u00dft die Motor-Pumpeneinheit wie ein \u00dcberrollk\u00e4fig und sch\u00fctzt diese weitestgehend vor \u00e4u\u00dferen Eifnl\u00fcssen Motor und Pumpe \u2022stufenlose Druck- und Mengenregulierung \u2022Total-Stop-System \u2022Messingpumpenkopf \u2022keramikbeschichtete Pumpenplunger \u2022Trockenlaufsicherheit \u2022Leckagerckf\u00fchrung &#8211; was bisher gr\u00f6\u00dfere Kr\u00e4nzle-Modelle inne hatten, wurde nun auch im K 1152 TS T integriert &#8211; f\u00fcr noch mehr Sicherheit und Langlebigkeit Kr\u00e4nzle Ordnungsprinzip \u2022K\u00f6cher f\u00fcr Sicherheits-Abschaltpistole, Schmutzkiller- und Vario-Jet-Lanze \u2022Anschlusskabel 5 m mit Kabelaufwicklung seitlich am Fahrgestell &#8211; somit auch in Liegestellung abwickelbar \u2022gr\u00f6\u00dfere Schlauchtrommel mit 15 m Stahlgewebe-Hochdruckschlauch &#8211; dadurch ist der Schlauch leichter und schneller aufwickelbar \u2022Motorabdeckung &#8211; nur durch sechs Au\u00dfenschrauben fixiert. Wartungen k\u00f6nnen schneller und leichter durchgef\u00fchrt werden &#8211; das ist durchdachte und servicefreundliche Ingenieurleistung. Lieferumfang \u2022Sicherheits-Abschaltpistole &#8222;M2000&#8220; &#8211; weniger Widerstand des Pistolenhebels bedeuet erm\u00fcdungsfreieres \u00d6ffnen der Pistole und erm\u00f6glicht dauerhaftere Arbeitseins\u00e4tze \u2022Schmutzkillerlanze \u2022Vario-Jet Spr\u00fchlanze mit stufenlos verstellbarem Strahl von Rund- zu Flachstrahl sowie Hoch- und Niederdruck Technischen Daten Arbeitsdruck, stufenlos regelbar 10-130 bar \/ 3-13 MPa max. zul\u00e4ssiger \u00dcberdruck 150 bar \/ 15 MPa Wasserleistung 10 l\/min (600 l\/h) Warmwasserzulauf max. 60 \u00b0C D\u00fcsengr\u00f6\u00dfe Schmutzkiller 042 D\u00fcsengr\u00f6\u00dfe Flachstrahl Vario-Jet 042 Motordrehzahl 2.800 U\/min Elektrischer Anschlusswert 230 V, 12,0 A, 50 Hz Leistungsaufnahme \/ -abgabe 2,8 kW \/ 2,0 kW Gewicht 31,5 kg Ma\u00dfe in mm 360 x 365 x 870 Lieferumfang Easy-Start ja Totalstop-System ja Reinigungsmittelansaugung ja Schlauchtrommel ja Stahlgewebe-Hochdruckschlauch, 15 m NW 6 ja Sicherheits-Abschaltpistole &#8222;M 2000&#8220; ja Schmutzkillerlanze mit Edelstahlrohr ja Vario-Jet-Lanze mit Edelstahlrohr ja Wassereingangsfilter optional <\/p>\n<h3>Rechtliche Hinweise<\/h3>\n<p>Fa. Grebner bietet auch eine eigene Service Werkstatt im Schadensfall <\/p>\n<p>Warmwasserzulauf max. 60\u00b0C<br \/>\nMotordrehzahl 2.800 min-1<br \/>\n[amz_corss_sell asin=&#8220;B008ET78S6&#8243;]<\/p>\n","protected":false},"excerpt":{"rendered":"<p>Warmwasserzulauf max. 60\u00b0C<br \/>\nMotordrehzahl 2.800 min-1<\/p>\n","protected":false},"featured_media":13377,"comment_status":"open","ping_status":"closed","template":"","meta":[],"product_cat":[115,110],"product_tag":[],"class_list":{"0":"post-13376","1":"product","2":"type-product","3":"status-publish","4":"has-post-thumbnail","6":"product_cat-hochdruckreiniger","7":"product_cat-reinigen-und-sandstrahlen","8":"pa_brand-kraenzle","11":"first","12":"instock","13":"shipping-taxable","14":"product-type-external"},"_links":{"self":[{"href":"https:\/\/heimwerker23.de\/index.php?rest_route=\/wp\/v2\/product\/13376","targetHints":{"allow":["GET"]}}],"collection":[{"href":"https:\/\/heimwerker23.de\/index.php?rest_route=\/wp\/v2\/product"}],"about":[{"href":"https:\/\/heimwerker23.de\/index.php?rest_route=\/wp\/v2\/types\/product"}],"replies":[{"embeddable":true,"href":"https:\/\/heimwerker23.de\/index.php?rest_route=%2Fwp%2Fv2%2Fcomments&post=13376"}],"wp:featuredmedia":[{"embeddable":true,"href":"https:\/\/heimwerker23.de\/index.php?rest_route=\/wp\/v2\/media\/13377"}],"wp:attachment":[{"href":"https:\/\/heimwerker23.de\/index.php?rest_route=%2Fwp%2Fv2%2Fmedia&parent=13376"}],"wp:term":[{"taxonomy":"product_cat","embeddable":true,"href":"https:\/\/heimwerker23.de\/index.php?rest_route=%2Fwp%2Fv2%2Fproduct_cat&post=13376"},{"taxonomy":"product_tag","embeddable":true,"href":"https:\/\/heimwerker23.de\/index.php?rest_route=%2Fwp%2Fv2%2Fproduct_tag&post=13376"}],"curies":[{"name":"wp","href":"https:\/\/api.w.org\/{rel}","templated":true}]}}