{"id":13385,"date":"2020-03-07T21:35:58","date_gmt":"2020-03-07T20:35:58","guid":{"rendered":"https:\/\/heimwerker23.de\/?product=makita-hochdruckreiniger-130-bar-mit-selbstansaugender-pumpe-1800-w-230-v-hw1300"},"modified":"2023-04-10T16:53:53","modified_gmt":"2023-04-10T14:53:53","slug":"makita-hochdruckreiniger-130-bar-mit-selbstansaugender-pumpe-1800-w-230-v-hw1300","status":"publish","type":"product","link":"https:\/\/heimwerker23.de\/?product=makita-hochdruckreiniger-130-bar-mit-selbstansaugender-pumpe-1800-w-230-v-hw1300","title":{"rendered":"Makita HW1300 Hochdruckreiniger 130 bar mit selbstansaugender Pumpe, 1800 W, 230 V"},"content":{"rendered":"<div id='gallery-1' class='gallery galleryid-13385 gallery-columns-3 gallery-size-full'><dl class='gallery-item'>\r\n\t<dt class='gallery-icon landscape'>\r\n\t<a rel='gallery-nr'><img loading=\"lazy\" decoding=\"async\" width=\"500\" height=\"500\" src=\"https:\/\/heimwerker23.de\/wp-content\/uploads\/https:\/\/images-na.ssl-images-amazon.com\/images\/I\/41HWlKADCmL.jpg\" class=\"attachment-full size-full\" alt=\"\" srcset=\"https:\/\/heimwerker23.de\/wp-content\/uploads\/https:\/\/images-na.ssl-images-amazon.com\/images\/I\/41HWlKADCmL.jpg 500w, https:\/\/heimwerker23.de\/wp-content\/uploads\/https:\/\/images-na.ssl-images-amazon.com\/images\/I\/41HWlKADCmL._SS150_.jpg 150w, https:\/\/heimwerker23.de\/wp-content\/uploads\/https:\/\/images-na.ssl-images-amazon.com\/images\/I\/41HWlKADCmL._SS300_.jpg 300w, https:\/\/heimwerker23.de\/wp-content\/uploads\/https:\/\/images-na.ssl-images-amazon.com\/images\/I\/41HWlKADCmL._SS768_.jpg 768w, https:\/\/heimwerker23.de\/wp-content\/uploads\/https:\/\/images-na.ssl-images-amazon.com\/images\/I\/41HWlKADCmL._SS1024_.jpg 1024w, https:\/\/heimwerker23.de\/wp-content\/uploads\/https:\/\/images-na.ssl-images-amazon.com\/images\/I\/41HWlKADCmL._SS1536_.jpg 1536w, https:\/\/heimwerker23.de\/wp-content\/uploads\/https:\/\/images-na.ssl-images-amazon.com\/images\/I\/41HWlKADCmL._SS2048_.jpg 2048w, https:\/\/heimwerker23.de\/wp-content\/uploads\/https:\/\/images-na.ssl-images-amazon.com\/images\/I\/41HWlKADCmL._SS145_.jpg 145w, https:\/\/heimwerker23.de\/wp-content\/uploads\/https:\/\/images-na.ssl-images-amazon.com\/images\/I\/41HWlKADCmL._SS1400_.jpg 1400w, https:\/\/heimwerker23.de\/wp-content\/uploads\/https:\/\/images-na.ssl-images-amazon.com\/images\/I\/41HWlKADCmL._SS50_.jpg 50w, https:\/\/heimwerker23.de\/wp-content\/uploads\/https:\/\/images-na.ssl-images-amazon.com\/images\/I\/41HWlKADCmL._SS604_.jpg 604w, https:\/\/heimwerker23.de\/wp-content\/uploads\/https:\/\/images-na.ssl-images-amazon.com\/images\/I\/41HWlKADCmL._SS262_.jpg 262w, https:\/\/heimwerker23.de\/wp-content\/uploads\/https:\/\/images-na.ssl-images-amazon.com\/images\/I\/41HWlKADCmL._SS600_.jpg 600w, https:\/\/heimwerker23.de\/wp-content\/uploads\/https:\/\/images-na.ssl-images-amazon.com\/images\/I\/41HWlKADCmL._SS100_.jpg 100w\" sizes=\"auto, (max-width: 500px) 100vw, 500px\" \/><\/a>\r\n\t<\/dt>\r\n\t<dd class='wp-caption-text gallery-caption'>\r\n\t<div class='gallery-caption-inner'> <div class='wp-caption-text gallery-title'>\r\n\tMakita-Hochdruckreiniger-130-bar-mit-selbstansaugender-Pumpe-1800-W-230-V-HW1300\r\n\t<\/div><div class='wp-caption-text gallery-zoom no-text'>\r\n\t\t<a href=https:\/\/heimwerker23.de\/?attachment_id=13387 title='Click to view Full Image' class='icon mustang-gallery'><i class='fa fa-plus'><\/i><\/a>\r\n\t\t<\/div><div class='wp-caption-text gallery-redirect'>\r\n\t\t<a href=https:\/\/heimwerker23.de\/?attachment_id=13387 title='Click to view read more' class='icon readmore'><i class='fa fa-link'><\/i><\/a>\r\n\t\t<\/div><\/div><\/dd><\/dl><dl class='gallery-item'>\r\n\t<dt class='gallery-icon landscape'>\r\n\t<a rel='gallery-nr'><img loading=\"lazy\" decoding=\"async\" width=\"500\" height=\"500\" src=\"https:\/\/heimwerker23.de\/wp-content\/uploads\/https:\/\/images-na.ssl-images-amazon.com\/images\/I\/61khXqDe8RL.jpg\" class=\"attachment-full size-full\" alt=\"\" srcset=\"https:\/\/heimwerker23.de\/wp-content\/uploads\/https:\/\/images-na.ssl-images-amazon.com\/images\/I\/61khXqDe8RL.jpg 500w, https:\/\/heimwerker23.de\/wp-content\/uploads\/https:\/\/images-na.ssl-images-amazon.com\/images\/I\/61khXqDe8RL._SS150_.jpg 150w, https:\/\/heimwerker23.de\/wp-content\/uploads\/https:\/\/images-na.ssl-images-amazon.com\/images\/I\/61khXqDe8RL._SS300_.jpg 300w, https:\/\/heimwerker23.de\/wp-content\/uploads\/https:\/\/images-na.ssl-images-amazon.com\/images\/I\/61khXqDe8RL._SS768_.jpg 768w, https:\/\/heimwerker23.de\/wp-content\/uploads\/https:\/\/images-na.ssl-images-amazon.com\/images\/I\/61khXqDe8RL._SS1024_.jpg 1024w, https:\/\/heimwerker23.de\/wp-content\/uploads\/https:\/\/images-na.ssl-images-amazon.com\/images\/I\/61khXqDe8RL._SS1536_.jpg 1536w, https:\/\/heimwerker23.de\/wp-content\/uploads\/https:\/\/images-na.ssl-images-amazon.com\/images\/I\/61khXqDe8RL._SS2048_.jpg 2048w, https:\/\/heimwerker23.de\/wp-content\/uploads\/https:\/\/images-na.ssl-images-amazon.com\/images\/I\/61khXqDe8RL._SS145_.jpg 145w, https:\/\/heimwerker23.de\/wp-content\/uploads\/https:\/\/images-na.ssl-images-amazon.com\/images\/I\/61khXqDe8RL._SS1400_.jpg 1400w, https:\/\/heimwerker23.de\/wp-content\/uploads\/https:\/\/images-na.ssl-images-amazon.com\/images\/I\/61khXqDe8RL._SS50_.jpg 50w, https:\/\/heimwerker23.de\/wp-content\/uploads\/https:\/\/images-na.ssl-images-amazon.com\/images\/I\/61khXqDe8RL._SS604_.jpg 604w, https:\/\/heimwerker23.de\/wp-content\/uploads\/https:\/\/images-na.ssl-images-amazon.com\/images\/I\/61khXqDe8RL._SS262_.jpg 262w, https:\/\/heimwerker23.de\/wp-content\/uploads\/https:\/\/images-na.ssl-images-amazon.com\/images\/I\/61khXqDe8RL._SS600_.jpg 600w, https:\/\/heimwerker23.de\/wp-content\/uploads\/https:\/\/images-na.ssl-images-amazon.com\/images\/I\/61khXqDe8RL._SS100_.jpg 100w\" sizes=\"auto, (max-width: 500px) 100vw, 500px\" \/><\/a>\r\n\t<\/dt>\r\n\t<dd class='wp-caption-text gallery-caption'>\r\n\t<div class='gallery-caption-inner'> <div class='wp-caption-text gallery-title'>\r\n\tMakita-Hochdruckreiniger-130-bar-mit-selbstansaugender-Pumpe-1800-W-230-V-HW1300\r\n\t<\/div><div class='wp-caption-text gallery-zoom no-text'>\r\n\t\t<a href=https:\/\/heimwerker23.de\/?attachment_id=13388 title='Click to view Full Image' class='icon mustang-gallery'><i class='fa fa-plus'><\/i><\/a>\r\n\t\t<\/div><div class='wp-caption-text gallery-redirect'>\r\n\t\t<a href=https:\/\/heimwerker23.de\/?attachment_id=13388 title='Click to view read more' class='icon readmore'><i class='fa fa-link'><\/i><\/a>\r\n\t\t<\/div><\/div><\/dd><\/dl>\r\n<\/div>\n<br \/>\n<!-- show up to 2 reviews by default --> <\/p>\n<p>HW1300 Hochdruckreiniger \/ Selbstansaugende Pumpe erm\u00f6glicht auch die Verwendung von stehendem Gew\u00e4sser. Hochdruckreiniger mit selbstansaugender Pumpe. Mit IPX5 Schutzisolierung. Leicht und kompakt f\u00fcr Haus und Garten, auch f\u00fcr professionelle Anwendungen. Zubeh\u00f6r kann am Ger\u00e4t aufbewahrt werden. Bis zu 80% geringerer Wasserverbrauch als mit einem normalem Gartenschlauch bei 55-fachem Druck. Griff und R\u00e4der erh\u00f6hen die Mobilit\u00e4t. Regelbarer Wasserdruck. Fl\u00fcsterleise-Modus erm\u00f6glicht sanftes Reinigen von Fliegengittern, Klimaanlagen, Filtern, Autos \/ Technische Details: Leistungsaufnahme: 1800 Watt. Max. F\u00f6rdermenge: 420 Liter\/h. Breite: 358 mm. Hoehe: 830 mm. Laenge: 292 mm. Gewicht: 12,7 kg. Vibration: 4,86 m\/s\u00b2. K-Wert Vibration: 1,5 m\/s\u00b2. K-Wert Ger\u00e4usch: 2,4 dB(A). Pumpe: Triplex Taumelscheiben . Druck: 130 bar. Schalldruckpegel : 76 dB(A). Motortyp: Universalmotor . Motortyp copy: Asynchron-motor . Zulauftemperatur: 40 \u00b0C \/ Mitgeliefertes Zubeh\u00f6r: 1 Hochdruckschlauch 10 m. 1 Au\u00dfen-Innen-Anschlussset. 1 Wasserfilter. 1 Vario Spr\u00fchlanze. 1 Schaltpistole. 1 Dreckfr\u00e4se. <\/p>\n<p>Selbstansaugende Pumpe erm\u00f6glicht auch die Verwendung von stehendem Gew\u00e4sser<br \/>\nHochdruckreiniger mit selbstansaugender Pumpe<br \/>\nMit IPX5 Schutzisolierung<br \/>\nLeicht und kompakt f\u00fcr Haus und Garten, auch f\u00fcr professionelle Anwendungen<br \/>\nZubeh\u00f6r kann am Ger\u00e4t aufbewahrt werden<br \/>\n[amz_corss_sell asin=&#8220;B076ZNXY85&#8243;]<\/p>\n","protected":false},"excerpt":{"rendered":"<p>Selbstansaugende Pumpe erm\u00f6glicht auch die Verwendung von stehendem Gew\u00e4sser<br \/>\nHochdruckreiniger mit selbstansaugender Pumpe<br \/>\nMit IPX5 Schutzisolierung<\/p>\n","protected":false},"featured_media":13387,"comment_status":"open","ping_status":"closed","template":"","meta":[],"product_cat":[115,110],"product_tag":[],"class_list":{"0":"post-13385","1":"product","2":"type-product","3":"status-publish","4":"has-post-thumbnail","6":"product_cat-hochdruckreiniger","7":"product_cat-reinigen-und-sandstrahlen","8":"pa_brand-makita","11":"first","12":"instock","13":"shipping-taxable","14":"product-type-external"},"_links":{"self":[{"href":"https:\/\/heimwerker23.de\/index.php?rest_route=\/wp\/v2\/product\/13385","targetHints":{"allow":["GET"]}}],"collection":[{"href":"https:\/\/heimwerker23.de\/index.php?rest_route=\/wp\/v2\/product"}],"about":[{"href":"https:\/\/heimwerker23.de\/index.php?rest_route=\/wp\/v2\/types\/product"}],"replies":[{"embeddable":true,"href":"https:\/\/heimwerker23.de\/index.php?rest_route=%2Fwp%2Fv2%2Fcomments&post=13385"}],"wp:featuredmedia":[{"embeddable":true,"href":"https:\/\/heimwerker23.de\/index.php?rest_route=\/wp\/v2\/media\/13387"}],"wp:attachment":[{"href":"https:\/\/heimwerker23.de\/index.php?rest_route=%2Fwp%2Fv2%2Fmedia&parent=13385"}],"wp:term":[{"taxonomy":"product_cat","embeddable":true,"href":"https:\/\/heimwerker23.de\/index.php?rest_route=%2Fwp%2Fv2%2Fproduct_cat&post=13385"},{"taxonomy":"product_tag","embeddable":true,"href":"https:\/\/heimwerker23.de\/index.php?rest_route=%2Fwp%2Fv2%2Fproduct_tag&post=13385"}],"curies":[{"name":"wp","href":"https:\/\/api.w.org\/{rel}","templated":true}]}}