{"id":13416,"date":"2020-03-07T21:37:52","date_gmt":"2020-03-07T20:37:52","guid":{"rendered":"https:\/\/heimwerker23.de\/?product=makita-hw-101-hochdruckreiniger-1300-w"},"modified":"2023-04-10T16:53:53","modified_gmt":"2023-04-10T14:53:53","slug":"makita-hw-101-hochdruckreiniger-1300-w","status":"publish","type":"product","link":"https:\/\/heimwerker23.de\/?product=makita-hw-101-hochdruckreiniger-1300-w","title":{"rendered":"Makita HW 101 Hochdruckreiniger 1300 W"},"content":{"rendered":"<p><!-- show up to 2 reviews by default --> <\/p>\n<p>Verpackungseinheit: 1 St\u00fcck. Spr\u00fchkopf mit D\u00fcseneinstellung und ReinigungsmittelaufsatzTotal Stop System f\u00fcr automatisches Starten und StoppenIntegrierte Zubeh\u00f6rhalterung f\u00fcr einfache AufbewahrungWasserfilter verhindert Sch\u00e4den an der PumpeMitgeliefertes Zubeh\u00f6r: Hochdruckschlauch 3, 0 mLanze mit D\u00fcsePistoleTurbod\u00fcseReinigungsaufsatz mit D\u00fcseAu\u00dfen-\/Innenanschlussset; Leistungsaufnahme: 1300 W; Max. Druck: 100 bar <\/p>\n<p>Makita Hochdruckreiniger HW101<br \/>\nHochdruckreiniger<br \/>\nMakita<br \/>\nHW101 HW101<br \/>\n[amz_corss_sell asin=&#8220;B001R7LRSY&#8220;]<\/p>\n","protected":false},"excerpt":{"rendered":"<p>Makita Hochdruckreiniger HW101<br \/>\nHochdruckreiniger<br \/>\nMakita<\/p>\n","protected":false},"featured_media":13417,"comment_status":"open","ping_status":"closed","template":"","meta":[],"product_cat":[115,110],"product_tag":[],"class_list":{"0":"post-13416","1":"product","2":"type-product","3":"status-publish","4":"has-post-thumbnail","6":"product_cat-hochdruckreiniger","7":"product_cat-reinigen-und-sandstrahlen","8":"pa_brand-makita","11":"first","12":"instock","13":"shipping-taxable","14":"product-type-external"},"_links":{"self":[{"href":"https:\/\/heimwerker23.de\/index.php?rest_route=\/wp\/v2\/product\/13416","targetHints":{"allow":["GET"]}}],"collection":[{"href":"https:\/\/heimwerker23.de\/index.php?rest_route=\/wp\/v2\/product"}],"about":[{"href":"https:\/\/heimwerker23.de\/index.php?rest_route=\/wp\/v2\/types\/product"}],"replies":[{"embeddable":true,"href":"https:\/\/heimwerker23.de\/index.php?rest_route=%2Fwp%2Fv2%2Fcomments&post=13416"}],"wp:featuredmedia":[{"embeddable":true,"href":"https:\/\/heimwerker23.de\/index.php?rest_route=\/wp\/v2\/media\/13417"}],"wp:attachment":[{"href":"https:\/\/heimwerker23.de\/index.php?rest_route=%2Fwp%2Fv2%2Fmedia&parent=13416"}],"wp:term":[{"taxonomy":"product_cat","embeddable":true,"href":"https:\/\/heimwerker23.de\/index.php?rest_route=%2Fwp%2Fv2%2Fproduct_cat&post=13416"},{"taxonomy":"product_tag","embeddable":true,"href":"https:\/\/heimwerker23.de\/index.php?rest_route=%2Fwp%2Fv2%2Fproduct_tag&post=13416"}],"curies":[{"name":"wp","href":"https:\/\/api.w.org\/{rel}","templated":true}]}}