{"id":13639,"date":"2020-03-07T22:02:18","date_gmt":"2020-03-07T21:02:18","guid":{"rendered":"https:\/\/heimwerker23.de\/?product=mophorn-druckluft-sandstahler-40l-mobiles-sandstrahlgeraet-10-gallon-sandstrahlen-pot"},"modified":"2023-04-10T16:56:46","modified_gmt":"2023-04-10T14:56:46","slug":"mophorn-druckluft-sandstahler-40l-mobiles-sandstrahlgeraet-10-gallon-sandstrahlen-pot","status":"publish","type":"product","link":"https:\/\/heimwerker23.de\/?product=mophorn-druckluft-sandstahler-40l-mobiles-sandstrahlgeraet-10-gallon-sandstrahlen-pot","title":{"rendered":"Mophorn Druckluft Sandstahler 40L Mobiles Sandstrahlger\u00e4t 10 Gallon Sandstrahlen Pot"},"content":{"rendered":"<div id='gallery-1' class='gallery galleryid-13639 gallery-columns-3 gallery-size-full'><dl class='gallery-item'>\r\n\t<dt class='gallery-icon landscape'>\r\n\t<a rel='gallery-nr'><img loading=\"lazy\" decoding=\"async\" width=\"500\" height=\"500\" src=\"https:\/\/heimwerker23.de\/wp-content\/uploads\/https:\/\/images-na.ssl-images-amazon.com\/images\/I\/41Sxt8ao1bL.jpg\" class=\"attachment-full size-full\" alt=\"\" srcset=\"https:\/\/heimwerker23.de\/wp-content\/uploads\/https:\/\/images-na.ssl-images-amazon.com\/images\/I\/41Sxt8ao1bL.jpg 500w, https:\/\/heimwerker23.de\/wp-content\/uploads\/https:\/\/images-na.ssl-images-amazon.com\/images\/I\/41Sxt8ao1bL._SS150_.jpg 150w, https:\/\/heimwerker23.de\/wp-content\/uploads\/https:\/\/images-na.ssl-images-amazon.com\/images\/I\/41Sxt8ao1bL._SS300_.jpg 300w, https:\/\/heimwerker23.de\/wp-content\/uploads\/https:\/\/images-na.ssl-images-amazon.com\/images\/I\/41Sxt8ao1bL._SS768_.jpg 768w, https:\/\/heimwerker23.de\/wp-content\/uploads\/https:\/\/images-na.ssl-images-amazon.com\/images\/I\/41Sxt8ao1bL._SS1024_.jpg 1024w, https:\/\/heimwerker23.de\/wp-content\/uploads\/https:\/\/images-na.ssl-images-amazon.com\/images\/I\/41Sxt8ao1bL._SS1536_.jpg 1536w, https:\/\/heimwerker23.de\/wp-content\/uploads\/https:\/\/images-na.ssl-images-amazon.com\/images\/I\/41Sxt8ao1bL._SS2048_.jpg 2048w, https:\/\/heimwerker23.de\/wp-content\/uploads\/https:\/\/images-na.ssl-images-amazon.com\/images\/I\/41Sxt8ao1bL._SS145_.jpg 145w, https:\/\/heimwerker23.de\/wp-content\/uploads\/https:\/\/images-na.ssl-images-amazon.com\/images\/I\/41Sxt8ao1bL._SS1400_.jpg 1400w, https:\/\/heimwerker23.de\/wp-content\/uploads\/https:\/\/images-na.ssl-images-amazon.com\/images\/I\/41Sxt8ao1bL._SS50_.jpg 50w, https:\/\/heimwerker23.de\/wp-content\/uploads\/https:\/\/images-na.ssl-images-amazon.com\/images\/I\/41Sxt8ao1bL._SS604_.jpg 604w, https:\/\/heimwerker23.de\/wp-content\/uploads\/https:\/\/images-na.ssl-images-amazon.com\/images\/I\/41Sxt8ao1bL._SS262_.jpg 262w, https:\/\/heimwerker23.de\/wp-content\/uploads\/https:\/\/images-na.ssl-images-amazon.com\/images\/I\/41Sxt8ao1bL._SS600_.jpg 600w, https:\/\/heimwerker23.de\/wp-content\/uploads\/https:\/\/images-na.ssl-images-amazon.com\/images\/I\/41Sxt8ao1bL._SS100_.jpg 100w\" sizes=\"auto, (max-width: 500px) 100vw, 500px\" \/><\/a>\r\n\t<\/dt>\r\n\t<dd class='wp-caption-text gallery-caption'>\r\n\t<div class='gallery-caption-inner'> <div class='wp-caption-text gallery-title'>\r\n\tMophorn-Druckluft-Sandstahler-40L-Mobiles-Sandstrahlgert-10-Gallon-Sandstrahlen-Pot\r\n\t<\/div><div class='wp-caption-text gallery-zoom no-text'>\r\n\t\t<a href=https:\/\/heimwerker23.de\/?attachment_id=13640 title='Click to view Full Image' class='icon mustang-gallery'><i class='fa fa-plus'><\/i><\/a>\r\n\t\t<\/div><div class='wp-caption-text gallery-redirect'>\r\n\t\t<a href=https:\/\/heimwerker23.de\/?attachment_id=13640 title='Click to view read more' class='icon readmore'><i class='fa fa-link'><\/i><\/a>\r\n\t\t<\/div><\/div><\/dd><\/dl><dl class='gallery-item'>\r\n\t<dt class='gallery-icon landscape'>\r\n\t<a rel='gallery-nr'><img loading=\"lazy\" decoding=\"async\" width=\"500\" height=\"500\" src=\"https:\/\/heimwerker23.de\/wp-content\/uploads\/https:\/\/images-na.ssl-images-amazon.com\/images\/I\/41uOMYqZh8L.jpg\" class=\"attachment-full size-full\" alt=\"\" srcset=\"https:\/\/heimwerker23.de\/wp-content\/uploads\/https:\/\/images-na.ssl-images-amazon.com\/images\/I\/41uOMYqZh8L.jpg 500w, https:\/\/heimwerker23.de\/wp-content\/uploads\/https:\/\/images-na.ssl-images-amazon.com\/images\/I\/41uOMYqZh8L._SS150_.jpg 150w, https:\/\/heimwerker23.de\/wp-content\/uploads\/https:\/\/images-na.ssl-images-amazon.com\/images\/I\/41uOMYqZh8L._SS300_.jpg 300w, https:\/\/heimwerker23.de\/wp-content\/uploads\/https:\/\/images-na.ssl-images-amazon.com\/images\/I\/41uOMYqZh8L._SS768_.jpg 768w, https:\/\/heimwerker23.de\/wp-content\/uploads\/https:\/\/images-na.ssl-images-amazon.com\/images\/I\/41uOMYqZh8L._SS1024_.jpg 1024w, https:\/\/heimwerker23.de\/wp-content\/uploads\/https:\/\/images-na.ssl-images-amazon.com\/images\/I\/41uOMYqZh8L._SS1536_.jpg 1536w, https:\/\/heimwerker23.de\/wp-content\/uploads\/https:\/\/images-na.ssl-images-amazon.com\/images\/I\/41uOMYqZh8L._SS2048_.jpg 2048w, https:\/\/heimwerker23.de\/wp-content\/uploads\/https:\/\/images-na.ssl-images-amazon.com\/images\/I\/41uOMYqZh8L._SS145_.jpg 145w, https:\/\/heimwerker23.de\/wp-content\/uploads\/https:\/\/images-na.ssl-images-amazon.com\/images\/I\/41uOMYqZh8L._SS1400_.jpg 1400w, https:\/\/heimwerker23.de\/wp-content\/uploads\/https:\/\/images-na.ssl-images-amazon.com\/images\/I\/41uOMYqZh8L._SS50_.jpg 50w, https:\/\/heimwerker23.de\/wp-content\/uploads\/https:\/\/images-na.ssl-images-amazon.com\/images\/I\/41uOMYqZh8L._SS604_.jpg 604w, https:\/\/heimwerker23.de\/wp-content\/uploads\/https:\/\/images-na.ssl-images-amazon.com\/images\/I\/41uOMYqZh8L._SS262_.jpg 262w, https:\/\/heimwerker23.de\/wp-content\/uploads\/https:\/\/images-na.ssl-images-amazon.com\/images\/I\/41uOMYqZh8L._SS600_.jpg 600w, https:\/\/heimwerker23.de\/wp-content\/uploads\/https:\/\/images-na.ssl-images-amazon.com\/images\/I\/41uOMYqZh8L._SS100_.jpg 100w\" sizes=\"auto, (max-width: 500px) 100vw, 500px\" \/><\/a>\r\n\t<\/dt>\r\n\t<dd class='wp-caption-text gallery-caption'>\r\n\t<div class='gallery-caption-inner'> <div class='wp-caption-text gallery-title'>\r\n\tMophorn-Druckluft-Sandstahler-40L-Mobiles-Sandstrahlgert-10-Gallon-Sandstrahlen-Pot\r\n\t<\/div><div class='wp-caption-text gallery-zoom no-text'>\r\n\t\t<a href=https:\/\/heimwerker23.de\/?attachment_id=13641 title='Click to view Full Image' class='icon mustang-gallery'><i class='fa fa-plus'><\/i><\/a>\r\n\t\t<\/div><div class='wp-caption-text gallery-redirect'>\r\n\t\t<a href=https:\/\/heimwerker23.de\/?attachment_id=13641 title='Click to view read more' class='icon readmore'><i class='fa fa-link'><\/i><\/a>\r\n\t\t<\/div><\/div><\/dd><\/dl><dl class='gallery-item'>\r\n\t<dt class='gallery-icon landscape'>\r\n\t<a rel='gallery-nr'><img loading=\"lazy\" decoding=\"async\" width=\"500\" height=\"500\" src=\"https:\/\/heimwerker23.de\/wp-content\/uploads\/https:\/\/images-na.ssl-images-amazon.com\/images\/I\/41vwVS1OT8L.jpg\" class=\"attachment-full size-full\" alt=\"\" srcset=\"https:\/\/heimwerker23.de\/wp-content\/uploads\/https:\/\/images-na.ssl-images-amazon.com\/images\/I\/41vwVS1OT8L.jpg 500w, https:\/\/heimwerker23.de\/wp-content\/uploads\/https:\/\/images-na.ssl-images-amazon.com\/images\/I\/41vwVS1OT8L._SS150_.jpg 150w, https:\/\/heimwerker23.de\/wp-content\/uploads\/https:\/\/images-na.ssl-images-amazon.com\/images\/I\/41vwVS1OT8L._SS300_.jpg 300w, https:\/\/heimwerker23.de\/wp-content\/uploads\/https:\/\/images-na.ssl-images-amazon.com\/images\/I\/41vwVS1OT8L._SS768_.jpg 768w, https:\/\/heimwerker23.de\/wp-content\/uploads\/https:\/\/images-na.ssl-images-amazon.com\/images\/I\/41vwVS1OT8L._SS1024_.jpg 1024w, https:\/\/heimwerker23.de\/wp-content\/uploads\/https:\/\/images-na.ssl-images-amazon.com\/images\/I\/41vwVS1OT8L._SS1536_.jpg 1536w, https:\/\/heimwerker23.de\/wp-content\/uploads\/https:\/\/images-na.ssl-images-amazon.com\/images\/I\/41vwVS1OT8L._SS2048_.jpg 2048w, https:\/\/heimwerker23.de\/wp-content\/uploads\/https:\/\/images-na.ssl-images-amazon.com\/images\/I\/41vwVS1OT8L._SS145_.jpg 145w, https:\/\/heimwerker23.de\/wp-content\/uploads\/https:\/\/images-na.ssl-images-amazon.com\/images\/I\/41vwVS1OT8L._SS1400_.jpg 1400w, https:\/\/heimwerker23.de\/wp-content\/uploads\/https:\/\/images-na.ssl-images-amazon.com\/images\/I\/41vwVS1OT8L._SS50_.jpg 50w, https:\/\/heimwerker23.de\/wp-content\/uploads\/https:\/\/images-na.ssl-images-amazon.com\/images\/I\/41vwVS1OT8L._SS604_.jpg 604w, https:\/\/heimwerker23.de\/wp-content\/uploads\/https:\/\/images-na.ssl-images-amazon.com\/images\/I\/41vwVS1OT8L._SS262_.jpg 262w, https:\/\/heimwerker23.de\/wp-content\/uploads\/https:\/\/images-na.ssl-images-amazon.com\/images\/I\/41vwVS1OT8L._SS600_.jpg 600w, https:\/\/heimwerker23.de\/wp-content\/uploads\/https:\/\/images-na.ssl-images-amazon.com\/images\/I\/41vwVS1OT8L._SS100_.jpg 100w\" sizes=\"auto, (max-width: 500px) 100vw, 500px\" \/><\/a>\r\n\t<\/dt>\r\n\t<dd class='wp-caption-text gallery-caption'>\r\n\t<div class='gallery-caption-inner'> <div class='wp-caption-text gallery-title'>\r\n\tMophorn-Druckluft-Sandstahler-40L-Mobiles-Sandstrahlgert-10-Gallon-Sandstrahlen-Pot\r\n\t<\/div><div class='wp-caption-text gallery-zoom no-text'>\r\n\t\t<a href=https:\/\/heimwerker23.de\/?attachment_id=13642 title='Click to view Full Image' class='icon mustang-gallery'><i class='fa fa-plus'><\/i><\/a>\r\n\t\t<\/div><div class='wp-caption-text gallery-redirect'>\r\n\t\t<a href=https:\/\/heimwerker23.de\/?attachment_id=13642 title='Click to view read more' class='icon readmore'><i class='fa fa-link'><\/i><\/a>\r\n\t\t<\/div><\/div><\/dd><\/dl><dl class='gallery-item'>\r\n\t<dt class='gallery-icon landscape'>\r\n\t<a rel='gallery-nr'><img loading=\"lazy\" decoding=\"async\" width=\"500\" height=\"500\" src=\"https:\/\/heimwerker23.de\/wp-content\/uploads\/https:\/\/images-na.ssl-images-amazon.com\/images\/I\/41phEyucFIL.jpg\" class=\"attachment-full size-full\" alt=\"\" srcset=\"https:\/\/heimwerker23.de\/wp-content\/uploads\/https:\/\/images-na.ssl-images-amazon.com\/images\/I\/41phEyucFIL.jpg 500w, https:\/\/heimwerker23.de\/wp-content\/uploads\/https:\/\/images-na.ssl-images-amazon.com\/images\/I\/41phEyucFIL._SS150_.jpg 150w, https:\/\/heimwerker23.de\/wp-content\/uploads\/https:\/\/images-na.ssl-images-amazon.com\/images\/I\/41phEyucFIL._SS300_.jpg 300w, https:\/\/heimwerker23.de\/wp-content\/uploads\/https:\/\/images-na.ssl-images-amazon.com\/images\/I\/41phEyucFIL._SS768_.jpg 768w, https:\/\/heimwerker23.de\/wp-content\/uploads\/https:\/\/images-na.ssl-images-amazon.com\/images\/I\/41phEyucFIL._SS1024_.jpg 1024w, https:\/\/heimwerker23.de\/wp-content\/uploads\/https:\/\/images-na.ssl-images-amazon.com\/images\/I\/41phEyucFIL._SS1536_.jpg 1536w, https:\/\/heimwerker23.de\/wp-content\/uploads\/https:\/\/images-na.ssl-images-amazon.com\/images\/I\/41phEyucFIL._SS2048_.jpg 2048w, https:\/\/heimwerker23.de\/wp-content\/uploads\/https:\/\/images-na.ssl-images-amazon.com\/images\/I\/41phEyucFIL._SS145_.jpg 145w, https:\/\/heimwerker23.de\/wp-content\/uploads\/https:\/\/images-na.ssl-images-amazon.com\/images\/I\/41phEyucFIL._SS1400_.jpg 1400w, https:\/\/heimwerker23.de\/wp-content\/uploads\/https:\/\/images-na.ssl-images-amazon.com\/images\/I\/41phEyucFIL._SS50_.jpg 50w, https:\/\/heimwerker23.de\/wp-content\/uploads\/https:\/\/images-na.ssl-images-amazon.com\/images\/I\/41phEyucFIL._SS604_.jpg 604w, https:\/\/heimwerker23.de\/wp-content\/uploads\/https:\/\/images-na.ssl-images-amazon.com\/images\/I\/41phEyucFIL._SS262_.jpg 262w, https:\/\/heimwerker23.de\/wp-content\/uploads\/https:\/\/images-na.ssl-images-amazon.com\/images\/I\/41phEyucFIL._SS600_.jpg 600w, https:\/\/heimwerker23.de\/wp-content\/uploads\/https:\/\/images-na.ssl-images-amazon.com\/images\/I\/41phEyucFIL._SS100_.jpg 100w\" sizes=\"auto, (max-width: 500px) 100vw, 500px\" \/><\/a>\r\n\t<\/dt>\r\n\t<dd class='wp-caption-text gallery-caption'>\r\n\t<div class='gallery-caption-inner'> <div class='wp-caption-text gallery-title'>\r\n\tMophorn-Druckluft-Sandstahler-40L-Mobiles-Sandstrahlgert-10-Gallon-Sandstrahlen-Pot\r\n\t<\/div><div class='wp-caption-text gallery-zoom no-text'>\r\n\t\t<a href=https:\/\/heimwerker23.de\/?attachment_id=13643 title='Click to view Full Image' class='icon mustang-gallery'><i class='fa fa-plus'><\/i><\/a>\r\n\t\t<\/div><div class='wp-caption-text gallery-redirect'>\r\n\t\t<a href=https:\/\/heimwerker23.de\/?attachment_id=13643 title='Click to view read more' class='icon readmore'><i class='fa fa-link'><\/i><\/a>\r\n\t\t<\/div><\/div><\/dd><\/dl><dl class='gallery-item'>\r\n\t<dt class='gallery-icon landscape'>\r\n\t<a rel='gallery-nr'><img loading=\"lazy\" decoding=\"async\" width=\"500\" height=\"500\" src=\"https:\/\/heimwerker23.de\/wp-content\/uploads\/https:\/\/images-na.ssl-images-amazon.com\/images\/I\/41bjw4cHfZL.jpg\" class=\"attachment-full size-full\" alt=\"\" srcset=\"https:\/\/heimwerker23.de\/wp-content\/uploads\/https:\/\/images-na.ssl-images-amazon.com\/images\/I\/41bjw4cHfZL.jpg 500w, https:\/\/heimwerker23.de\/wp-content\/uploads\/https:\/\/images-na.ssl-images-amazon.com\/images\/I\/41bjw4cHfZL._SS150_.jpg 150w, https:\/\/heimwerker23.de\/wp-content\/uploads\/https:\/\/images-na.ssl-images-amazon.com\/images\/I\/41bjw4cHfZL._SS300_.jpg 300w, https:\/\/heimwerker23.de\/wp-content\/uploads\/https:\/\/images-na.ssl-images-amazon.com\/images\/I\/41bjw4cHfZL._SS768_.jpg 768w, https:\/\/heimwerker23.de\/wp-content\/uploads\/https:\/\/images-na.ssl-images-amazon.com\/images\/I\/41bjw4cHfZL._SS1024_.jpg 1024w, https:\/\/heimwerker23.de\/wp-content\/uploads\/https:\/\/images-na.ssl-images-amazon.com\/images\/I\/41bjw4cHfZL._SS1536_.jpg 1536w, https:\/\/heimwerker23.de\/wp-content\/uploads\/https:\/\/images-na.ssl-images-amazon.com\/images\/I\/41bjw4cHfZL._SS2048_.jpg 2048w, https:\/\/heimwerker23.de\/wp-content\/uploads\/https:\/\/images-na.ssl-images-amazon.com\/images\/I\/41bjw4cHfZL._SS145_.jpg 145w, https:\/\/heimwerker23.de\/wp-content\/uploads\/https:\/\/images-na.ssl-images-amazon.com\/images\/I\/41bjw4cHfZL._SS1400_.jpg 1400w, https:\/\/heimwerker23.de\/wp-content\/uploads\/https:\/\/images-na.ssl-images-amazon.com\/images\/I\/41bjw4cHfZL._SS50_.jpg 50w, https:\/\/heimwerker23.de\/wp-content\/uploads\/https:\/\/images-na.ssl-images-amazon.com\/images\/I\/41bjw4cHfZL._SS604_.jpg 604w, https:\/\/heimwerker23.de\/wp-content\/uploads\/https:\/\/images-na.ssl-images-amazon.com\/images\/I\/41bjw4cHfZL._SS262_.jpg 262w, https:\/\/heimwerker23.de\/wp-content\/uploads\/https:\/\/images-na.ssl-images-amazon.com\/images\/I\/41bjw4cHfZL._SS600_.jpg 600w, https:\/\/heimwerker23.de\/wp-content\/uploads\/https:\/\/images-na.ssl-images-amazon.com\/images\/I\/41bjw4cHfZL._SS100_.jpg 100w\" sizes=\"auto, (max-width: 500px) 100vw, 500px\" \/><\/a>\r\n\t<\/dt>\r\n\t<dd class='wp-caption-text gallery-caption'>\r\n\t<div class='gallery-caption-inner'> <div class='wp-caption-text gallery-title'>\r\n\tMophorn-Druckluft-Sandstahler-40L-Mobiles-Sandstrahlgert-10-Gallon-Sandstrahlen-Pot\r\n\t<\/div><div class='wp-caption-text gallery-zoom no-text'>\r\n\t\t<a href=https:\/\/heimwerker23.de\/?attachment_id=13644 title='Click to view Full Image' class='icon mustang-gallery'><i class='fa fa-plus'><\/i><\/a>\r\n\t\t<\/div><div class='wp-caption-text gallery-redirect'>\r\n\t\t<a href=https:\/\/heimwerker23.de\/?attachment_id=13644 title='Click to view read more' class='icon readmore'><i class='fa fa-link'><\/i><\/a>\r\n\t\t<\/div><\/div><\/dd><\/dl><dl class='gallery-item'>\r\n\t<dt class='gallery-icon landscape'>\r\n\t<a rel='gallery-nr'><img loading=\"lazy\" decoding=\"async\" width=\"500\" height=\"500\" src=\"https:\/\/heimwerker23.de\/wp-content\/uploads\/https:\/\/images-na.ssl-images-amazon.com\/images\/I\/51C2ne8c99L.jpg\" class=\"attachment-full size-full\" alt=\"\" srcset=\"https:\/\/heimwerker23.de\/wp-content\/uploads\/https:\/\/images-na.ssl-images-amazon.com\/images\/I\/51C2ne8c99L.jpg 500w, https:\/\/heimwerker23.de\/wp-content\/uploads\/https:\/\/images-na.ssl-images-amazon.com\/images\/I\/51C2ne8c99L._SS150_.jpg 150w, https:\/\/heimwerker23.de\/wp-content\/uploads\/https:\/\/images-na.ssl-images-amazon.com\/images\/I\/51C2ne8c99L._SS300_.jpg 300w, https:\/\/heimwerker23.de\/wp-content\/uploads\/https:\/\/images-na.ssl-images-amazon.com\/images\/I\/51C2ne8c99L._SS768_.jpg 768w, https:\/\/heimwerker23.de\/wp-content\/uploads\/https:\/\/images-na.ssl-images-amazon.com\/images\/I\/51C2ne8c99L._SS1024_.jpg 1024w, https:\/\/heimwerker23.de\/wp-content\/uploads\/https:\/\/images-na.ssl-images-amazon.com\/images\/I\/51C2ne8c99L._SS1536_.jpg 1536w, https:\/\/heimwerker23.de\/wp-content\/uploads\/https:\/\/images-na.ssl-images-amazon.com\/images\/I\/51C2ne8c99L._SS2048_.jpg 2048w, https:\/\/heimwerker23.de\/wp-content\/uploads\/https:\/\/images-na.ssl-images-amazon.com\/images\/I\/51C2ne8c99L._SS145_.jpg 145w, https:\/\/heimwerker23.de\/wp-content\/uploads\/https:\/\/images-na.ssl-images-amazon.com\/images\/I\/51C2ne8c99L._SS1400_.jpg 1400w, https:\/\/heimwerker23.de\/wp-content\/uploads\/https:\/\/images-na.ssl-images-amazon.com\/images\/I\/51C2ne8c99L._SS50_.jpg 50w, https:\/\/heimwerker23.de\/wp-content\/uploads\/https:\/\/images-na.ssl-images-amazon.com\/images\/I\/51C2ne8c99L._SS604_.jpg 604w, https:\/\/heimwerker23.de\/wp-content\/uploads\/https:\/\/images-na.ssl-images-amazon.com\/images\/I\/51C2ne8c99L._SS262_.jpg 262w, https:\/\/heimwerker23.de\/wp-content\/uploads\/https:\/\/images-na.ssl-images-amazon.com\/images\/I\/51C2ne8c99L._SS600_.jpg 600w, https:\/\/heimwerker23.de\/wp-content\/uploads\/https:\/\/images-na.ssl-images-amazon.com\/images\/I\/51C2ne8c99L._SS100_.jpg 100w\" sizes=\"auto, (max-width: 500px) 100vw, 500px\" \/><\/a>\r\n\t<\/dt>\r\n\t<dd class='wp-caption-text gallery-caption'>\r\n\t<div class='gallery-caption-inner'> <div class='wp-caption-text gallery-title'>\r\n\tMophorn-Druckluft-Sandstahler-40L-Mobiles-Sandstrahlgert-10-Gallon-Sandstrahlen-Pot\r\n\t<\/div><div class='wp-caption-text gallery-zoom no-text'>\r\n\t\t<a href=https:\/\/heimwerker23.de\/?attachment_id=13645 title='Click to view Full Image' class='icon mustang-gallery'><i class='fa fa-plus'><\/i><\/a>\r\n\t\t<\/div><div class='wp-caption-text gallery-redirect'>\r\n\t\t<a href=https:\/\/heimwerker23.de\/?attachment_id=13645 title='Click to view read more' class='icon readmore'><i class='fa fa-link'><\/i><\/a>\r\n\t\t<\/div><\/div><\/dd><\/dl><dl class='gallery-item'>\r\n\t<dt class='gallery-icon landscape'>\r\n\t<a rel='gallery-nr'><img loading=\"lazy\" decoding=\"async\" width=\"500\" height=\"500\" src=\"https:\/\/heimwerker23.de\/wp-content\/uploads\/https:\/\/images-na.ssl-images-amazon.com\/images\/I\/41PZ6mTgONL.jpg\" class=\"attachment-full size-full\" alt=\"\" srcset=\"https:\/\/heimwerker23.de\/wp-content\/uploads\/https:\/\/images-na.ssl-images-amazon.com\/images\/I\/41PZ6mTgONL.jpg 500w, https:\/\/heimwerker23.de\/wp-content\/uploads\/https:\/\/images-na.ssl-images-amazon.com\/images\/I\/41PZ6mTgONL._SS150_.jpg 150w, https:\/\/heimwerker23.de\/wp-content\/uploads\/https:\/\/images-na.ssl-images-amazon.com\/images\/I\/41PZ6mTgONL._SS300_.jpg 300w, https:\/\/heimwerker23.de\/wp-content\/uploads\/https:\/\/images-na.ssl-images-amazon.com\/images\/I\/41PZ6mTgONL._SS768_.jpg 768w, https:\/\/heimwerker23.de\/wp-content\/uploads\/https:\/\/images-na.ssl-images-amazon.com\/images\/I\/41PZ6mTgONL._SS1024_.jpg 1024w, https:\/\/heimwerker23.de\/wp-content\/uploads\/https:\/\/images-na.ssl-images-amazon.com\/images\/I\/41PZ6mTgONL._SS1536_.jpg 1536w, https:\/\/heimwerker23.de\/wp-content\/uploads\/https:\/\/images-na.ssl-images-amazon.com\/images\/I\/41PZ6mTgONL._SS2048_.jpg 2048w, https:\/\/heimwerker23.de\/wp-content\/uploads\/https:\/\/images-na.ssl-images-amazon.com\/images\/I\/41PZ6mTgONL._SS145_.jpg 145w, https:\/\/heimwerker23.de\/wp-content\/uploads\/https:\/\/images-na.ssl-images-amazon.com\/images\/I\/41PZ6mTgONL._SS1400_.jpg 1400w, https:\/\/heimwerker23.de\/wp-content\/uploads\/https:\/\/images-na.ssl-images-amazon.com\/images\/I\/41PZ6mTgONL._SS50_.jpg 50w, https:\/\/heimwerker23.de\/wp-content\/uploads\/https:\/\/images-na.ssl-images-amazon.com\/images\/I\/41PZ6mTgONL._SS604_.jpg 604w, https:\/\/heimwerker23.de\/wp-content\/uploads\/https:\/\/images-na.ssl-images-amazon.com\/images\/I\/41PZ6mTgONL._SS262_.jpg 262w, https:\/\/heimwerker23.de\/wp-content\/uploads\/https:\/\/images-na.ssl-images-amazon.com\/images\/I\/41PZ6mTgONL._SS600_.jpg 600w, https:\/\/heimwerker23.de\/wp-content\/uploads\/https:\/\/images-na.ssl-images-amazon.com\/images\/I\/41PZ6mTgONL._SS100_.jpg 100w\" sizes=\"auto, (max-width: 500px) 100vw, 500px\" \/><\/a>\r\n\t<\/dt>\r\n\t<dd class='wp-caption-text gallery-caption'>\r\n\t<div class='gallery-caption-inner'> <div class='wp-caption-text gallery-title'>\r\n\tMophorn-Druckluft-Sandstahler-40L-Mobiles-Sandstrahlgert-10-Gallon-Sandstrahlen-Pot\r\n\t<\/div><div class='wp-caption-text gallery-zoom no-text'>\r\n\t\t<a href=https:\/\/heimwerker23.de\/?attachment_id=13646 title='Click to view Full Image' class='icon mustang-gallery'><i class='fa fa-plus'><\/i><\/a>\r\n\t\t<\/div><div class='wp-caption-text gallery-redirect'>\r\n\t\t<a href=https:\/\/heimwerker23.de\/?attachment_id=13646 title='Click to view read more' class='icon readmore'><i class='fa fa-link'><\/i><\/a>\r\n\t\t<\/div><\/div><\/dd><\/dl>\r\n<\/div>\n<br \/>\n<!-- show up to 2 reviews by default -->                                                      <\/p>\n<p><b>Spezifikationen<\/b><\/p>\n<p>Material: Stahl<\/p>\n<p>Fassungsverm\u00f6gen: 40 Liter<\/p>\n<p>Arbeitsdruck: 60-110PSI @ 6-25CFM<\/p>\n<p>Mindestkraft des Kompressors: 2 PS<\/p>\n<p>Abmessungen des Wasserkochers (\u00d8 x H): 305 x 508 mm<\/p>\n<p>L\u00e4nge der R\u00f6hre: 3m<\/p>\n<p>R\u00e4der: \u00d8 6 &#8220; Gummir\u00e4der (152,4 mm) x 2<\/p>\n<p>4 Keramikd\u00fcsen: 3\/32 &#8222;, 7\/64&#8220;, 1\/8 &#8222;und 9\/64&#8220; (2,4 mm, 2,7 mm, 3,2 mm, 3,6 mm)<\/p>\n<p>Gesamtabmessungen (B x T x H): 851 x 476 x 330 mm<\/p>\n<p>Nettogewicht: 18 kg<\/p>\n<p>Feuchtigkeitsabscheider (j \/ n): Ja<\/p>\n<p>Schalten Sie das Ventil aus: Ja<\/p>\n<p>Empfohlene Tr\u00e4ger: Kiesels\u00e4ure, Siliziumkarbid, Aluminiumoxid<\/p>\n<p><b>Paket Inhalt<\/b><\/p>\n<p>Sandstrahler<\/p>\n<p>4 D\u00fcsen (\u00d8 1-4 mm)<\/p>\n<p>1 Schlauch 2,5 m<\/p>\n<p>Filter Luftentfeuchter<\/p>\n<p>1 Teflonabdichtband<\/p>\n<p>1 Manometer 0-10 bar<\/p>\n<p>1 Sicherheitsventil<\/p>\n<p>1 Schutzmaske<\/p>\n<p>Kompressor NICHT enthalten<\/p>\n<\/p>\n<p>Kapazit\u00e4t: 40L; Arbeitsdruck: 60-110 PSI @ 6-25CFM; Wasserkochergr\u00f6\u00dfe: 305 x 508mm; Schlauchl\u00e4nge: 3m<br \/>\nBietet mehr Schleifleistung, wenn Sie wirklich effiziente Leistung ben\u00f6tigen<br \/>\nDruckbeaufschlagte Konstruktion 30% mehr Leistung als Siphon-Schleifeinheiten<br \/>\nAusgestattet mit einer leistungsstarken Keramikd\u00fcse, Ventil, Wasserabscheider, Manometer und Regler<br \/>\nIdeal zum Bearbeiten von K\u00f6rpern (Fahrzeugrahmen, Holme, Motorradrahmen, Landmaschinen, etc&#8230;)<br \/>\n[amz_corss_sell asin=&#8220;B081DS6VYF&#8220;]<\/p>\n","protected":false},"excerpt":{"rendered":"<p>Kapazit\u00e4t: 40L; Arbeitsdruck: 60-110 PSI @ 6-25CFM; Wasserkochergr\u00f6\u00dfe: 305 x 508mm; Schlauchl\u00e4nge: 3m<br \/>\nBietet mehr Schleifleistung, wenn Sie wirklich effiziente Leistung ben\u00f6tigen<br \/>\nDruckbeaufschlagte Konstruktion 30% mehr Leistung als Siphon-Schleifeinheiten<\/p>\n","protected":false},"featured_media":13640,"comment_status":"open","ping_status":"closed","template":"","meta":[],"product_cat":[110,116],"product_tag":[],"class_list":{"0":"post-13639","1":"product","2":"type-product","3":"status-publish","4":"has-post-thumbnail","6":"product_cat-reinigen-und-sandstrahlen","7":"product_cat-sandstrahler","8":"pa_brand-mophorn","11":"first","12":"instock","13":"shipping-taxable","14":"product-type-external"},"_links":{"self":[{"href":"https:\/\/heimwerker23.de\/index.php?rest_route=\/wp\/v2\/product\/13639","targetHints":{"allow":["GET"]}}],"collection":[{"href":"https:\/\/heimwerker23.de\/index.php?rest_route=\/wp\/v2\/product"}],"about":[{"href":"https:\/\/heimwerker23.de\/index.php?rest_route=\/wp\/v2\/types\/product"}],"replies":[{"embeddable":true,"href":"https:\/\/heimwerker23.de\/index.php?rest_route=%2Fwp%2Fv2%2Fcomments&post=13639"}],"wp:featuredmedia":[{"embeddable":true,"href":"https:\/\/heimwerker23.de\/index.php?rest_route=\/wp\/v2\/media\/13640"}],"wp:attachment":[{"href":"https:\/\/heimwerker23.de\/index.php?rest_route=%2Fwp%2Fv2%2Fmedia&parent=13639"}],"wp:term":[{"taxonomy":"product_cat","embeddable":true,"href":"https:\/\/heimwerker23.de\/index.php?rest_route=%2Fwp%2Fv2%2Fproduct_cat&post=13639"},{"taxonomy":"product_tag","embeddable":true,"href":"https:\/\/heimwerker23.de\/index.php?rest_route=%2Fwp%2Fv2%2Fproduct_tag&post=13639"}],"curies":[{"name":"wp","href":"https:\/\/api.w.org\/{rel}","templated":true}]}}