{"id":13990,"date":"2020-03-07T23:42:58","date_gmt":"2020-03-07T22:42:58","guid":{"rendered":"https:\/\/heimwerker23.de\/?product=stamos-germany-s-migma-250-igbt-kombi-schweissgeraet-250-a-230-v-mig-mag-mma-fcaw-wig-hot-start-kombi-schweissgeraet-schweisser-schweissgeraet-schweissdraht-schweissloeten"},"modified":"2025-05-21T21:26:04","modified_gmt":"2025-05-21T19:26:04","slug":"stamos-germany-s-migma-250-igbt-kombi-schweissgeraet-250-a-230-v-mig-mag-mma-fcaw-wig-hot-start-kombi-schweissgeraet-schweisser-schweissgeraet-schweissdraht-schweissloeten","status":"publish","type":"product","link":"https:\/\/heimwerker23.de\/?product=stamos-germany-s-migma-250-igbt-kombi-schweissgeraet-250-a-230-v-mig-mag-mma-fcaw-wig-hot-start-kombi-schweissgeraet-schweisser-schweissgeraet-schweissdraht-schweissloeten","title":{"rendered":"Stamos Germany S-MIGMA 250.IGBT Kombi-Schwei\u00dfger\u00e4t 250 A 230 V MIG MAG MMA FCAW WIG Hot Start Kombi Schwei\u00dfger\u00e4t\u2026"},"content":{"rendered":"<div id='gallery-1' class='gallery galleryid-13990 gallery-columns-3 gallery-size-full'><dl class='gallery-item'>\r\n\t<dt class='gallery-icon landscape'>\r\n\t<a rel='gallery-nr'><img loading=\"lazy\" decoding=\"async\" width=\"500\" height=\"500\" src=\"https:\/\/heimwerker23.de\/wp-content\/uploads\/https:\/\/images-na.ssl-images-amazon.com\/images\/I\/41Vtgool4SL.jpg\" class=\"attachment-full size-full\" alt=\"\" srcset=\"https:\/\/heimwerker23.de\/wp-content\/uploads\/https:\/\/images-na.ssl-images-amazon.com\/images\/I\/41Vtgool4SL.jpg 500w, https:\/\/heimwerker23.de\/wp-content\/uploads\/https:\/\/images-na.ssl-images-amazon.com\/images\/I\/41Vtgool4SL._SS150_.jpg 150w, https:\/\/heimwerker23.de\/wp-content\/uploads\/https:\/\/images-na.ssl-images-amazon.com\/images\/I\/41Vtgool4SL._SS300_.jpg 300w, https:\/\/heimwerker23.de\/wp-content\/uploads\/https:\/\/images-na.ssl-images-amazon.com\/images\/I\/41Vtgool4SL._SS768_.jpg 768w, https:\/\/heimwerker23.de\/wp-content\/uploads\/https:\/\/images-na.ssl-images-amazon.com\/images\/I\/41Vtgool4SL._SS1024_.jpg 1024w, https:\/\/heimwerker23.de\/wp-content\/uploads\/https:\/\/images-na.ssl-images-amazon.com\/images\/I\/41Vtgool4SL._SS1536_.jpg 1536w, https:\/\/heimwerker23.de\/wp-content\/uploads\/https:\/\/images-na.ssl-images-amazon.com\/images\/I\/41Vtgool4SL._SS2048_.jpg 2048w, https:\/\/heimwerker23.de\/wp-content\/uploads\/https:\/\/images-na.ssl-images-amazon.com\/images\/I\/41Vtgool4SL._SS145_.jpg 145w, https:\/\/heimwerker23.de\/wp-content\/uploads\/https:\/\/images-na.ssl-images-amazon.com\/images\/I\/41Vtgool4SL._SS1400_.jpg 1400w, https:\/\/heimwerker23.de\/wp-content\/uploads\/https:\/\/images-na.ssl-images-amazon.com\/images\/I\/41Vtgool4SL._SS50_.jpg 50w, https:\/\/heimwerker23.de\/wp-content\/uploads\/https:\/\/images-na.ssl-images-amazon.com\/images\/I\/41Vtgool4SL._SS604_.jpg 604w, https:\/\/heimwerker23.de\/wp-content\/uploads\/https:\/\/images-na.ssl-images-amazon.com\/images\/I\/41Vtgool4SL._SS262_.jpg 262w, https:\/\/heimwerker23.de\/wp-content\/uploads\/https:\/\/images-na.ssl-images-amazon.com\/images\/I\/41Vtgool4SL._SS600_.jpg 600w, https:\/\/heimwerker23.de\/wp-content\/uploads\/https:\/\/images-na.ssl-images-amazon.com\/images\/I\/41Vtgool4SL._SS100_.jpg 100w\" sizes=\"auto, (max-width: 500px) 100vw, 500px\" \/><\/a>\r\n\t<\/dt>\r\n\t<dd class='wp-caption-text gallery-caption'>\r\n\t<div class='gallery-caption-inner'> <div class='wp-caption-text gallery-title'>\r\n\tStamos-Germany-S-MIGMA-250IGBT-Kombi-Schweigert-250-A-230-V-MIG-MAG-MMA-FCAW-WIG-Hot-Start-Kombi-Schweigert-Schweier-Schweissgert-Schweidraht-Schweilten\r\n\t<\/div><div class='wp-caption-text gallery-zoom no-text'>\r\n\t\t<a href=https:\/\/heimwerker23.de\/?attachment_id=13991 title='Click to view Full Image' class='icon mustang-gallery'><i class='fa fa-plus'><\/i><\/a>\r\n\t\t<\/div><div class='wp-caption-text gallery-redirect'>\r\n\t\t<a href=https:\/\/heimwerker23.de\/?attachment_id=13991 title='Click to view read more' class='icon readmore'><i class='fa fa-link'><\/i><\/a>\r\n\t\t<\/div><\/div><\/dd><\/dl><dl class='gallery-item'>\r\n\t<dt class='gallery-icon landscape'>\r\n\t<a rel='gallery-nr'><img loading=\"lazy\" decoding=\"async\" width=\"500\" height=\"500\" src=\"https:\/\/heimwerker23.de\/wp-content\/uploads\/https:\/\/images-na.ssl-images-amazon.com\/images\/I\/41LcClsPjeL.jpg\" class=\"attachment-full size-full\" alt=\"\" srcset=\"https:\/\/heimwerker23.de\/wp-content\/uploads\/https:\/\/images-na.ssl-images-amazon.com\/images\/I\/41LcClsPjeL.jpg 500w, https:\/\/heimwerker23.de\/wp-content\/uploads\/https:\/\/images-na.ssl-images-amazon.com\/images\/I\/41LcClsPjeL._SS150_.jpg 150w, https:\/\/heimwerker23.de\/wp-content\/uploads\/https:\/\/images-na.ssl-images-amazon.com\/images\/I\/41LcClsPjeL._SS300_.jpg 300w, https:\/\/heimwerker23.de\/wp-content\/uploads\/https:\/\/images-na.ssl-images-amazon.com\/images\/I\/41LcClsPjeL._SS768_.jpg 768w, https:\/\/heimwerker23.de\/wp-content\/uploads\/https:\/\/images-na.ssl-images-amazon.com\/images\/I\/41LcClsPjeL._SS1024_.jpg 1024w, https:\/\/heimwerker23.de\/wp-content\/uploads\/https:\/\/images-na.ssl-images-amazon.com\/images\/I\/41LcClsPjeL._SS1536_.jpg 1536w, https:\/\/heimwerker23.de\/wp-content\/uploads\/https:\/\/images-na.ssl-images-amazon.com\/images\/I\/41LcClsPjeL._SS2048_.jpg 2048w, https:\/\/heimwerker23.de\/wp-content\/uploads\/https:\/\/images-na.ssl-images-amazon.com\/images\/I\/41LcClsPjeL._SS145_.jpg 145w, https:\/\/heimwerker23.de\/wp-content\/uploads\/https:\/\/images-na.ssl-images-amazon.com\/images\/I\/41LcClsPjeL._SS1400_.jpg 1400w, https:\/\/heimwerker23.de\/wp-content\/uploads\/https:\/\/images-na.ssl-images-amazon.com\/images\/I\/41LcClsPjeL._SS50_.jpg 50w, https:\/\/heimwerker23.de\/wp-content\/uploads\/https:\/\/images-na.ssl-images-amazon.com\/images\/I\/41LcClsPjeL._SS604_.jpg 604w, https:\/\/heimwerker23.de\/wp-content\/uploads\/https:\/\/images-na.ssl-images-amazon.com\/images\/I\/41LcClsPjeL._SS262_.jpg 262w, https:\/\/heimwerker23.de\/wp-content\/uploads\/https:\/\/images-na.ssl-images-amazon.com\/images\/I\/41LcClsPjeL._SS600_.jpg 600w, https:\/\/heimwerker23.de\/wp-content\/uploads\/https:\/\/images-na.ssl-images-amazon.com\/images\/I\/41LcClsPjeL._SS100_.jpg 100w\" sizes=\"auto, (max-width: 500px) 100vw, 500px\" \/><\/a>\r\n\t<\/dt>\r\n\t<dd class='wp-caption-text gallery-caption'>\r\n\t<div class='gallery-caption-inner'> <div class='wp-caption-text gallery-title'>\r\n\tStamos-Germany-S-MIGMA-250IGBT-Kombi-Schweigert-250-A-230-V-MIG-MAG-MMA-FCAW-WIG-Hot-Start-Kombi-Schweigert-Schweier-Schweissgert-Schweidraht-Schweilten\r\n\t<\/div><div class='wp-caption-text gallery-zoom no-text'>\r\n\t\t<a href=https:\/\/heimwerker23.de\/?attachment_id=13992 title='Click to view Full Image' class='icon mustang-gallery'><i class='fa fa-plus'><\/i><\/a>\r\n\t\t<\/div><div class='wp-caption-text gallery-redirect'>\r\n\t\t<a href=https:\/\/heimwerker23.de\/?attachment_id=13992 title='Click to view read more' class='icon readmore'><i class='fa fa-link'><\/i><\/a>\r\n\t\t<\/div><\/div><\/dd><\/dl><dl class='gallery-item'>\r\n\t<dt class='gallery-icon landscape'>\r\n\t<a rel='gallery-nr'><img loading=\"lazy\" decoding=\"async\" width=\"500\" height=\"500\" src=\"https:\/\/heimwerker23.de\/wp-content\/uploads\/https:\/\/images-na.ssl-images-amazon.com\/images\/I\/41pnzZ1gMQL.jpg\" class=\"attachment-full size-full\" alt=\"\" srcset=\"https:\/\/heimwerker23.de\/wp-content\/uploads\/https:\/\/images-na.ssl-images-amazon.com\/images\/I\/41pnzZ1gMQL.jpg 500w, https:\/\/heimwerker23.de\/wp-content\/uploads\/https:\/\/images-na.ssl-images-amazon.com\/images\/I\/41pnzZ1gMQL._SS150_.jpg 150w, https:\/\/heimwerker23.de\/wp-content\/uploads\/https:\/\/images-na.ssl-images-amazon.com\/images\/I\/41pnzZ1gMQL._SS300_.jpg 300w, https:\/\/heimwerker23.de\/wp-content\/uploads\/https:\/\/images-na.ssl-images-amazon.com\/images\/I\/41pnzZ1gMQL._SS768_.jpg 768w, https:\/\/heimwerker23.de\/wp-content\/uploads\/https:\/\/images-na.ssl-images-amazon.com\/images\/I\/41pnzZ1gMQL._SS1024_.jpg 1024w, https:\/\/heimwerker23.de\/wp-content\/uploads\/https:\/\/images-na.ssl-images-amazon.com\/images\/I\/41pnzZ1gMQL._SS1536_.jpg 1536w, https:\/\/heimwerker23.de\/wp-content\/uploads\/https:\/\/images-na.ssl-images-amazon.com\/images\/I\/41pnzZ1gMQL._SS2048_.jpg 2048w, https:\/\/heimwerker23.de\/wp-content\/uploads\/https:\/\/images-na.ssl-images-amazon.com\/images\/I\/41pnzZ1gMQL._SS145_.jpg 145w, https:\/\/heimwerker23.de\/wp-content\/uploads\/https:\/\/images-na.ssl-images-amazon.com\/images\/I\/41pnzZ1gMQL._SS1400_.jpg 1400w, https:\/\/heimwerker23.de\/wp-content\/uploads\/https:\/\/images-na.ssl-images-amazon.com\/images\/I\/41pnzZ1gMQL._SS50_.jpg 50w, https:\/\/heimwerker23.de\/wp-content\/uploads\/https:\/\/images-na.ssl-images-amazon.com\/images\/I\/41pnzZ1gMQL._SS604_.jpg 604w, https:\/\/heimwerker23.de\/wp-content\/uploads\/https:\/\/images-na.ssl-images-amazon.com\/images\/I\/41pnzZ1gMQL._SS262_.jpg 262w, https:\/\/heimwerker23.de\/wp-content\/uploads\/https:\/\/images-na.ssl-images-amazon.com\/images\/I\/41pnzZ1gMQL._SS600_.jpg 600w, https:\/\/heimwerker23.de\/wp-content\/uploads\/https:\/\/images-na.ssl-images-amazon.com\/images\/I\/41pnzZ1gMQL._SS100_.jpg 100w\" sizes=\"auto, (max-width: 500px) 100vw, 500px\" \/><\/a>\r\n\t<\/dt>\r\n\t<dd class='wp-caption-text gallery-caption'>\r\n\t<div class='gallery-caption-inner'> <div class='wp-caption-text gallery-title'>\r\n\tStamos-Germany-S-MIGMA-250IGBT-Kombi-Schweigert-250-A-230-V-MIG-MAG-MMA-FCAW-WIG-Hot-Start-Kombi-Schweigert-Schweier-Schweissgert-Schweidraht-Schweilten\r\n\t<\/div><div class='wp-caption-text gallery-zoom no-text'>\r\n\t\t<a href=https:\/\/heimwerker23.de\/?attachment_id=13993 title='Click to view Full Image' class='icon mustang-gallery'><i class='fa fa-plus'><\/i><\/a>\r\n\t\t<\/div><div class='wp-caption-text gallery-redirect'>\r\n\t\t<a href=https:\/\/heimwerker23.de\/?attachment_id=13993 title='Click to view read more' class='icon readmore'><i class='fa fa-link'><\/i><\/a>\r\n\t\t<\/div><\/div><\/dd><\/dl><dl class='gallery-item'>\r\n\t<dt class='gallery-icon landscape'>\r\n\t<a rel='gallery-nr'><img loading=\"lazy\" decoding=\"async\" width=\"500\" height=\"500\" src=\"https:\/\/heimwerker23.de\/wp-content\/uploads\/https:\/\/images-na.ssl-images-amazon.com\/images\/I\/41i7B88yoPL.jpg\" class=\"attachment-full size-full\" alt=\"\" srcset=\"https:\/\/heimwerker23.de\/wp-content\/uploads\/https:\/\/images-na.ssl-images-amazon.com\/images\/I\/41i7B88yoPL.jpg 500w, https:\/\/heimwerker23.de\/wp-content\/uploads\/https:\/\/images-na.ssl-images-amazon.com\/images\/I\/41i7B88yoPL._SS150_.jpg 150w, https:\/\/heimwerker23.de\/wp-content\/uploads\/https:\/\/images-na.ssl-images-amazon.com\/images\/I\/41i7B88yoPL._SS300_.jpg 300w, https:\/\/heimwerker23.de\/wp-content\/uploads\/https:\/\/images-na.ssl-images-amazon.com\/images\/I\/41i7B88yoPL._SS768_.jpg 768w, https:\/\/heimwerker23.de\/wp-content\/uploads\/https:\/\/images-na.ssl-images-amazon.com\/images\/I\/41i7B88yoPL._SS1024_.jpg 1024w, https:\/\/heimwerker23.de\/wp-content\/uploads\/https:\/\/images-na.ssl-images-amazon.com\/images\/I\/41i7B88yoPL._SS1536_.jpg 1536w, https:\/\/heimwerker23.de\/wp-content\/uploads\/https:\/\/images-na.ssl-images-amazon.com\/images\/I\/41i7B88yoPL._SS2048_.jpg 2048w, https:\/\/heimwerker23.de\/wp-content\/uploads\/https:\/\/images-na.ssl-images-amazon.com\/images\/I\/41i7B88yoPL._SS145_.jpg 145w, https:\/\/heimwerker23.de\/wp-content\/uploads\/https:\/\/images-na.ssl-images-amazon.com\/images\/I\/41i7B88yoPL._SS1400_.jpg 1400w, https:\/\/heimwerker23.de\/wp-content\/uploads\/https:\/\/images-na.ssl-images-amazon.com\/images\/I\/41i7B88yoPL._SS50_.jpg 50w, https:\/\/heimwerker23.de\/wp-content\/uploads\/https:\/\/images-na.ssl-images-amazon.com\/images\/I\/41i7B88yoPL._SS604_.jpg 604w, https:\/\/heimwerker23.de\/wp-content\/uploads\/https:\/\/images-na.ssl-images-amazon.com\/images\/I\/41i7B88yoPL._SS262_.jpg 262w, https:\/\/heimwerker23.de\/wp-content\/uploads\/https:\/\/images-na.ssl-images-amazon.com\/images\/I\/41i7B88yoPL._SS600_.jpg 600w, https:\/\/heimwerker23.de\/wp-content\/uploads\/https:\/\/images-na.ssl-images-amazon.com\/images\/I\/41i7B88yoPL._SS100_.jpg 100w\" sizes=\"auto, (max-width: 500px) 100vw, 500px\" \/><\/a>\r\n\t<\/dt>\r\n\t<dd class='wp-caption-text gallery-caption'>\r\n\t<div class='gallery-caption-inner'> <div class='wp-caption-text gallery-title'>\r\n\tStamos-Germany-S-MIGMA-250IGBT-Kombi-Schweigert-250-A-230-V-MIG-MAG-MMA-FCAW-WIG-Hot-Start-Kombi-Schweigert-Schweier-Schweissgert-Schweidraht-Schweilten\r\n\t<\/div><div class='wp-caption-text gallery-zoom no-text'>\r\n\t\t<a href=https:\/\/heimwerker23.de\/?attachment_id=13994 title='Click to view Full Image' class='icon mustang-gallery'><i class='fa fa-plus'><\/i><\/a>\r\n\t\t<\/div><div class='wp-caption-text gallery-redirect'>\r\n\t\t<a href=https:\/\/heimwerker23.de\/?attachment_id=13994 title='Click to view read more' class='icon readmore'><i class='fa fa-link'><\/i><\/a>\r\n\t\t<\/div><\/div><\/dd><\/dl><dl class='gallery-item'>\r\n\t<dt class='gallery-icon landscape'>\r\n\t<a rel='gallery-nr'><img loading=\"lazy\" decoding=\"async\" width=\"500\" height=\"500\" src=\"https:\/\/heimwerker23.de\/wp-content\/uploads\/https:\/\/images-na.ssl-images-amazon.com\/images\/I\/41I-4GLXFNL.jpg\" class=\"attachment-full size-full\" alt=\"\" srcset=\"https:\/\/heimwerker23.de\/wp-content\/uploads\/https:\/\/images-na.ssl-images-amazon.com\/images\/I\/41I-4GLXFNL.jpg 500w, https:\/\/heimwerker23.de\/wp-content\/uploads\/https:\/\/images-na.ssl-images-amazon.com\/images\/I\/41I-4GLXFNL._SS150_.jpg 150w, https:\/\/heimwerker23.de\/wp-content\/uploads\/https:\/\/images-na.ssl-images-amazon.com\/images\/I\/41I-4GLXFNL._SS300_.jpg 300w, https:\/\/heimwerker23.de\/wp-content\/uploads\/https:\/\/images-na.ssl-images-amazon.com\/images\/I\/41I-4GLXFNL._SS768_.jpg 768w, https:\/\/heimwerker23.de\/wp-content\/uploads\/https:\/\/images-na.ssl-images-amazon.com\/images\/I\/41I-4GLXFNL._SS1024_.jpg 1024w, https:\/\/heimwerker23.de\/wp-content\/uploads\/https:\/\/images-na.ssl-images-amazon.com\/images\/I\/41I-4GLXFNL._SS1536_.jpg 1536w, https:\/\/heimwerker23.de\/wp-content\/uploads\/https:\/\/images-na.ssl-images-amazon.com\/images\/I\/41I-4GLXFNL._SS2048_.jpg 2048w, https:\/\/heimwerker23.de\/wp-content\/uploads\/https:\/\/images-na.ssl-images-amazon.com\/images\/I\/41I-4GLXFNL._SS145_.jpg 145w, https:\/\/heimwerker23.de\/wp-content\/uploads\/https:\/\/images-na.ssl-images-amazon.com\/images\/I\/41I-4GLXFNL._SS1400_.jpg 1400w, https:\/\/heimwerker23.de\/wp-content\/uploads\/https:\/\/images-na.ssl-images-amazon.com\/images\/I\/41I-4GLXFNL._SS50_.jpg 50w, https:\/\/heimwerker23.de\/wp-content\/uploads\/https:\/\/images-na.ssl-images-amazon.com\/images\/I\/41I-4GLXFNL._SS604_.jpg 604w, https:\/\/heimwerker23.de\/wp-content\/uploads\/https:\/\/images-na.ssl-images-amazon.com\/images\/I\/41I-4GLXFNL._SS262_.jpg 262w, https:\/\/heimwerker23.de\/wp-content\/uploads\/https:\/\/images-na.ssl-images-amazon.com\/images\/I\/41I-4GLXFNL._SS600_.jpg 600w, https:\/\/heimwerker23.de\/wp-content\/uploads\/https:\/\/images-na.ssl-images-amazon.com\/images\/I\/41I-4GLXFNL._SS100_.jpg 100w\" sizes=\"auto, (max-width: 500px) 100vw, 500px\" \/><\/a>\r\n\t<\/dt>\r\n\t<dd class='wp-caption-text gallery-caption'>\r\n\t<div class='gallery-caption-inner'> <div class='wp-caption-text gallery-title'>\r\n\tStamos-Germany-S-MIGMA-250IGBT-Kombi-Schweigert-250-A-230-V-MIG-MAG-MMA-FCAW-WIG-Hot-Start-Kombi-Schweigert-Schweier-Schweissgert-Schweidraht-Schweilten\r\n\t<\/div><div class='wp-caption-text gallery-zoom no-text'>\r\n\t\t<a href=https:\/\/heimwerker23.de\/?attachment_id=13995 title='Click to view Full Image' class='icon mustang-gallery'><i class='fa fa-plus'><\/i><\/a>\r\n\t\t<\/div><div class='wp-caption-text gallery-redirect'>\r\n\t\t<a href=https:\/\/heimwerker23.de\/?attachment_id=13995 title='Click to view read more' class='icon readmore'><i class='fa fa-link'><\/i><\/a>\r\n\t\t<\/div><\/div><\/dd><\/dl><dl class='gallery-item'>\r\n\t<dt class='gallery-icon landscape'>\r\n\t<a rel='gallery-nr'><img loading=\"lazy\" decoding=\"async\" width=\"500\" height=\"500\" src=\"https:\/\/heimwerker23.de\/wp-content\/uploads\/https:\/\/images-na.ssl-images-amazon.com\/images\/I\/41d87arRBWL.jpg\" class=\"attachment-full size-full\" alt=\"\" srcset=\"https:\/\/heimwerker23.de\/wp-content\/uploads\/https:\/\/images-na.ssl-images-amazon.com\/images\/I\/41d87arRBWL.jpg 500w, https:\/\/heimwerker23.de\/wp-content\/uploads\/https:\/\/images-na.ssl-images-amazon.com\/images\/I\/41d87arRBWL._SS150_.jpg 150w, https:\/\/heimwerker23.de\/wp-content\/uploads\/https:\/\/images-na.ssl-images-amazon.com\/images\/I\/41d87arRBWL._SS300_.jpg 300w, https:\/\/heimwerker23.de\/wp-content\/uploads\/https:\/\/images-na.ssl-images-amazon.com\/images\/I\/41d87arRBWL._SS768_.jpg 768w, https:\/\/heimwerker23.de\/wp-content\/uploads\/https:\/\/images-na.ssl-images-amazon.com\/images\/I\/41d87arRBWL._SS1024_.jpg 1024w, https:\/\/heimwerker23.de\/wp-content\/uploads\/https:\/\/images-na.ssl-images-amazon.com\/images\/I\/41d87arRBWL._SS1536_.jpg 1536w, https:\/\/heimwerker23.de\/wp-content\/uploads\/https:\/\/images-na.ssl-images-amazon.com\/images\/I\/41d87arRBWL._SS2048_.jpg 2048w, https:\/\/heimwerker23.de\/wp-content\/uploads\/https:\/\/images-na.ssl-images-amazon.com\/images\/I\/41d87arRBWL._SS145_.jpg 145w, https:\/\/heimwerker23.de\/wp-content\/uploads\/https:\/\/images-na.ssl-images-amazon.com\/images\/I\/41d87arRBWL._SS1400_.jpg 1400w, https:\/\/heimwerker23.de\/wp-content\/uploads\/https:\/\/images-na.ssl-images-amazon.com\/images\/I\/41d87arRBWL._SS50_.jpg 50w, https:\/\/heimwerker23.de\/wp-content\/uploads\/https:\/\/images-na.ssl-images-amazon.com\/images\/I\/41d87arRBWL._SS604_.jpg 604w, https:\/\/heimwerker23.de\/wp-content\/uploads\/https:\/\/images-na.ssl-images-amazon.com\/images\/I\/41d87arRBWL._SS262_.jpg 262w, https:\/\/heimwerker23.de\/wp-content\/uploads\/https:\/\/images-na.ssl-images-amazon.com\/images\/I\/41d87arRBWL._SS600_.jpg 600w, https:\/\/heimwerker23.de\/wp-content\/uploads\/https:\/\/images-na.ssl-images-amazon.com\/images\/I\/41d87arRBWL._SS100_.jpg 100w\" sizes=\"auto, (max-width: 500px) 100vw, 500px\" \/><\/a>\r\n\t<\/dt>\r\n\t<dd class='wp-caption-text gallery-caption'>\r\n\t<div class='gallery-caption-inner'> <div class='wp-caption-text gallery-title'>\r\n\tStamos-Germany-S-MIGMA-250IGBT-Kombi-Schweigert-250-A-230-V-MIG-MAG-MMA-FCAW-WIG-Hot-Start-Kombi-Schweigert-Schweier-Schweissgert-Schweidraht-Schweilten\r\n\t<\/div><div class='wp-caption-text gallery-zoom no-text'>\r\n\t\t<a href=https:\/\/heimwerker23.de\/?attachment_id=13996 title='Click to view Full Image' class='icon mustang-gallery'><i class='fa fa-plus'><\/i><\/a>\r\n\t\t<\/div><div class='wp-caption-text gallery-redirect'>\r\n\t\t<a href=https:\/\/heimwerker23.de\/?attachment_id=13996 title='Click to view read more' class='icon readmore'><i class='fa fa-link'><\/i><\/a>\r\n\t\t<\/div><\/div><\/dd><\/dl>\r\n<\/div>\n<br \/>\n<!-- show up to 2 reviews by default -->                                                      <\/p>\n<p><strong>Das flexible Kombi-Schwei\u00dfger\u00e4t von Stamos Germany<\/strong><\/p>\n<p>Mit dem Kombi-Schwei\u00dfger\u00e4t S-MIGMA 250.IGBT von Stamos Germany erwartet Sie ein professionelles, innovatives und hochwertiges Ger\u00e4t f\u00fcr verschiedene Reparatur- und Wartungsarbeiten. Es vereint die Schwei\u00dfverfahren MIG\/MAG, MMA, WIG und FCAW (Schwei\u00dfen mit F\u00fclldraht) und ist somit vielseitig einsetzbar.<\/p>\n<p><strong>Technische Details<\/strong><\/p>\n<p>Spannung \/ Frequenz:&nbsp;230 V \/ 50 Hz<br \/>Funktionen:&nbsp;MIG,&nbsp;MMA,&nbsp;WIG<br \/>Nenneingangsstrom:&nbsp;29,5 A (MIG),&nbsp;33 A (MMA),&nbsp;22,5 A (WIG)<br \/>Nenneingangsstrom max.:&nbsp;38 A (MIG),&nbsp;43 A (MMA),&nbsp;29 A (WIG)<br \/>Leerlaufspannung:&nbsp;62 V<br \/>Schwei\u00dfstrom:&nbsp;50 \u2013 250 A (MIG), 10 \u2013 250 A (MMA, WIG)<br \/>Arbeitszyklus:&nbsp;60 %<br \/>Schwei\u00dfstrom im Arbeitszyklus 60 %:&nbsp;250 A (MIG, MMA, WIG)<br \/>Schwei\u00dfstrom im Arbeitszyklus 100 %:&nbsp;190 A (MIG, MMA, WIG)<br \/>Elektrodendurchmesser (WIG):&nbsp;0,5 &#8211; 4 mm<br \/>Elektrodendurchmesser (E-Hand):&nbsp;1,6 &#8211; 5 mm<br \/>HOT START:&nbsp;Ja<br \/>L\u00fcftung:&nbsp;Ventilator<br \/>Brennerk\u00fchlung:&nbsp;Gas<br \/>Drahtvorschubgeschwindigkeit:&nbsp;2,5 \u2013 13 m\/min<br \/>Massekabel mit Klemme:&nbsp;1,4 m<br \/>Elektrodenkabel mit Halter:&nbsp;1,3 m<br \/>MIG-Schlauchpaket:&nbsp;1,75 m<br \/>TIG-Schlauchpaket:&nbsp;3,7 m<br \/>Geh\u00e4useschutzgrad:&nbsp;IP21<br \/>Isolationsklasse:&nbsp;F<\/p>\n<p><strong>Lieferumfang<\/strong><\/p>\n<p>Kombi-Schwei\u00dfger\u00e4t S-MIGMA 250.IGBT;&nbsp;MIG-Schlauchpaket (1,75 m);&nbsp;WIG-Schlauchpaket (3,7 m);&nbsp;Elektrodenkabel (1,4 m);&nbsp;Massekabel mit Klemme (1,3 m);&nbsp;Schwei\u00dfdraht (0,8 mm) \u2013 5 kg; Drahtspule;&nbsp;Polarisations-Kabel;&nbsp;3 Spannh\u00fclsen (2,0 \/ 2,4 \/ 3,4 mm);&nbsp;Spannh\u00fclsengeh\u00e4use;&nbsp;3 Keramikd\u00fcsen;&nbsp;MIG-Elektrode;&nbsp;Kontakt-Tipp-Halterung;&nbsp;Bedienungsanleitung<\/p>\n<\/p>\n<p>vielseitig durch 4-in-1-Kombi-Schwei\u00dfger\u00e4t \u2013 MIG\/MAG, MMA, WIG und FCAW<br \/>\nSchwei\u00dfstrom bis max. 250 Ampere stufenlos regelbar<br \/>\nFunktionen MMA: Hot Start<br \/>\nInduktivit\u00e4t verhindert Schwei\u00dfspritzer (MIG\/MAG)<br \/>\ngratis: 5 kg Schwei\u00dfdraht (0,8 mm)<br \/>\n[amz_corss_sell asin=&#8220;B0752ZQDXR&#8220;]<\/p>\n","protected":false},"excerpt":{"rendered":"<p>vielseitig durch 4-in-1-Kombi-Schwei\u00dfger\u00e4t \u2013 MIG\/MAG, MMA, WIG und FCAW<br \/>\nSchwei\u00dfstrom bis max. 250 Ampere stufenlos regelbar<br \/>\nFunktionen MMA: Hot Start<\/p>\n","protected":false},"featured_media":13991,"comment_status":"open","ping_status":"closed","template":"","meta":[],"product_cat":[111,123],"product_tag":[],"class_list":{"0":"post-13990","1":"product","2":"type-product","3":"status-publish","4":"has-post-thumbnail","6":"product_cat-schweissen-und-loeten","7":"product_cat-schweissgeraet","8":"pa_brand-stamos-welding-group","11":"first","12":"instock","13":"shipping-taxable","14":"product-type-external"},"_links":{"self":[{"href":"https:\/\/heimwerker23.de\/index.php?rest_route=\/wp\/v2\/product\/13990","targetHints":{"allow":["GET"]}}],"collection":[{"href":"https:\/\/heimwerker23.de\/index.php?rest_route=\/wp\/v2\/product"}],"about":[{"href":"https:\/\/heimwerker23.de\/index.php?rest_route=\/wp\/v2\/types\/product"}],"replies":[{"embeddable":true,"href":"https:\/\/heimwerker23.de\/index.php?rest_route=%2Fwp%2Fv2%2Fcomments&post=13990"}],"wp:featuredmedia":[{"embeddable":true,"href":"https:\/\/heimwerker23.de\/index.php?rest_route=\/wp\/v2\/media\/13991"}],"wp:attachment":[{"href":"https:\/\/heimwerker23.de\/index.php?rest_route=%2Fwp%2Fv2%2Fmedia&parent=13990"}],"wp:term":[{"taxonomy":"product_cat","embeddable":true,"href":"https:\/\/heimwerker23.de\/index.php?rest_route=%2Fwp%2Fv2%2Fproduct_cat&post=13990"},{"taxonomy":"product_tag","embeddable":true,"href":"https:\/\/heimwerker23.de\/index.php?rest_route=%2Fwp%2Fv2%2Fproduct_tag&post=13990"}],"curies":[{"name":"wp","href":"https:\/\/api.w.org\/{rel}","templated":true}]}}