{"id":14556,"date":"2020-03-08T00:24:53","date_gmt":"2020-03-07T23:24:53","guid":{"rendered":"https:\/\/heimwerker23.de\/?product=hydraulikpresse-20-tonnen-mit-manometer-90-780mm-hoehenverstellbar-aus-stahl"},"modified":"2023-04-09T16:53:17","modified_gmt":"2023-04-09T14:53:17","slug":"hydraulikpresse-20-tonnen-mit-manometer-90-780mm-hoehenverstellbar-aus-stahl","status":"publish","type":"product","link":"https:\/\/heimwerker23.de\/?product=hydraulikpresse-20-tonnen-mit-manometer-90-780mm-hoehenverstellbar-aus-stahl","title":{"rendered":"Hydraulikpresse 20 Tonnen mit Manometer, 90-780mm, h\u00f6henverstellbar, aus Stahl"},"content":{"rendered":"<p><!-- show up to 2 reviews by default --> <\/p>\n<p>Diese Hydraulikpresse mit Druckanzeige und 20 Tonnen Druckkraft ist das ideale Werkzeug beim Ausrichten, Biegen, Stempeln, Pressen und Quetschen. Damit ist die Presse eine optimale Unterst\u00fctzung in den unterschiedlichsten Bereichen wie zum Beispiel im Handwerk, im Garten- und Landschaftsbau, in der Landwirtschaft oder in der Industrie. Das Prinzip der Hydraulikpresse ist einfach: Mit geringer Kraft am Druckkolben wird eine enorme Kraft am Arbeitskolben erzeugt. <\/p>\n<p> Die Hydraulikpresse erweist sich als willkommenes Hilfsmittel f\u00fcr Reparaturen, Restaurationen und vieles mehr. Dabei kann der erzeugte Druck direkt am Manometer abgelesen werden.<\/p>\n<p> Die solide Rahmenkonstruktion besteht aus Stahl und die verschraubten Quertr\u00e4ger mit den Auflagebacken sind auf unterschiedliche H\u00f6hen einstellbar. Der Presstisch ist in seiner H\u00f6he verstellbar. Daf\u00fcr werden lediglich einige Schrauben gel\u00f6st bzw. festgezogen. <\/p>\n<p>Hydraulikpresse f\u00fcr den privaten oder gewerblichen Gebrauch.<br \/>\nErzeugt eine Druckkraft von 20 Tonnen.<br \/>\nEinfaches Biegen, Pressen, Stempeln und Quetschen m\u00f6glich.<br \/>\nDer erzeugte Druck wird am Manometer abgelesen.<br \/>\nStabile Rahmenkonstruktion aus Stahl.<br \/>\n[amz_corss_sell asin=&#8220;B07X43CPKP&#8220;]<\/p>\n","protected":false},"excerpt":{"rendered":"<p>Hydraulikpresse f\u00fcr den privaten oder gewerblichen Gebrauch.<br \/>\nErzeugt eine Druckkraft von 20 Tonnen.<br \/>\nEinfaches Biegen, Pressen, Stempeln und Quetschen m\u00f6glich.<\/p>\n","protected":false},"featured_media":14557,"comment_status":"open","ping_status":"closed","template":"","meta":[],"product_cat":[358,111],"product_tag":[],"class_list":{"0":"post-14556","1":"product","2":"type-product","3":"status-publish","4":"has-post-thumbnail","6":"product_cat-pressen","7":"product_cat-schweissen-und-loeten","8":"pa_brand-wiltec","11":"first","12":"instock","13":"shipping-taxable","14":"product-type-external"},"_links":{"self":[{"href":"https:\/\/heimwerker23.de\/index.php?rest_route=\/wp\/v2\/product\/14556","targetHints":{"allow":["GET"]}}],"collection":[{"href":"https:\/\/heimwerker23.de\/index.php?rest_route=\/wp\/v2\/product"}],"about":[{"href":"https:\/\/heimwerker23.de\/index.php?rest_route=\/wp\/v2\/types\/product"}],"replies":[{"embeddable":true,"href":"https:\/\/heimwerker23.de\/index.php?rest_route=%2Fwp%2Fv2%2Fcomments&post=14556"}],"wp:featuredmedia":[{"embeddable":true,"href":"https:\/\/heimwerker23.de\/index.php?rest_route=\/wp\/v2\/media\/14557"}],"wp:attachment":[{"href":"https:\/\/heimwerker23.de\/index.php?rest_route=%2Fwp%2Fv2%2Fmedia&parent=14556"}],"wp:term":[{"taxonomy":"product_cat","embeddable":true,"href":"https:\/\/heimwerker23.de\/index.php?rest_route=%2Fwp%2Fv2%2Fproduct_cat&post=14556"},{"taxonomy":"product_tag","embeddable":true,"href":"https:\/\/heimwerker23.de\/index.php?rest_route=%2Fwp%2Fv2%2Fproduct_tag&post=14556"}],"curies":[{"name":"wp","href":"https:\/\/api.w.org\/{rel}","templated":true}]}}