{"id":14734,"date":"2020-03-08T00:38:40","date_gmt":"2020-03-07T23:38:40","guid":{"rendered":"https:\/\/heimwerker23.de\/?product=einhell-tischkreissaege-tc-ts-2025-2-eco-2-000-w-4-250-min-1-2-in-1-saegeblatt-verstellung-fuer-hoehe-neigung-parallelanschlag-winkelanschlag-fuer-gehrungsschnitte-hartmetall-praezisions-saegebl"},"modified":"2023-04-09T16:54:14","modified_gmt":"2023-04-09T14:54:14","slug":"einhell-tischkreissaege-tc-ts-2025-2-eco-2-000-w-4-250-min-1-2-in-1-saegeblatt-verstellung-fuer-hoehe-neigung-parallelanschlag-winkelanschlag-fuer-gehrungsschnitte-hartmetall-praezisions-saegebl","status":"publish","type":"product","link":"https:\/\/heimwerker23.de\/?product=einhell-tischkreissaege-tc-ts-2025-2-eco-2-000-w-4-250-min-1-2-in-1-saegeblatt-verstellung-fuer-hoehe-neigung-parallelanschlag-winkelanschlag-fuer-gehrungsschnitte-hartmetall-praezisions-saegebl","title":{"rendered":"Einhell Tischkreiss\u00e4ge TC-TS 2025\/2 eco (2.000 W, 4.250 min-1, 2-in-1-S\u00e4geblatt-Verstellung f\u00fcr H\u00f6he\/Neigung\u2026"},"content":{"rendered":"\n\t\t<div id='gallery-1' class='gallery galleryid-14734 gallery-columns-3 gallery-size-full'><dl class='gallery-item'>\r\n\t<dt class='gallery-icon portrait'>\r\n\t<a rel='gallery-nr'><img loading=\"lazy\" decoding=\"async\" width=\"385\" height=\"500\" src=\"https:\/\/heimwerker23.de\/wp-content\/uploads\/https:\/\/images-na.ssl-images-amazon.com\/images\/I\/41D0oPch%2BDL.jpg\" class=\"attachment-full size-full\" alt=\"\" \/><\/a>\r\n\t<\/dt>\r\n\t<dd class='wp-caption-text gallery-caption'>\r\n\t<div class='gallery-caption-inner'> <div class='wp-caption-text gallery-title'>\r\n\tEinhell-Tischkreissge-TC-TS-20252-eco-2000-W-4250-min-1-2-in-1-Sgeblatt-Verstellung-fr-HheNeigung-Parallelanschlag-Winkelanschlag-fr-Gehrungsschnitte-Hartmetall-Przisions-Sgeblatt\r\n\t<\/div><div class='wp-caption-text gallery-zoom no-text'>\r\n\t\t<a href=https:\/\/heimwerker23.de\/?attachment_id=14735 title='Click to view Full Image' class='icon mustang-gallery'><i class='fa fa-plus'><\/i><\/a>\r\n\t\t<\/div><div class='wp-caption-text gallery-redirect'>\r\n\t\t<a href=https:\/\/heimwerker23.de\/?attachment_id=14735 title='Click to view read more' class='icon readmore'><i class='fa fa-link'><\/i><\/a>\r\n\t\t<\/div><\/div><\/dd><\/dl><dl class='gallery-item'>\r\n\t<dt class='gallery-icon landscape'>\r\n\t<a rel='gallery-nr'><img loading=\"lazy\" decoding=\"async\" width=\"500\" height=\"372\" src=\"https:\/\/heimwerker23.de\/wp-content\/uploads\/https:\/\/images-na.ssl-images-amazon.com\/images\/I\/51JVUwG06WL.jpg\" class=\"attachment-full size-full\" alt=\"\" \/><\/a>\r\n\t<\/dt>\r\n\t<dd class='wp-caption-text gallery-caption'>\r\n\t<div class='gallery-caption-inner'> <div class='wp-caption-text gallery-title'>\r\n\tEinhell-Tischkreissge-TC-TS-20252-eco-2000-W-4250-min-1-2-in-1-Sgeblatt-Verstellung-fr-HheNeigung-Parallelanschlag-Winkelanschlag-fr-Gehrungsschnitte-Hartmetall-Przisions-Sgeblatt\r\n\t<\/div><div class='wp-caption-text gallery-zoom no-text'>\r\n\t\t<a href=https:\/\/heimwerker23.de\/?attachment_id=14736 title='Click to view Full Image' class='icon mustang-gallery'><i class='fa fa-plus'><\/i><\/a>\r\n\t\t<\/div><div class='wp-caption-text gallery-redirect'>\r\n\t\t<a href=https:\/\/heimwerker23.de\/?attachment_id=14736 title='Click to view read more' class='icon readmore'><i class='fa fa-link'><\/i><\/a>\r\n\t\t<\/div><\/div><\/dd><\/dl><dl class='gallery-item'>\r\n\t<dt class='gallery-icon landscape'>\r\n\t<a rel='gallery-nr'><img loading=\"lazy\" decoding=\"async\" width=\"500\" height=\"500\" src=\"https:\/\/heimwerker23.de\/wp-content\/uploads\/https:\/\/images-na.ssl-images-amazon.com\/images\/I\/41ulw90lSoL.jpg\" class=\"attachment-full size-full\" alt=\"\" srcset=\"https:\/\/heimwerker23.de\/wp-content\/uploads\/https:\/\/images-na.ssl-images-amazon.com\/images\/I\/41ulw90lSoL.jpg 500w, https:\/\/heimwerker23.de\/wp-content\/uploads\/https:\/\/images-na.ssl-images-amazon.com\/images\/I\/41ulw90lSoL._SS150_.jpg 150w, https:\/\/heimwerker23.de\/wp-content\/uploads\/https:\/\/images-na.ssl-images-amazon.com\/images\/I\/41ulw90lSoL._SS300_.jpg 300w, https:\/\/heimwerker23.de\/wp-content\/uploads\/https:\/\/images-na.ssl-images-amazon.com\/images\/I\/41ulw90lSoL._SS768_.jpg 768w, https:\/\/heimwerker23.de\/wp-content\/uploads\/https:\/\/images-na.ssl-images-amazon.com\/images\/I\/41ulw90lSoL._SS1024_.jpg 1024w, https:\/\/heimwerker23.de\/wp-content\/uploads\/https:\/\/images-na.ssl-images-amazon.com\/images\/I\/41ulw90lSoL._SS1536_.jpg 1536w, https:\/\/heimwerker23.de\/wp-content\/uploads\/https:\/\/images-na.ssl-images-amazon.com\/images\/I\/41ulw90lSoL._SS2048_.jpg 2048w, https:\/\/heimwerker23.de\/wp-content\/uploads\/https:\/\/images-na.ssl-images-amazon.com\/images\/I\/41ulw90lSoL._SS145_.jpg 145w, https:\/\/heimwerker23.de\/wp-content\/uploads\/https:\/\/images-na.ssl-images-amazon.com\/images\/I\/41ulw90lSoL._SS1400_.jpg 1400w, https:\/\/heimwerker23.de\/wp-content\/uploads\/https:\/\/images-na.ssl-images-amazon.com\/images\/I\/41ulw90lSoL._SS50_.jpg 50w, https:\/\/heimwerker23.de\/wp-content\/uploads\/https:\/\/images-na.ssl-images-amazon.com\/images\/I\/41ulw90lSoL._SS604_.jpg 604w, https:\/\/heimwerker23.de\/wp-content\/uploads\/https:\/\/images-na.ssl-images-amazon.com\/images\/I\/41ulw90lSoL._SS262_.jpg 262w, https:\/\/heimwerker23.de\/wp-content\/uploads\/https:\/\/images-na.ssl-images-amazon.com\/images\/I\/41ulw90lSoL._SS600_.jpg 600w, https:\/\/heimwerker23.de\/wp-content\/uploads\/https:\/\/images-na.ssl-images-amazon.com\/images\/I\/41ulw90lSoL._SS100_.jpg 100w\" sizes=\"auto, (max-width: 500px) 100vw, 500px\" \/><\/a>\r\n\t<\/dt>\r\n\t<dd class='wp-caption-text gallery-caption'>\r\n\t<div class='gallery-caption-inner'> <div class='wp-caption-text gallery-title'>\r\n\tEinhell-Tischkreissge-TC-TS-20252-eco-2000-W-4250-min-1-2-in-1-Sgeblatt-Verstellung-fr-HheNeigung-Parallelanschlag-Winkelanschlag-fr-Gehrungsschnitte-Hartmetall-Przisions-Sgeblatt\r\n\t<\/div><div class='wp-caption-text gallery-zoom no-text'>\r\n\t\t<a href=https:\/\/heimwerker23.de\/?attachment_id=14737 title='Click to view Full Image' class='icon mustang-gallery'><i class='fa fa-plus'><\/i><\/a>\r\n\t\t<\/div><div class='wp-caption-text gallery-redirect'>\r\n\t\t<a href=https:\/\/heimwerker23.de\/?attachment_id=14737 title='Click to view read more' class='icon readmore'><i class='fa fa-link'><\/i><\/a>\r\n\t\t<\/div><\/div><\/dd><\/dl><dl class='gallery-item'>\r\n\t<dt class='gallery-icon landscape'>\r\n\t<a rel='gallery-nr'><img loading=\"lazy\" decoding=\"async\" width=\"500\" height=\"500\" src=\"https:\/\/heimwerker23.de\/wp-content\/uploads\/https:\/\/images-na.ssl-images-amazon.com\/images\/I\/51vHZiCc5vL.jpg\" class=\"attachment-full size-full\" alt=\"\" srcset=\"https:\/\/heimwerker23.de\/wp-content\/uploads\/https:\/\/images-na.ssl-images-amazon.com\/images\/I\/51vHZiCc5vL.jpg 500w, https:\/\/heimwerker23.de\/wp-content\/uploads\/https:\/\/images-na.ssl-images-amazon.com\/images\/I\/51vHZiCc5vL._SS150_.jpg 150w, https:\/\/heimwerker23.de\/wp-content\/uploads\/https:\/\/images-na.ssl-images-amazon.com\/images\/I\/51vHZiCc5vL._SS300_.jpg 300w, https:\/\/heimwerker23.de\/wp-content\/uploads\/https:\/\/images-na.ssl-images-amazon.com\/images\/I\/51vHZiCc5vL._SS768_.jpg 768w, https:\/\/heimwerker23.de\/wp-content\/uploads\/https:\/\/images-na.ssl-images-amazon.com\/images\/I\/51vHZiCc5vL._SS1024_.jpg 1024w, https:\/\/heimwerker23.de\/wp-content\/uploads\/https:\/\/images-na.ssl-images-amazon.com\/images\/I\/51vHZiCc5vL._SS1536_.jpg 1536w, https:\/\/heimwerker23.de\/wp-content\/uploads\/https:\/\/images-na.ssl-images-amazon.com\/images\/I\/51vHZiCc5vL._SS2048_.jpg 2048w, https:\/\/heimwerker23.de\/wp-content\/uploads\/https:\/\/images-na.ssl-images-amazon.com\/images\/I\/51vHZiCc5vL._SS145_.jpg 145w, https:\/\/heimwerker23.de\/wp-content\/uploads\/https:\/\/images-na.ssl-images-amazon.com\/images\/I\/51vHZiCc5vL._SS1400_.jpg 1400w, https:\/\/heimwerker23.de\/wp-content\/uploads\/https:\/\/images-na.ssl-images-amazon.com\/images\/I\/51vHZiCc5vL._SS50_.jpg 50w, https:\/\/heimwerker23.de\/wp-content\/uploads\/https:\/\/images-na.ssl-images-amazon.com\/images\/I\/51vHZiCc5vL._SS604_.jpg 604w, https:\/\/heimwerker23.de\/wp-content\/uploads\/https:\/\/images-na.ssl-images-amazon.com\/images\/I\/51vHZiCc5vL._SS262_.jpg 262w, https:\/\/heimwerker23.de\/wp-content\/uploads\/https:\/\/images-na.ssl-images-amazon.com\/images\/I\/51vHZiCc5vL._SS600_.jpg 600w, https:\/\/heimwerker23.de\/wp-content\/uploads\/https:\/\/images-na.ssl-images-amazon.com\/images\/I\/51vHZiCc5vL._SS100_.jpg 100w\" sizes=\"auto, (max-width: 500px) 100vw, 500px\" \/><\/a>\r\n\t<\/dt>\r\n\t<dd class='wp-caption-text gallery-caption'>\r\n\t<div class='gallery-caption-inner'> <div class='wp-caption-text gallery-title'>\r\n\tEinhell-Tischkreissge-TC-TS-20252-eco-2000-W-4250-min-1-2-in-1-Sgeblatt-Verstellung-fr-HheNeigung-Parallelanschlag-Winkelanschlag-fr-Gehrungsschnitte-Hartmetall-Przisions-Sgeblatt\r\n\t<\/div><div class='wp-caption-text gallery-zoom no-text'>\r\n\t\t<a href=https:\/\/heimwerker23.de\/?attachment_id=14738 title='Click to view Full Image' class='icon mustang-gallery'><i class='fa fa-plus'><\/i><\/a>\r\n\t\t<\/div><div class='wp-caption-text gallery-redirect'>\r\n\t\t<a href=https:\/\/heimwerker23.de\/?attachment_id=14738 title='Click to view read more' class='icon readmore'><i class='fa fa-link'><\/i><\/a>\r\n\t\t<\/div><\/div><\/dd><\/dl><dl class='gallery-item'>\r\n\t<dt class='gallery-icon landscape'>\r\n\t<a rel='gallery-nr'><img loading=\"lazy\" decoding=\"async\" width=\"500\" height=\"500\" src=\"https:\/\/heimwerker23.de\/wp-content\/uploads\/https:\/\/images-na.ssl-images-amazon.com\/images\/I\/51sBpP02bKL.jpg\" class=\"attachment-full size-full\" alt=\"\" srcset=\"https:\/\/heimwerker23.de\/wp-content\/uploads\/https:\/\/images-na.ssl-images-amazon.com\/images\/I\/51sBpP02bKL.jpg 500w, https:\/\/heimwerker23.de\/wp-content\/uploads\/https:\/\/images-na.ssl-images-amazon.com\/images\/I\/51sBpP02bKL._SS150_.jpg 150w, https:\/\/heimwerker23.de\/wp-content\/uploads\/https:\/\/images-na.ssl-images-amazon.com\/images\/I\/51sBpP02bKL._SS300_.jpg 300w, https:\/\/heimwerker23.de\/wp-content\/uploads\/https:\/\/images-na.ssl-images-amazon.com\/images\/I\/51sBpP02bKL._SS768_.jpg 768w, https:\/\/heimwerker23.de\/wp-content\/uploads\/https:\/\/images-na.ssl-images-amazon.com\/images\/I\/51sBpP02bKL._SS1024_.jpg 1024w, https:\/\/heimwerker23.de\/wp-content\/uploads\/https:\/\/images-na.ssl-images-amazon.com\/images\/I\/51sBpP02bKL._SS1536_.jpg 1536w, https:\/\/heimwerker23.de\/wp-content\/uploads\/https:\/\/images-na.ssl-images-amazon.com\/images\/I\/51sBpP02bKL._SS2048_.jpg 2048w, https:\/\/heimwerker23.de\/wp-content\/uploads\/https:\/\/images-na.ssl-images-amazon.com\/images\/I\/51sBpP02bKL._SS145_.jpg 145w, https:\/\/heimwerker23.de\/wp-content\/uploads\/https:\/\/images-na.ssl-images-amazon.com\/images\/I\/51sBpP02bKL._SS1400_.jpg 1400w, https:\/\/heimwerker23.de\/wp-content\/uploads\/https:\/\/images-na.ssl-images-amazon.com\/images\/I\/51sBpP02bKL._SS50_.jpg 50w, https:\/\/heimwerker23.de\/wp-content\/uploads\/https:\/\/images-na.ssl-images-amazon.com\/images\/I\/51sBpP02bKL._SS604_.jpg 604w, https:\/\/heimwerker23.de\/wp-content\/uploads\/https:\/\/images-na.ssl-images-amazon.com\/images\/I\/51sBpP02bKL._SS262_.jpg 262w, https:\/\/heimwerker23.de\/wp-content\/uploads\/https:\/\/images-na.ssl-images-amazon.com\/images\/I\/51sBpP02bKL._SS600_.jpg 600w, https:\/\/heimwerker23.de\/wp-content\/uploads\/https:\/\/images-na.ssl-images-amazon.com\/images\/I\/51sBpP02bKL._SS100_.jpg 100w\" sizes=\"auto, (max-width: 500px) 100vw, 500px\" \/><\/a>\r\n\t<\/dt>\r\n\t<dd class='wp-caption-text gallery-caption'>\r\n\t<div class='gallery-caption-inner'> <div class='wp-caption-text gallery-title'>\r\n\tEinhell-Tischkreissge-TC-TS-20252-eco-2000-W-4250-min-1-2-in-1-Sgeblatt-Verstellung-fr-HheNeigung-Parallelanschlag-Winkelanschlag-fr-Gehrungsschnitte-Hartmetall-Przisions-Sgeblatt\r\n\t<\/div><div class='wp-caption-text gallery-zoom no-text'>\r\n\t\t<a href=https:\/\/heimwerker23.de\/?attachment_id=14739 title='Click to view Full Image' class='icon mustang-gallery'><i class='fa fa-plus'><\/i><\/a>\r\n\t\t<\/div><div class='wp-caption-text gallery-redirect'>\r\n\t\t<a href=https:\/\/heimwerker23.de\/?attachment_id=14739 title='Click to view read more' class='icon readmore'><i class='fa fa-link'><\/i><\/a>\r\n\t\t<\/div><\/div><\/dd><\/dl><dl class='gallery-item'>\r\n\t<dt class='gallery-icon landscape'>\r\n\t<a rel='gallery-nr'><img loading=\"lazy\" decoding=\"async\" width=\"500\" height=\"500\" src=\"https:\/\/heimwerker23.de\/wp-content\/uploads\/https:\/\/images-na.ssl-images-amazon.com\/images\/I\/41J2P5us-wL.jpg\" class=\"attachment-full size-full\" alt=\"\" srcset=\"https:\/\/heimwerker23.de\/wp-content\/uploads\/https:\/\/images-na.ssl-images-amazon.com\/images\/I\/41J2P5us-wL.jpg 500w, https:\/\/heimwerker23.de\/wp-content\/uploads\/https:\/\/images-na.ssl-images-amazon.com\/images\/I\/41J2P5us-wL._SS150_.jpg 150w, https:\/\/heimwerker23.de\/wp-content\/uploads\/https:\/\/images-na.ssl-images-amazon.com\/images\/I\/41J2P5us-wL._SS300_.jpg 300w, https:\/\/heimwerker23.de\/wp-content\/uploads\/https:\/\/images-na.ssl-images-amazon.com\/images\/I\/41J2P5us-wL._SS768_.jpg 768w, https:\/\/heimwerker23.de\/wp-content\/uploads\/https:\/\/images-na.ssl-images-amazon.com\/images\/I\/41J2P5us-wL._SS1024_.jpg 1024w, https:\/\/heimwerker23.de\/wp-content\/uploads\/https:\/\/images-na.ssl-images-amazon.com\/images\/I\/41J2P5us-wL._SS1536_.jpg 1536w, https:\/\/heimwerker23.de\/wp-content\/uploads\/https:\/\/images-na.ssl-images-amazon.com\/images\/I\/41J2P5us-wL._SS2048_.jpg 2048w, https:\/\/heimwerker23.de\/wp-content\/uploads\/https:\/\/images-na.ssl-images-amazon.com\/images\/I\/41J2P5us-wL._SS145_.jpg 145w, https:\/\/heimwerker23.de\/wp-content\/uploads\/https:\/\/images-na.ssl-images-amazon.com\/images\/I\/41J2P5us-wL._SS1400_.jpg 1400w, https:\/\/heimwerker23.de\/wp-content\/uploads\/https:\/\/images-na.ssl-images-amazon.com\/images\/I\/41J2P5us-wL._SS50_.jpg 50w, https:\/\/heimwerker23.de\/wp-content\/uploads\/https:\/\/images-na.ssl-images-amazon.com\/images\/I\/41J2P5us-wL._SS604_.jpg 604w, https:\/\/heimwerker23.de\/wp-content\/uploads\/https:\/\/images-na.ssl-images-amazon.com\/images\/I\/41J2P5us-wL._SS262_.jpg 262w, https:\/\/heimwerker23.de\/wp-content\/uploads\/https:\/\/images-na.ssl-images-amazon.com\/images\/I\/41J2P5us-wL._SS600_.jpg 600w, https:\/\/heimwerker23.de\/wp-content\/uploads\/https:\/\/images-na.ssl-images-amazon.com\/images\/I\/41J2P5us-wL._SS100_.jpg 100w\" sizes=\"auto, (max-width: 500px) 100vw, 500px\" \/><\/a>\r\n\t<\/dt>\r\n\t<dd class='wp-caption-text gallery-caption'>\r\n\t<div class='gallery-caption-inner'> <div class='wp-caption-text gallery-title'>\r\n\tEinhell-Tischkreissge-TC-TS-20252-eco-2000-W-4250-min-1-2-in-1-Sgeblatt-Verstellung-fr-HheNeigung-Parallelanschlag-Winkelanschlag-fr-Gehrungsschnitte-Hartmetall-Przisions-Sgeblatt\r\n\t<\/div><div class='wp-caption-text gallery-zoom no-text'>\r\n\t\t<a href=https:\/\/heimwerker23.de\/?attachment_id=14740 title='Click to view Full Image' class='icon mustang-gallery'><i class='fa fa-plus'><\/i><\/a>\r\n\t\t<\/div><div class='wp-caption-text gallery-redirect'>\r\n\t\t<a href=https:\/\/heimwerker23.de\/?attachment_id=14740 title='Click to view read more' class='icon readmore'><i class='fa fa-link'><\/i><\/a>\r\n\t\t<\/div><\/div><\/dd><\/dl><dl class='gallery-item'>\r\n\t<dt class='gallery-icon landscape'>\r\n\t<a rel='gallery-nr'><img loading=\"lazy\" decoding=\"async\" width=\"500\" height=\"500\" src=\"https:\/\/heimwerker23.de\/wp-content\/uploads\/https:\/\/images-na.ssl-images-amazon.com\/images\/I\/41cRLkTDB2L.jpg\" class=\"attachment-full size-full\" alt=\"\" srcset=\"https:\/\/heimwerker23.de\/wp-content\/uploads\/https:\/\/images-na.ssl-images-amazon.com\/images\/I\/41cRLkTDB2L.jpg 500w, https:\/\/heimwerker23.de\/wp-content\/uploads\/https:\/\/images-na.ssl-images-amazon.com\/images\/I\/41cRLkTDB2L._SS150_.jpg 150w, https:\/\/heimwerker23.de\/wp-content\/uploads\/https:\/\/images-na.ssl-images-amazon.com\/images\/I\/41cRLkTDB2L._SS300_.jpg 300w, https:\/\/heimwerker23.de\/wp-content\/uploads\/https:\/\/images-na.ssl-images-amazon.com\/images\/I\/41cRLkTDB2L._SS768_.jpg 768w, https:\/\/heimwerker23.de\/wp-content\/uploads\/https:\/\/images-na.ssl-images-amazon.com\/images\/I\/41cRLkTDB2L._SS1024_.jpg 1024w, https:\/\/heimwerker23.de\/wp-content\/uploads\/https:\/\/images-na.ssl-images-amazon.com\/images\/I\/41cRLkTDB2L._SS1536_.jpg 1536w, https:\/\/heimwerker23.de\/wp-content\/uploads\/https:\/\/images-na.ssl-images-amazon.com\/images\/I\/41cRLkTDB2L._SS2048_.jpg 2048w, https:\/\/heimwerker23.de\/wp-content\/uploads\/https:\/\/images-na.ssl-images-amazon.com\/images\/I\/41cRLkTDB2L._SS145_.jpg 145w, https:\/\/heimwerker23.de\/wp-content\/uploads\/https:\/\/images-na.ssl-images-amazon.com\/images\/I\/41cRLkTDB2L._SS1400_.jpg 1400w, https:\/\/heimwerker23.de\/wp-content\/uploads\/https:\/\/images-na.ssl-images-amazon.com\/images\/I\/41cRLkTDB2L._SS50_.jpg 50w, https:\/\/heimwerker23.de\/wp-content\/uploads\/https:\/\/images-na.ssl-images-amazon.com\/images\/I\/41cRLkTDB2L._SS604_.jpg 604w, https:\/\/heimwerker23.de\/wp-content\/uploads\/https:\/\/images-na.ssl-images-amazon.com\/images\/I\/41cRLkTDB2L._SS262_.jpg 262w, https:\/\/heimwerker23.de\/wp-content\/uploads\/https:\/\/images-na.ssl-images-amazon.com\/images\/I\/41cRLkTDB2L._SS600_.jpg 600w, https:\/\/heimwerker23.de\/wp-content\/uploads\/https:\/\/images-na.ssl-images-amazon.com\/images\/I\/41cRLkTDB2L._SS100_.jpg 100w\" sizes=\"auto, (max-width: 500px) 100vw, 500px\" \/><\/a>\r\n\t<\/dt>\r\n\t<dd class='wp-caption-text gallery-caption'>\r\n\t<div class='gallery-caption-inner'> <div class='wp-caption-text gallery-title'>\r\n\tEinhell-Tischkreissge-TC-TS-20252-eco-2000-W-4250-min-1-2-in-1-Sgeblatt-Verstellung-fr-HheNeigung-Parallelanschlag-Winkelanschlag-fr-Gehrungsschnitte-Hartmetall-Przisions-Sgeblatt\r\n\t<\/div><div class='wp-caption-text gallery-zoom no-text'>\r\n\t\t<a href=https:\/\/heimwerker23.de\/?attachment_id=14741 title='Click to view Full Image' class='icon mustang-gallery'><i class='fa fa-plus'><\/i><\/a>\r\n\t\t<\/div><div class='wp-caption-text gallery-redirect'>\r\n\t\t<a href=https:\/\/heimwerker23.de\/?attachment_id=14741 title='Click to view read more' class='icon readmore'><i class='fa fa-link'><\/i><\/a>\r\n\t\t<\/div><\/div><\/dd><\/dl>\r\n<\/div>\n\n<div class=\"disclaim\">                                                           Stil:<strong>Tischkreiss\u00e4ge<\/strong>                                <\/div>\n<p>                                                                                                                      <!-- show up to 2 reviews by default -->                                                      <\/p>\n<p>Die Einhell Tischkreiss\u00e4ge TC-TS 2025\/2 eco ist beliebt bei Heimwerkern und Hobby-Handwerkern &#8211; dank ihrer umfangreichen und praktischen Ausstattung. Werkst\u00fccke aus Holz, beschichteten Paneelen, Kunststoffen und Brettern lassen sich mit der Tischkreiss\u00e4ge m\u00fchelos bearbeiten. H\u00f6he und Neigung (0\u00b0-45\u00b0) sind mit einem Handgriff dank der 2-in-1-S\u00e4geblatt-Verstellung schnell und flexibel einstellbar. Der Parallelanschlag mit Exzenterklemmung sorgt ebenso f\u00fcr pr\u00e4zise Arbeitsweise wie der Winkelanschlag (+\/- 45\u00b0) f\u00fcr die gew\u00fcnschten Gehrungsschnitte. Das Geh\u00e4use ist mit einem Sp\u00e4ne-Absauganschluss (Durchmesser 35 mm) ausger\u00fcstet, so wird stets f\u00fcr einen sauberen Arbeitsplatz gesorgt. Ebenso ist beim S\u00e4geblattschutz f\u00fcr eine Sp\u00e4neabsaugung gesorgt. Das Untergestell bietet einen stabilen Stand und damit ein Plus an Arbeitssicherheit. Die Arbeitsh\u00f6he ist auf einer angenehmen H\u00f6he von 870 mm eingerichtet. Zudem erm\u00f6glicht eine Vorrichtung das schnelle und einfache Aufwickeln des Stromkabels. Das hartmetallbest\u00fcckte Pr\u00e4zisions-S\u00e4geblatt sorgt f\u00fcr beste Schnittbilder, der Schiebestock (mit Halterung am Ger\u00e4t) f\u00fcr sicheres Arbeiten. Zur Ausstattung geh\u00f6rt ein Halter f\u00fcr das mitgelieferte Werkzeug zum S\u00e4geblattwechsel.                              <\/p>\n<p>Mit bis zu 2.000 Watt und 4.250 Umdrehungen pro Minute arbeitet sich die Tischkreiss\u00e4ge zuverl\u00e4ssig durch Holz bis zu einer maximalen Schnitth\u00f6he von 53 mm bei 45\u00b0 Grad bzw. 80 mm bei 90\u00b0 Grad Neigung<br \/>\nDie 2-in-1-S\u00e4geblatt-Verstellung erlaubt ein einfaches Einstellen in der Neigung von 0\u00b0 Grad bis 45\u00b0 Grad. Mit dem Winkelanschlag gelingen Gehrungsschnitte beidseitig bis 45\u00b0 Grad<br \/>\nParallelanschlag mit Exzenterklemmung sowie ein Schiebestock mit Halterung am Ger\u00e4t sorgen f\u00fcr ein effektives und sicheres Arbeiten<br \/>\nDas Geh\u00e4use ist mit einem Sp\u00e4neabsauganschluss (35 mm) ausgestattet, der mit dem passenden Zubeh\u00f6r f\u00fcr einen sauberen Arbeitsplatz sorgt. Auch am S\u00e4geblattschutz ist eine Sp\u00e4neabsaugung integriert, so dass die Sicht auf den Schnittbereich frei ist<br \/>\nDas robuste Untergestell ist f\u00fcr einen stabilen Stand konzipiert und bietet mit 870 mm eine angenehme Arbeitsh\u00f6he. Der Arbeitstisch misst 638 x 490 mm. Am Geh\u00e4use angebracht ist eine praktische Vorrichtung zum Aufwickeln des Stromkabels<br \/>\nEin Halter f\u00fcr das mitgelieferte Werkzeug zum S\u00e4geblattwechsel sorgt f\u00fcr einen aufger\u00e4umten Arbeitplatz, bei dem das n\u00f6tige Werkzeug an seinem festen Platz stets griffbereit ist<br \/>\nIn der Lieferung inklusive ist ein hartmetallbest\u00fccktes Pr\u00e4zisions-S\u00e4geblatt \u00d8 254 x \u00d8 30 mm, mit dem die besten Schnittbilder gelingen<br \/>\n[amz_corss_sell asin=&#8220;B01DCMIIGA&#8220;]<\/p>\n","protected":false},"excerpt":{"rendered":"<p>Mit bis zu 2.000 Watt und 4.250 Umdrehungen pro Minute arbeitet sich die Tischkreiss\u00e4ge zuverl\u00e4ssig durch Holz bis zu einer maximalen Schnitth\u00f6he von 53 mm bei 45\u00b0 Grad bzw. 80 mm bei 90\u00b0 Grad Neigung<br \/>\nDie 2-in-1-S\u00e4geblatt-Verstellung erlaubt ein einfaches Einstellen in der Neigung von 0\u00b0 Grad bis 45\u00b0 Grad. Mit dem Winkelanschlag gelingen Gehrungsschnitte beidseitig bis 45\u00b0 Grad<br \/>\nParallelanschlag mit Exzenterklemmung sowie ein Schiebestock mit Halterung am Ger\u00e4t sorgen f\u00fcr ein effektives und sicheres Arbeiten<\/p>\n","protected":false},"featured_media":14735,"comment_status":"open","ping_status":"closed","template":"","meta":[],"product_cat":[118,109],"product_tag":[],"class_list":{"0":"post-14734","1":"product","2":"type-product","3":"status-publish","4":"has-post-thumbnail","6":"product_cat-kreissaege","7":"product_cat-schleifen-und-trennen","8":"pa_brand-einhell","11":"first","12":"instock","13":"shipping-taxable","14":"product-type-external"},"_links":{"self":[{"href":"https:\/\/heimwerker23.de\/index.php?rest_route=\/wp\/v2\/product\/14734","targetHints":{"allow":["GET"]}}],"collection":[{"href":"https:\/\/heimwerker23.de\/index.php?rest_route=\/wp\/v2\/product"}],"about":[{"href":"https:\/\/heimwerker23.de\/index.php?rest_route=\/wp\/v2\/types\/product"}],"replies":[{"embeddable":true,"href":"https:\/\/heimwerker23.de\/index.php?rest_route=%2Fwp%2Fv2%2Fcomments&post=14734"}],"wp:featuredmedia":[{"embeddable":true,"href":"https:\/\/heimwerker23.de\/index.php?rest_route=\/wp\/v2\/media\/14735"}],"wp:attachment":[{"href":"https:\/\/heimwerker23.de\/index.php?rest_route=%2Fwp%2Fv2%2Fmedia&parent=14734"}],"wp:term":[{"taxonomy":"product_cat","embeddable":true,"href":"https:\/\/heimwerker23.de\/index.php?rest_route=%2Fwp%2Fv2%2Fproduct_cat&post=14734"},{"taxonomy":"product_tag","embeddable":true,"href":"https:\/\/heimwerker23.de\/index.php?rest_route=%2Fwp%2Fv2%2Fproduct_tag&post=14734"}],"curies":[{"name":"wp","href":"https:\/\/api.w.org\/{rel}","templated":true}]}}