{"id":14770,"date":"2020-03-08T00:40:43","date_gmt":"2020-03-07T23:40:43","guid":{"rendered":"https:\/\/heimwerker23.de\/?product=bosch-professional-tischkreissaege-gts-635-216-1600-watt-saegeblatt-o-216-mm-saegeblattbohr-o-30-mm-im-karton"},"modified":"2023-04-09T16:54:14","modified_gmt":"2023-04-09T14:54:14","slug":"bosch-professional-tischkreissaege-gts-635-216-1600-watt-saegeblatt-o-216-mm-saegeblattbohr-o-30-mm-im-karton","status":"publish","type":"product","link":"https:\/\/heimwerker23.de\/?product=bosch-professional-tischkreissaege-gts-635-216-1600-watt-saegeblatt-o-216-mm-saegeblattbohr-o-30-mm-im-karton","title":{"rendered":"Bosch Professional Tischkreiss\u00e4ge GTS 635-216 (1600 Watt, S\u00e4geblatt-\u00d8: 216 mm, S\u00e4geblattbohr-\u00d8: 30 mm, im Karton)"},"content":{"rendered":"<div id='gallery-1' class='gallery galleryid-14770 gallery-columns-3 gallery-size-full'><dl class='gallery-item'>\r\n\t<dt class='gallery-icon landscape'>\r\n\t<a rel='gallery-nr'><img loading=\"lazy\" decoding=\"async\" width=\"500\" height=\"334\" src=\"https:\/\/heimwerker23.de\/wp-content\/uploads\/https:\/\/images-na.ssl-images-amazon.com\/images\/I\/41jVt%2BTCB3L.jpg\" class=\"attachment-full size-full\" alt=\"\" \/><\/a>\r\n\t<\/dt>\r\n\t<dd class='wp-caption-text gallery-caption'>\r\n\t<div class='gallery-caption-inner'> <div class='wp-caption-text gallery-title'>\r\n\tBosch-Professional-Tischkreissge-GTS-635-216-1600-Watt-Sgeblatt&#8211;216-mm-Sgeblattbohr&#8211;30-mm-im-Karton\r\n\t<\/div><div class='wp-caption-text gallery-zoom no-text'>\r\n\t\t<a href=https:\/\/heimwerker23.de\/?attachment_id=14771 title='Click to view Full Image' class='icon mustang-gallery'><i class='fa fa-plus'><\/i><\/a>\r\n\t\t<\/div><div class='wp-caption-text gallery-redirect'>\r\n\t\t<a href=https:\/\/heimwerker23.de\/?attachment_id=14771 title='Click to view read more' class='icon readmore'><i class='fa fa-link'><\/i><\/a>\r\n\t\t<\/div><\/div><\/dd><\/dl><dl class='gallery-item'>\r\n\t<dt class='gallery-icon landscape'>\r\n\t<a rel='gallery-nr'><img loading=\"lazy\" decoding=\"async\" width=\"500\" height=\"333\" src=\"https:\/\/heimwerker23.de\/wp-content\/uploads\/https:\/\/images-na.ssl-images-amazon.com\/images\/I\/41Q-ig8mDRL.jpg\" class=\"attachment-full size-full\" alt=\"\" \/><\/a>\r\n\t<\/dt>\r\n\t<dd class='wp-caption-text gallery-caption'>\r\n\t<div class='gallery-caption-inner'> <div class='wp-caption-text gallery-title'>\r\n\tBosch-Professional-Tischkreissge-GTS-635-216-1600-Watt-Sgeblatt&#8211;216-mm-Sgeblattbohr&#8211;30-mm-im-Karton\r\n\t<\/div><div class='wp-caption-text gallery-zoom no-text'>\r\n\t\t<a href=https:\/\/heimwerker23.de\/?attachment_id=14772 title='Click to view Full Image' class='icon mustang-gallery'><i class='fa fa-plus'><\/i><\/a>\r\n\t\t<\/div><div class='wp-caption-text gallery-redirect'>\r\n\t\t<a href=https:\/\/heimwerker23.de\/?attachment_id=14772 title='Click to view read more' class='icon readmore'><i class='fa fa-link'><\/i><\/a>\r\n\t\t<\/div><\/div><\/dd><\/dl><dl class='gallery-item'>\r\n\t<dt class='gallery-icon landscape'>\r\n\t<a rel='gallery-nr'><img loading=\"lazy\" decoding=\"async\" width=\"500\" height=\"333\" src=\"https:\/\/heimwerker23.de\/wp-content\/uploads\/https:\/\/images-na.ssl-images-amazon.com\/images\/I\/51%2BqRK%2Bz94L.jpg\" class=\"attachment-full size-full\" alt=\"\" \/><\/a>\r\n\t<\/dt>\r\n\t<dd class='wp-caption-text gallery-caption'>\r\n\t<div class='gallery-caption-inner'> <div class='wp-caption-text gallery-title'>\r\n\tBosch-Professional-Tischkreissge-GTS-635-216-1600-Watt-Sgeblatt&#8211;216-mm-Sgeblattbohr&#8211;30-mm-im-Karton\r\n\t<\/div><div class='wp-caption-text gallery-zoom no-text'>\r\n\t\t<a href=https:\/\/heimwerker23.de\/?attachment_id=14773 title='Click to view Full Image' class='icon mustang-gallery'><i class='fa fa-plus'><\/i><\/a>\r\n\t\t<\/div><div class='wp-caption-text gallery-redirect'>\r\n\t\t<a href=https:\/\/heimwerker23.de\/?attachment_id=14773 title='Click to view read more' class='icon readmore'><i class='fa fa-link'><\/i><\/a>\r\n\t\t<\/div><\/div><\/dd><\/dl><dl class='gallery-item'>\r\n\t<dt class='gallery-icon landscape'>\r\n\t<a rel='gallery-nr'><img loading=\"lazy\" decoding=\"async\" width=\"500\" height=\"333\" src=\"https:\/\/heimwerker23.de\/wp-content\/uploads\/https:\/\/images-na.ssl-images-amazon.com\/images\/I\/51cJLEi38UL.jpg\" class=\"attachment-full size-full\" alt=\"\" \/><\/a>\r\n\t<\/dt>\r\n\t<dd class='wp-caption-text gallery-caption'>\r\n\t<div class='gallery-caption-inner'> <div class='wp-caption-text gallery-title'>\r\n\tBosch-Professional-Tischkreissge-GTS-635-216-1600-Watt-Sgeblatt&#8211;216-mm-Sgeblattbohr&#8211;30-mm-im-Karton\r\n\t<\/div><div class='wp-caption-text gallery-zoom no-text'>\r\n\t\t<a href=https:\/\/heimwerker23.de\/?attachment_id=14774 title='Click to view Full Image' class='icon mustang-gallery'><i class='fa fa-plus'><\/i><\/a>\r\n\t\t<\/div><div class='wp-caption-text gallery-redirect'>\r\n\t\t<a href=https:\/\/heimwerker23.de\/?attachment_id=14774 title='Click to view read more' class='icon readmore'><i class='fa fa-link'><\/i><\/a>\r\n\t\t<\/div><\/div><\/dd><\/dl>\r\n<\/div>\n<br \/>\n<!-- show up to 2 reviews by default -->                                                      <\/p>\n<p><b><\/b><\/p>\n<h2><b>Bosch Tischkreiss\u00e4ge GTS 635-2016<\/b><\/h2>\n<\/p>\n<p>Die <b>GTS Tischs\u00e4ge 635-2016<\/b> von Bosch Professional ist dank ihrer Schnitth\u00f6he von 70 mm und ihrer Schnittkapazit\u00e4t von 635 mm vielseitig einsetzbar.<br \/> Der 1600 Watt starke Motor garantiert beste Arbeitsergebnisse. Dank den ergonomischen Griffen, den Aufbewahrungsm\u00f6glichkeiten und dem geringen Gewicht l\u00e4sst sich die kompakte S\u00e4ge ohne gro\u00dfen Aufwand transportieren.<br \/> Mit der Kreiss\u00e4ge ist ein sicheres Arbeiten zu jeder Zeit garantiert. Daf\u00fcr sorgen Funktionen wie Softstart, Neustart-Schutz, ein neuer Klingenschutz, ein Sicherheitsschalter und die Staubsammlung.<\/p>\n<\/p>\n<p>Die Tisch Kreiss\u00e4ge GTS 635-216 Professional &#8211; hervoragende Leistung dank 1600 Watt Motor<br \/>\nBeste Arbeitsergebnisse dank verbesserter Schnittkapazit\u00e4t von 635 mm und Schnitth\u00f6he von 70 mm<br \/>\nSicheres Arbeiten durch Softstart, Neustart-Schutz, Klingenschutz, Sicherheitsschalter und Staubsammlung<br \/>\nEinfacher und sicherer Transport dank ergonomischen Griffen, geringem Gewicht und sicherer Aufbewahrung<br \/>\nLieferumfang: GTS 635-216, Karton<br \/>\n[amz_corss_sell asin=&#8220;B07R3X3MQM&#8220;]<\/p>\n","protected":false},"excerpt":{"rendered":"<p>Die Tisch Kreiss\u00e4ge GTS 635-216 Professional &#8211; hervoragende Leistung dank 1600 Watt Motor<br \/>\nBeste Arbeitsergebnisse dank verbesserter Schnittkapazit\u00e4t von 635 mm und Schnitth\u00f6he von 70 mm<br \/>\nSicheres Arbeiten durch Softstart, Neustart-Schutz, Klingenschutz, Sicherheitsschalter und Staubsammlung<\/p>\n","protected":false},"featured_media":14771,"comment_status":"open","ping_status":"closed","template":"","meta":[],"product_cat":[118,109],"product_tag":[],"class_list":{"0":"post-14770","1":"product","2":"type-product","3":"status-publish","4":"has-post-thumbnail","6":"product_cat-kreissaege","7":"product_cat-schleifen-und-trennen","8":"pa_brand-bosch-professional","11":"first","12":"instock","13":"shipping-taxable","14":"product-type-external"},"_links":{"self":[{"href":"https:\/\/heimwerker23.de\/index.php?rest_route=\/wp\/v2\/product\/14770","targetHints":{"allow":["GET"]}}],"collection":[{"href":"https:\/\/heimwerker23.de\/index.php?rest_route=\/wp\/v2\/product"}],"about":[{"href":"https:\/\/heimwerker23.de\/index.php?rest_route=\/wp\/v2\/types\/product"}],"replies":[{"embeddable":true,"href":"https:\/\/heimwerker23.de\/index.php?rest_route=%2Fwp%2Fv2%2Fcomments&post=14770"}],"wp:featuredmedia":[{"embeddable":true,"href":"https:\/\/heimwerker23.de\/index.php?rest_route=\/wp\/v2\/media\/14771"}],"wp:attachment":[{"href":"https:\/\/heimwerker23.de\/index.php?rest_route=%2Fwp%2Fv2%2Fmedia&parent=14770"}],"wp:term":[{"taxonomy":"product_cat","embeddable":true,"href":"https:\/\/heimwerker23.de\/index.php?rest_route=%2Fwp%2Fv2%2Fproduct_cat&post=14770"},{"taxonomy":"product_tag","embeddable":true,"href":"https:\/\/heimwerker23.de\/index.php?rest_route=%2Fwp%2Fv2%2Fproduct_tag&post=14770"}],"curies":[{"name":"wp","href":"https:\/\/api.w.org\/{rel}","templated":true}]}}