{"id":14827,"date":"2020-03-08T00:45:51","date_gmt":"2020-03-07T23:45:51","guid":{"rendered":"https:\/\/heimwerker23.de\/?product=einhell-4331210-te-cs-18-190-li-bl-solo-akku-handkreissaege"},"modified":"2023-04-09T16:54:15","modified_gmt":"2023-04-09T14:54:15","slug":"einhell-4331210-te-cs-18-190-li-bl-solo-akku-handkreissaege","status":"publish","type":"product","link":"https:\/\/heimwerker23.de\/?product=einhell-4331210-te-cs-18-190-li-bl-solo-akku-handkreissaege","title":{"rendered":"Einhell Professional Akku-Handkreiss\u00e4ge TP-CS 18\/190 Li BL-Solo Power X-Change (18 V, \u00d8190 mm S\u00e4geblatt, Brushless, 65\u2026"},"content":{"rendered":"<div id='gallery-1' class='gallery galleryid-14827 gallery-columns-3 gallery-size-full'><dl class='gallery-item'>\r\n\t<dt class='gallery-icon landscape'>\r\n\t<a rel='gallery-nr'><img loading=\"lazy\" decoding=\"async\" width=\"500\" height=\"434\" src=\"https:\/\/heimwerker23.de\/wp-content\/uploads\/https:\/\/images-na.ssl-images-amazon.com\/images\/I\/51dCv5HQKPL.jpg\" class=\"attachment-full size-full\" alt=\"\" \/><\/a>\r\n\t<\/dt>\r\n\t<dd class='wp-caption-text gallery-caption'>\r\n\t<div class='gallery-caption-inner'> <div class='wp-caption-text gallery-title'>\r\n\tEinhell-4331210-TE-CS-18190-Li-BL-Solo-Akku-Handkreissge\r\n\t<\/div><div class='wp-caption-text gallery-zoom no-text'>\r\n\t\t<a href=https:\/\/heimwerker23.de\/?attachment_id=14828 title='Click to view Full Image' class='icon mustang-gallery'><i class='fa fa-plus'><\/i><\/a>\r\n\t\t<\/div><div class='wp-caption-text gallery-redirect'>\r\n\t\t<a href=https:\/\/heimwerker23.de\/?attachment_id=14828 title='Click to view read more' class='icon readmore'><i class='fa fa-link'><\/i><\/a>\r\n\t\t<\/div><\/div><\/dd><\/dl><dl class='gallery-item'>\r\n\t<dt class='gallery-icon landscape'>\r\n\t<a rel='gallery-nr'><img loading=\"lazy\" decoding=\"async\" width=\"500\" height=\"333\" src=\"https:\/\/heimwerker23.de\/wp-content\/uploads\/https:\/\/images-na.ssl-images-amazon.com\/images\/I\/51suEEVlQhL.jpg\" class=\"attachment-full size-full\" alt=\"\" \/><\/a>\r\n\t<\/dt>\r\n\t<dd class='wp-caption-text gallery-caption'>\r\n\t<div class='gallery-caption-inner'> <div class='wp-caption-text gallery-title'>\r\n\tEinhell-4331210-TE-CS-18190-Li-BL-Solo-Akku-Handkreissge\r\n\t<\/div><div class='wp-caption-text gallery-zoom no-text'>\r\n\t\t<a href=https:\/\/heimwerker23.de\/?attachment_id=14829 title='Click to view Full Image' class='icon mustang-gallery'><i class='fa fa-plus'><\/i><\/a>\r\n\t\t<\/div><div class='wp-caption-text gallery-redirect'>\r\n\t\t<a href=https:\/\/heimwerker23.de\/?attachment_id=14829 title='Click to view read more' class='icon readmore'><i class='fa fa-link'><\/i><\/a>\r\n\t\t<\/div><\/div><\/dd><\/dl><dl class='gallery-item'>\r\n\t<dt class='gallery-icon landscape'>\r\n\t<a rel='gallery-nr'><img loading=\"lazy\" decoding=\"async\" width=\"500\" height=\"500\" src=\"https:\/\/heimwerker23.de\/wp-content\/uploads\/https:\/\/images-na.ssl-images-amazon.com\/images\/I\/51oAOWWhBtL.jpg\" class=\"attachment-full size-full\" alt=\"\" srcset=\"https:\/\/heimwerker23.de\/wp-content\/uploads\/https:\/\/images-na.ssl-images-amazon.com\/images\/I\/51oAOWWhBtL.jpg 500w, https:\/\/heimwerker23.de\/wp-content\/uploads\/https:\/\/images-na.ssl-images-amazon.com\/images\/I\/51oAOWWhBtL._SS150_.jpg 150w, https:\/\/heimwerker23.de\/wp-content\/uploads\/https:\/\/images-na.ssl-images-amazon.com\/images\/I\/51oAOWWhBtL._SS300_.jpg 300w, https:\/\/heimwerker23.de\/wp-content\/uploads\/https:\/\/images-na.ssl-images-amazon.com\/images\/I\/51oAOWWhBtL._SS768_.jpg 768w, https:\/\/heimwerker23.de\/wp-content\/uploads\/https:\/\/images-na.ssl-images-amazon.com\/images\/I\/51oAOWWhBtL._SS1024_.jpg 1024w, https:\/\/heimwerker23.de\/wp-content\/uploads\/https:\/\/images-na.ssl-images-amazon.com\/images\/I\/51oAOWWhBtL._SS1536_.jpg 1536w, https:\/\/heimwerker23.de\/wp-content\/uploads\/https:\/\/images-na.ssl-images-amazon.com\/images\/I\/51oAOWWhBtL._SS2048_.jpg 2048w, https:\/\/heimwerker23.de\/wp-content\/uploads\/https:\/\/images-na.ssl-images-amazon.com\/images\/I\/51oAOWWhBtL._SS145_.jpg 145w, https:\/\/heimwerker23.de\/wp-content\/uploads\/https:\/\/images-na.ssl-images-amazon.com\/images\/I\/51oAOWWhBtL._SS1400_.jpg 1400w, https:\/\/heimwerker23.de\/wp-content\/uploads\/https:\/\/images-na.ssl-images-amazon.com\/images\/I\/51oAOWWhBtL._SS50_.jpg 50w, https:\/\/heimwerker23.de\/wp-content\/uploads\/https:\/\/images-na.ssl-images-amazon.com\/images\/I\/51oAOWWhBtL._SS604_.jpg 604w, https:\/\/heimwerker23.de\/wp-content\/uploads\/https:\/\/images-na.ssl-images-amazon.com\/images\/I\/51oAOWWhBtL._SS262_.jpg 262w, https:\/\/heimwerker23.de\/wp-content\/uploads\/https:\/\/images-na.ssl-images-amazon.com\/images\/I\/51oAOWWhBtL._SS600_.jpg 600w, https:\/\/heimwerker23.de\/wp-content\/uploads\/https:\/\/images-na.ssl-images-amazon.com\/images\/I\/51oAOWWhBtL._SS100_.jpg 100w\" sizes=\"auto, (max-width: 500px) 100vw, 500px\" \/><\/a>\r\n\t<\/dt>\r\n\t<dd class='wp-caption-text gallery-caption'>\r\n\t<div class='gallery-caption-inner'> <div class='wp-caption-text gallery-title'>\r\n\tEinhell-4331210-TE-CS-18190-Li-BL-Solo-Akku-Handkreissge\r\n\t<\/div><div class='wp-caption-text gallery-zoom no-text'>\r\n\t\t<a href=https:\/\/heimwerker23.de\/?attachment_id=14830 title='Click to view Full Image' class='icon mustang-gallery'><i class='fa fa-plus'><\/i><\/a>\r\n\t\t<\/div><div class='wp-caption-text gallery-redirect'>\r\n\t\t<a href=https:\/\/heimwerker23.de\/?attachment_id=14830 title='Click to view read more' class='icon readmore'><i class='fa fa-link'><\/i><\/a>\r\n\t\t<\/div><\/div><\/dd><\/dl><dl class='gallery-item'>\r\n\t<dt class='gallery-icon landscape'>\r\n\t<a rel='gallery-nr'><img loading=\"lazy\" decoding=\"async\" width=\"500\" height=\"500\" src=\"https:\/\/heimwerker23.de\/wp-content\/uploads\/https:\/\/images-na.ssl-images-amazon.com\/images\/I\/511Sn7-DFFL.jpg\" class=\"attachment-full size-full\" alt=\"\" srcset=\"https:\/\/heimwerker23.de\/wp-content\/uploads\/https:\/\/images-na.ssl-images-amazon.com\/images\/I\/511Sn7-DFFL.jpg 500w, https:\/\/heimwerker23.de\/wp-content\/uploads\/https:\/\/images-na.ssl-images-amazon.com\/images\/I\/511Sn7-DFFL._SS150_.jpg 150w, https:\/\/heimwerker23.de\/wp-content\/uploads\/https:\/\/images-na.ssl-images-amazon.com\/images\/I\/511Sn7-DFFL._SS300_.jpg 300w, https:\/\/heimwerker23.de\/wp-content\/uploads\/https:\/\/images-na.ssl-images-amazon.com\/images\/I\/511Sn7-DFFL._SS768_.jpg 768w, https:\/\/heimwerker23.de\/wp-content\/uploads\/https:\/\/images-na.ssl-images-amazon.com\/images\/I\/511Sn7-DFFL._SS1024_.jpg 1024w, https:\/\/heimwerker23.de\/wp-content\/uploads\/https:\/\/images-na.ssl-images-amazon.com\/images\/I\/511Sn7-DFFL._SS1536_.jpg 1536w, https:\/\/heimwerker23.de\/wp-content\/uploads\/https:\/\/images-na.ssl-images-amazon.com\/images\/I\/511Sn7-DFFL._SS2048_.jpg 2048w, https:\/\/heimwerker23.de\/wp-content\/uploads\/https:\/\/images-na.ssl-images-amazon.com\/images\/I\/511Sn7-DFFL._SS145_.jpg 145w, https:\/\/heimwerker23.de\/wp-content\/uploads\/https:\/\/images-na.ssl-images-amazon.com\/images\/I\/511Sn7-DFFL._SS1400_.jpg 1400w, https:\/\/heimwerker23.de\/wp-content\/uploads\/https:\/\/images-na.ssl-images-amazon.com\/images\/I\/511Sn7-DFFL._SS50_.jpg 50w, https:\/\/heimwerker23.de\/wp-content\/uploads\/https:\/\/images-na.ssl-images-amazon.com\/images\/I\/511Sn7-DFFL._SS604_.jpg 604w, https:\/\/heimwerker23.de\/wp-content\/uploads\/https:\/\/images-na.ssl-images-amazon.com\/images\/I\/511Sn7-DFFL._SS262_.jpg 262w, https:\/\/heimwerker23.de\/wp-content\/uploads\/https:\/\/images-na.ssl-images-amazon.com\/images\/I\/511Sn7-DFFL._SS600_.jpg 600w, https:\/\/heimwerker23.de\/wp-content\/uploads\/https:\/\/images-na.ssl-images-amazon.com\/images\/I\/511Sn7-DFFL._SS100_.jpg 100w\" sizes=\"auto, (max-width: 500px) 100vw, 500px\" \/><\/a>\r\n\t<\/dt>\r\n\t<dd class='wp-caption-text gallery-caption'>\r\n\t<div class='gallery-caption-inner'> <div class='wp-caption-text gallery-title'>\r\n\tEinhell-4331210-TE-CS-18190-Li-BL-Solo-Akku-Handkreissge\r\n\t<\/div><div class='wp-caption-text gallery-zoom no-text'>\r\n\t\t<a href=https:\/\/heimwerker23.de\/?attachment_id=14831 title='Click to view Full Image' class='icon mustang-gallery'><i class='fa fa-plus'><\/i><\/a>\r\n\t\t<\/div><div class='wp-caption-text gallery-redirect'>\r\n\t\t<a href=https:\/\/heimwerker23.de\/?attachment_id=14831 title='Click to view read more' class='icon readmore'><i class='fa fa-link'><\/i><\/a>\r\n\t\t<\/div><\/div><\/dd><\/dl><dl class='gallery-item'>\r\n\t<dt class='gallery-icon landscape'>\r\n\t<a rel='gallery-nr'><img loading=\"lazy\" decoding=\"async\" width=\"500\" height=\"500\" src=\"https:\/\/heimwerker23.de\/wp-content\/uploads\/https:\/\/images-na.ssl-images-amazon.com\/images\/I\/510TpR54b4L.jpg\" class=\"attachment-full size-full\" alt=\"\" srcset=\"https:\/\/heimwerker23.de\/wp-content\/uploads\/https:\/\/images-na.ssl-images-amazon.com\/images\/I\/510TpR54b4L.jpg 500w, https:\/\/heimwerker23.de\/wp-content\/uploads\/https:\/\/images-na.ssl-images-amazon.com\/images\/I\/510TpR54b4L._SS150_.jpg 150w, https:\/\/heimwerker23.de\/wp-content\/uploads\/https:\/\/images-na.ssl-images-amazon.com\/images\/I\/510TpR54b4L._SS300_.jpg 300w, https:\/\/heimwerker23.de\/wp-content\/uploads\/https:\/\/images-na.ssl-images-amazon.com\/images\/I\/510TpR54b4L._SS768_.jpg 768w, https:\/\/heimwerker23.de\/wp-content\/uploads\/https:\/\/images-na.ssl-images-amazon.com\/images\/I\/510TpR54b4L._SS1024_.jpg 1024w, https:\/\/heimwerker23.de\/wp-content\/uploads\/https:\/\/images-na.ssl-images-amazon.com\/images\/I\/510TpR54b4L._SS1536_.jpg 1536w, https:\/\/heimwerker23.de\/wp-content\/uploads\/https:\/\/images-na.ssl-images-amazon.com\/images\/I\/510TpR54b4L._SS2048_.jpg 2048w, https:\/\/heimwerker23.de\/wp-content\/uploads\/https:\/\/images-na.ssl-images-amazon.com\/images\/I\/510TpR54b4L._SS145_.jpg 145w, https:\/\/heimwerker23.de\/wp-content\/uploads\/https:\/\/images-na.ssl-images-amazon.com\/images\/I\/510TpR54b4L._SS1400_.jpg 1400w, https:\/\/heimwerker23.de\/wp-content\/uploads\/https:\/\/images-na.ssl-images-amazon.com\/images\/I\/510TpR54b4L._SS50_.jpg 50w, https:\/\/heimwerker23.de\/wp-content\/uploads\/https:\/\/images-na.ssl-images-amazon.com\/images\/I\/510TpR54b4L._SS604_.jpg 604w, https:\/\/heimwerker23.de\/wp-content\/uploads\/https:\/\/images-na.ssl-images-amazon.com\/images\/I\/510TpR54b4L._SS262_.jpg 262w, https:\/\/heimwerker23.de\/wp-content\/uploads\/https:\/\/images-na.ssl-images-amazon.com\/images\/I\/510TpR54b4L._SS600_.jpg 600w, https:\/\/heimwerker23.de\/wp-content\/uploads\/https:\/\/images-na.ssl-images-amazon.com\/images\/I\/510TpR54b4L._SS100_.jpg 100w\" sizes=\"auto, (max-width: 500px) 100vw, 500px\" \/><\/a>\r\n\t<\/dt>\r\n\t<dd class='wp-caption-text gallery-caption'>\r\n\t<div class='gallery-caption-inner'> <div class='wp-caption-text gallery-title'>\r\n\tEinhell-4331210-TE-CS-18190-Li-BL-Solo-Akku-Handkreissge\r\n\t<\/div><div class='wp-caption-text gallery-zoom no-text'>\r\n\t\t<a href=https:\/\/heimwerker23.de\/?attachment_id=14832 title='Click to view Full Image' class='icon mustang-gallery'><i class='fa fa-plus'><\/i><\/a>\r\n\t\t<\/div><div class='wp-caption-text gallery-redirect'>\r\n\t\t<a href=https:\/\/heimwerker23.de\/?attachment_id=14832 title='Click to view read more' class='icon readmore'><i class='fa fa-link'><\/i><\/a>\r\n\t\t<\/div><\/div><\/dd><\/dl><dl class='gallery-item'>\r\n\t<dt class='gallery-icon landscape'>\r\n\t<a rel='gallery-nr'><img loading=\"lazy\" decoding=\"async\" width=\"500\" height=\"500\" src=\"https:\/\/heimwerker23.de\/wp-content\/uploads\/https:\/\/images-na.ssl-images-amazon.com\/images\/I\/51axLeNPSxL.jpg\" class=\"attachment-full size-full\" alt=\"\" srcset=\"https:\/\/heimwerker23.de\/wp-content\/uploads\/https:\/\/images-na.ssl-images-amazon.com\/images\/I\/51axLeNPSxL.jpg 500w, https:\/\/heimwerker23.de\/wp-content\/uploads\/https:\/\/images-na.ssl-images-amazon.com\/images\/I\/51axLeNPSxL._SS150_.jpg 150w, https:\/\/heimwerker23.de\/wp-content\/uploads\/https:\/\/images-na.ssl-images-amazon.com\/images\/I\/51axLeNPSxL._SS300_.jpg 300w, https:\/\/heimwerker23.de\/wp-content\/uploads\/https:\/\/images-na.ssl-images-amazon.com\/images\/I\/51axLeNPSxL._SS768_.jpg 768w, https:\/\/heimwerker23.de\/wp-content\/uploads\/https:\/\/images-na.ssl-images-amazon.com\/images\/I\/51axLeNPSxL._SS1024_.jpg 1024w, https:\/\/heimwerker23.de\/wp-content\/uploads\/https:\/\/images-na.ssl-images-amazon.com\/images\/I\/51axLeNPSxL._SS1536_.jpg 1536w, https:\/\/heimwerker23.de\/wp-content\/uploads\/https:\/\/images-na.ssl-images-amazon.com\/images\/I\/51axLeNPSxL._SS2048_.jpg 2048w, https:\/\/heimwerker23.de\/wp-content\/uploads\/https:\/\/images-na.ssl-images-amazon.com\/images\/I\/51axLeNPSxL._SS145_.jpg 145w, https:\/\/heimwerker23.de\/wp-content\/uploads\/https:\/\/images-na.ssl-images-amazon.com\/images\/I\/51axLeNPSxL._SS1400_.jpg 1400w, https:\/\/heimwerker23.de\/wp-content\/uploads\/https:\/\/images-na.ssl-images-amazon.com\/images\/I\/51axLeNPSxL._SS50_.jpg 50w, https:\/\/heimwerker23.de\/wp-content\/uploads\/https:\/\/images-na.ssl-images-amazon.com\/images\/I\/51axLeNPSxL._SS604_.jpg 604w, https:\/\/heimwerker23.de\/wp-content\/uploads\/https:\/\/images-na.ssl-images-amazon.com\/images\/I\/51axLeNPSxL._SS262_.jpg 262w, https:\/\/heimwerker23.de\/wp-content\/uploads\/https:\/\/images-na.ssl-images-amazon.com\/images\/I\/51axLeNPSxL._SS600_.jpg 600w, https:\/\/heimwerker23.de\/wp-content\/uploads\/https:\/\/images-na.ssl-images-amazon.com\/images\/I\/51axLeNPSxL._SS100_.jpg 100w\" sizes=\"auto, (max-width: 500px) 100vw, 500px\" \/><\/a>\r\n\t<\/dt>\r\n\t<dd class='wp-caption-text gallery-caption'>\r\n\t<div class='gallery-caption-inner'> <div class='wp-caption-text gallery-title'>\r\n\tEinhell-4331210-TE-CS-18190-Li-BL-Solo-Akku-Handkreissge\r\n\t<\/div><div class='wp-caption-text gallery-zoom no-text'>\r\n\t\t<a href=https:\/\/heimwerker23.de\/?attachment_id=14833 title='Click to view Full Image' class='icon mustang-gallery'><i class='fa fa-plus'><\/i><\/a>\r\n\t\t<\/div><div class='wp-caption-text gallery-redirect'>\r\n\t\t<a href=https:\/\/heimwerker23.de\/?attachment_id=14833 title='Click to view read more' class='icon readmore'><i class='fa fa-link'><\/i><\/a>\r\n\t\t<\/div><\/div><\/dd><\/dl><dl class='gallery-item'>\r\n\t<dt class='gallery-icon landscape'>\r\n\t<a rel='gallery-nr'><img loading=\"lazy\" decoding=\"async\" width=\"500\" height=\"500\" src=\"https:\/\/heimwerker23.de\/wp-content\/uploads\/https:\/\/images-na.ssl-images-amazon.com\/images\/I\/41MESjHellL.jpg\" class=\"attachment-full size-full\" alt=\"\" srcset=\"https:\/\/heimwerker23.de\/wp-content\/uploads\/https:\/\/images-na.ssl-images-amazon.com\/images\/I\/41MESjHellL.jpg 500w, https:\/\/heimwerker23.de\/wp-content\/uploads\/https:\/\/images-na.ssl-images-amazon.com\/images\/I\/41MESjHellL._SS150_.jpg 150w, https:\/\/heimwerker23.de\/wp-content\/uploads\/https:\/\/images-na.ssl-images-amazon.com\/images\/I\/41MESjHellL._SS300_.jpg 300w, https:\/\/heimwerker23.de\/wp-content\/uploads\/https:\/\/images-na.ssl-images-amazon.com\/images\/I\/41MESjHellL._SS768_.jpg 768w, https:\/\/heimwerker23.de\/wp-content\/uploads\/https:\/\/images-na.ssl-images-amazon.com\/images\/I\/41MESjHellL._SS1024_.jpg 1024w, https:\/\/heimwerker23.de\/wp-content\/uploads\/https:\/\/images-na.ssl-images-amazon.com\/images\/I\/41MESjHellL._SS1536_.jpg 1536w, https:\/\/heimwerker23.de\/wp-content\/uploads\/https:\/\/images-na.ssl-images-amazon.com\/images\/I\/41MESjHellL._SS2048_.jpg 2048w, https:\/\/heimwerker23.de\/wp-content\/uploads\/https:\/\/images-na.ssl-images-amazon.com\/images\/I\/41MESjHellL._SS145_.jpg 145w, https:\/\/heimwerker23.de\/wp-content\/uploads\/https:\/\/images-na.ssl-images-amazon.com\/images\/I\/41MESjHellL._SS1400_.jpg 1400w, https:\/\/heimwerker23.de\/wp-content\/uploads\/https:\/\/images-na.ssl-images-amazon.com\/images\/I\/41MESjHellL._SS50_.jpg 50w, https:\/\/heimwerker23.de\/wp-content\/uploads\/https:\/\/images-na.ssl-images-amazon.com\/images\/I\/41MESjHellL._SS604_.jpg 604w, https:\/\/heimwerker23.de\/wp-content\/uploads\/https:\/\/images-na.ssl-images-amazon.com\/images\/I\/41MESjHellL._SS262_.jpg 262w, https:\/\/heimwerker23.de\/wp-content\/uploads\/https:\/\/images-na.ssl-images-amazon.com\/images\/I\/41MESjHellL._SS600_.jpg 600w, https:\/\/heimwerker23.de\/wp-content\/uploads\/https:\/\/images-na.ssl-images-amazon.com\/images\/I\/41MESjHellL._SS100_.jpg 100w\" sizes=\"auto, (max-width: 500px) 100vw, 500px\" \/><\/a>\r\n\t<\/dt>\r\n\t<dd class='wp-caption-text gallery-caption'>\r\n\t<div class='gallery-caption-inner'> <div class='wp-caption-text gallery-title'>\r\n\tEinhell-4331210-TE-CS-18190-Li-BL-Solo-Akku-Handkreissge\r\n\t<\/div><div class='wp-caption-text gallery-zoom no-text'>\r\n\t\t<a href=https:\/\/heimwerker23.de\/?attachment_id=14834 title='Click to view Full Image' class='icon mustang-gallery'><i class='fa fa-plus'><\/i><\/a>\r\n\t\t<\/div><div class='wp-caption-text gallery-redirect'>\r\n\t\t<a href=https:\/\/heimwerker23.de\/?attachment_id=14834 title='Click to view read more' class='icon readmore'><i class='fa fa-link'><\/i><\/a>\r\n\t\t<\/div><\/div><\/dd><\/dl>\r\n<\/div>\n<br \/>\n<!-- show up to 2 reviews by default -->                                                      <\/p>\n<p>Die Einhell Akku-Handkreiss\u00e4ge TE-CS 18\/190 Li BL- Solo ist ein leistungsstarkes Mitglied der Power X-Change-Familie von Einhell. Die hochwertigen Lithium-Ionen-Akkus der Systemreihe sind unbegrenzt mit allen PXC-Ger\u00e4ten kombinierbar. Zudem liefert der b\u00fcrstenlose Motor mehr Power und eine l\u00e4ngere Laufzeit als herk\u00f6mmliche Kohleb\u00fcrsten-Motoren \u2013 ganz ohne mechanische Verschlei\u00dferscheinungen. Handlich und einfach zu bedienen ist die Akku-Handkreiss\u00e4ge durch die werkzeuglosen Einstellungsm\u00f6glichkeiten in Schnitttiefe und Neigungswinkel sowie durch den einfachen S\u00e4geblattwechsel per Spindelarretierung. Der Spaltkeil passt sich der Schnitttiefe an und der Parallelanschlag sorgt f\u00fcr exakte Schnitte. Der gro\u00dfe Griffb\u00fcgel erlaubt durch einen sicheren und festen Halt erm\u00fcdungsfreies Arbeiten. Der hochwertige S\u00e4getisch ist aus robustem und zugleich leichtem Aluminium gefertigt. Das hochwertige Hartmetall-S\u00e4geblatt bietet exakte und saubere Schnitte. Der Staubsaugeradapter sorgt f\u00fcr einen sauberen Arbeitsplatz. Eine optimale Ausrichtung des Schnittbereichs bietet die hochwertige LED-Beleuchtung. Die Akku-Handkreiss\u00e4ge ist mit allen Einhell F\u00fchrungsschienen kompatibel. Die Lieferung erfolgt ohne Akku und ohne Ladeger\u00e4t. Diese sind separat erh\u00e4ltlich, zum Beispiel als praktisches Starter-Set.                              <\/p>\n<p>Die Einhell Akku-Handkreiss\u00e4ge TE-CS 18\/190 Li BL- Solo ist ein leistungsstarkes Mitglied der Power X-Change-Familie von Einhell. Das hochwertige Hartmetall-S\u00e4geblatt bietet exakte und saubere Schnitte.<br \/>\nDer b\u00fcrstenlose Motor liefert mehr Power und eine l\u00e4ngere Laufzeit als herk\u00f6mmliche Kohleb\u00fcrsten-Motoren \u2013 ganz ohne mechanische Verschlei\u00dferscheinungen. Der hochwertige S\u00e4getisch ist aus robustem und zugleich leichtem Aluminium gefertigt.<br \/>\nHandlich und einfach zu bedienen ist die Akku-Handkreiss\u00e4ge durch die werkzeuglosen Einstellungsm\u00f6glichkeiten in Schnitttiefe und Neigungswinkel sowie durch den einfachen S\u00e4geblattwechsel per Spindelarretierung.<br \/>\nDer Parallelanschlag sorgt f\u00fcr exakte Schnitte. Der gro\u00dfe Griffbereich erlaubt durch einen sicheren und festen Halt erm\u00fcdungsfreies Arbeiten.<br \/>\nDer Staubsaugeradapter sorgt f\u00fcr einen sauberen Arbeitsplatz. Eine optimale Ausleuchtung des Schnittbereichs bietet die hochwertige LED-Beleuchtung. Die Akku-Handkreiss\u00e4ge ist mit allen Einhell F\u00fchrungsschienen kompatibel.<br \/>\nDie hochwertigen Lithium-Ionen-Akkus der Power X-Change-Reihe sind unbegrenzt mit allen PXC-Ger\u00e4ten kombinierbar. Die Lieferung erfolgt ohne Akku und ohne Ladeger\u00e4t. Diese sind separat erh\u00e4ltlich, zum Beispiel als praktisches Starter-Set.<br \/>\n[amz_corss_sell asin=&#8220;B083X4K8S8&#8243;]<\/p>\n","protected":false},"excerpt":{"rendered":"<p>Die Einhell Akku-Handkreiss\u00e4ge TE-CS 18\/190 Li BL- Solo ist ein leistungsstarkes Mitglied der Power X-Change-Familie von Einhell. Das hochwertige Hartmetall-S\u00e4geblatt bietet exakte und saubere Schnitte.<br \/>\nDer b\u00fcrstenlose Motor liefert mehr Power und eine l\u00e4ngere Laufzeit als herk\u00f6mmliche Kohleb\u00fcrsten-Motoren \u2013 ganz ohne mechanische Verschlei\u00dferscheinungen. Der hochwertige S\u00e4getisch ist aus robustem und zugleich leichtem Aluminium gefertigt.<br \/>\nHandlich und einfach zu bedienen ist die Akku-Handkreiss\u00e4ge durch die werkzeuglosen Einstellungsm\u00f6glichkeiten in Schnitttiefe und Neigungswinkel sowie durch den einfachen S\u00e4geblattwechsel per Spindelarretierung.<\/p>\n","protected":false},"featured_media":14828,"comment_status":"open","ping_status":"closed","template":"","meta":[],"product_cat":[118,109],"product_tag":[],"class_list":{"0":"post-14827","1":"product","2":"type-product","3":"status-publish","4":"has-post-thumbnail","6":"product_cat-kreissaege","7":"product_cat-schleifen-und-trennen","8":"pa_brand-einhell","11":"first","12":"instock","13":"shipping-taxable","14":"product-type-external"},"_links":{"self":[{"href":"https:\/\/heimwerker23.de\/index.php?rest_route=\/wp\/v2\/product\/14827","targetHints":{"allow":["GET"]}}],"collection":[{"href":"https:\/\/heimwerker23.de\/index.php?rest_route=\/wp\/v2\/product"}],"about":[{"href":"https:\/\/heimwerker23.de\/index.php?rest_route=\/wp\/v2\/types\/product"}],"replies":[{"embeddable":true,"href":"https:\/\/heimwerker23.de\/index.php?rest_route=%2Fwp%2Fv2%2Fcomments&post=14827"}],"wp:featuredmedia":[{"embeddable":true,"href":"https:\/\/heimwerker23.de\/index.php?rest_route=\/wp\/v2\/media\/14828"}],"wp:attachment":[{"href":"https:\/\/heimwerker23.de\/index.php?rest_route=%2Fwp%2Fv2%2Fmedia&parent=14827"}],"wp:term":[{"taxonomy":"product_cat","embeddable":true,"href":"https:\/\/heimwerker23.de\/index.php?rest_route=%2Fwp%2Fv2%2Fproduct_cat&post=14827"},{"taxonomy":"product_tag","embeddable":true,"href":"https:\/\/heimwerker23.de\/index.php?rest_route=%2Fwp%2Fv2%2Fproduct_tag&post=14827"}],"curies":[{"name":"wp","href":"https:\/\/api.w.org\/{rel}","templated":true}]}}