{"id":14936,"date":"2020-03-08T00:57:16","date_gmt":"2020-03-07T23:57:16","guid":{"rendered":"https:\/\/heimwerker23.de\/?product=blackdecker-stichsaege-18-v-19-mm-hublaenge-55-mm-schnitttiefe-saegeblasfunktion-schutzbuegel-schalterelektronik-inklusive-holzsaegeblatt-ohne-akku-und-ladegeraet-bdcjs18n"},"modified":"2023-04-09T16:54:16","modified_gmt":"2023-04-09T14:54:16","slug":"blackdecker-stichsaege-18-v-19-mm-hublaenge-55-mm-schnitttiefe-saegeblasfunktion-schutzbuegel-schalterelektronik-inklusive-holzsaegeblatt-ohne-akku-und-ladegeraet-bdcjs18n","status":"publish","type":"product","link":"https:\/\/heimwerker23.de\/?product=blackdecker-stichsaege-18-v-19-mm-hublaenge-55-mm-schnitttiefe-saegeblasfunktion-schutzbuegel-schalterelektronik-inklusive-holzsaegeblatt-ohne-akku-und-ladegeraet-bdcjs18n","title":{"rendered":"Black+Decker Stichs\u00e4ge (18 V, 19 mm Hubl\u00e4nge, 55 mm Schnitttiefe, S\u00e4geblasfunktion, Schutzb\u00fcgel, Schalterelektronik\u2026"},"content":{"rendered":"\n\t\t<div id='gallery-1' class='gallery galleryid-14936 gallery-columns-3 gallery-size-full'><dl class='gallery-item'>\r\n\t<dt class='gallery-icon landscape'>\r\n\t<a rel='gallery-nr'><img loading=\"lazy\" decoding=\"async\" width=\"500\" height=\"500\" src=\"https:\/\/heimwerker23.de\/wp-content\/uploads\/https:\/\/images-na.ssl-images-amazon.com\/images\/I\/51Rlz6o7AWL.jpg\" class=\"attachment-full size-full\" alt=\"\" srcset=\"https:\/\/heimwerker23.de\/wp-content\/uploads\/https:\/\/images-na.ssl-images-amazon.com\/images\/I\/51Rlz6o7AWL.jpg 500w, https:\/\/heimwerker23.de\/wp-content\/uploads\/https:\/\/images-na.ssl-images-amazon.com\/images\/I\/51Rlz6o7AWL._SS150_.jpg 150w, https:\/\/heimwerker23.de\/wp-content\/uploads\/https:\/\/images-na.ssl-images-amazon.com\/images\/I\/51Rlz6o7AWL._SS300_.jpg 300w, https:\/\/heimwerker23.de\/wp-content\/uploads\/https:\/\/images-na.ssl-images-amazon.com\/images\/I\/51Rlz6o7AWL._SS768_.jpg 768w, https:\/\/heimwerker23.de\/wp-content\/uploads\/https:\/\/images-na.ssl-images-amazon.com\/images\/I\/51Rlz6o7AWL._SS1024_.jpg 1024w, https:\/\/heimwerker23.de\/wp-content\/uploads\/https:\/\/images-na.ssl-images-amazon.com\/images\/I\/51Rlz6o7AWL._SS1536_.jpg 1536w, https:\/\/heimwerker23.de\/wp-content\/uploads\/https:\/\/images-na.ssl-images-amazon.com\/images\/I\/51Rlz6o7AWL._SS2048_.jpg 2048w, https:\/\/heimwerker23.de\/wp-content\/uploads\/https:\/\/images-na.ssl-images-amazon.com\/images\/I\/51Rlz6o7AWL._SS145_.jpg 145w, https:\/\/heimwerker23.de\/wp-content\/uploads\/https:\/\/images-na.ssl-images-amazon.com\/images\/I\/51Rlz6o7AWL._SS1400_.jpg 1400w, https:\/\/heimwerker23.de\/wp-content\/uploads\/https:\/\/images-na.ssl-images-amazon.com\/images\/I\/51Rlz6o7AWL._SS50_.jpg 50w, https:\/\/heimwerker23.de\/wp-content\/uploads\/https:\/\/images-na.ssl-images-amazon.com\/images\/I\/51Rlz6o7AWL._SS604_.jpg 604w, https:\/\/heimwerker23.de\/wp-content\/uploads\/https:\/\/images-na.ssl-images-amazon.com\/images\/I\/51Rlz6o7AWL._SS262_.jpg 262w, https:\/\/heimwerker23.de\/wp-content\/uploads\/https:\/\/images-na.ssl-images-amazon.com\/images\/I\/51Rlz6o7AWL._SS600_.jpg 600w, https:\/\/heimwerker23.de\/wp-content\/uploads\/https:\/\/images-na.ssl-images-amazon.com\/images\/I\/51Rlz6o7AWL._SS100_.jpg 100w\" sizes=\"auto, (max-width: 500px) 100vw, 500px\" \/><\/a>\r\n\t<\/dt>\r\n\t<dd class='wp-caption-text gallery-caption'>\r\n\t<div class='gallery-caption-inner'> <div class='wp-caption-text gallery-title'>\r\n\tBlackDecker-Stichsge-18-V-19-mm-Hublnge-55-mm-Schnitttiefe-Sgeblasfunktion-Schutzbgel-Schalterelektronik-inklusive-Holzsgeblatt-ohne-Akku-und-Ladegert-BDCJS18N\r\n\t<\/div><div class='wp-caption-text gallery-zoom no-text'>\r\n\t\t<a href=https:\/\/heimwerker23.de\/?attachment_id=14937 title='Click to view Full Image' class='icon mustang-gallery'><i class='fa fa-plus'><\/i><\/a>\r\n\t\t<\/div><div class='wp-caption-text gallery-redirect'>\r\n\t\t<a href=https:\/\/heimwerker23.de\/?attachment_id=14937 title='Click to view read more' class='icon readmore'><i class='fa fa-link'><\/i><\/a>\r\n\t\t<\/div><\/div><\/dd><\/dl><dl class='gallery-item'>\r\n\t<dt class='gallery-icon landscape'>\r\n\t<a rel='gallery-nr'><img loading=\"lazy\" decoding=\"async\" width=\"500\" height=\"500\" src=\"https:\/\/heimwerker23.de\/wp-content\/uploads\/https:\/\/images-na.ssl-images-amazon.com\/images\/I\/51sTLGRyh%2BL.jpg\" class=\"attachment-full size-full\" alt=\"\" srcset=\"https:\/\/heimwerker23.de\/wp-content\/uploads\/https:\/\/images-na.ssl-images-amazon.com\/images\/I\/51sTLGRyh%2BL.jpg 500w, https:\/\/heimwerker23.de\/wp-content\/uploads\/https:\/\/images-na.ssl-images-amazon.com\/images\/I\/51sTLGRyh%2BL._SS150_.jpg 150w, https:\/\/heimwerker23.de\/wp-content\/uploads\/https:\/\/images-na.ssl-images-amazon.com\/images\/I\/51sTLGRyh%2BL._SS300_.jpg 300w, https:\/\/heimwerker23.de\/wp-content\/uploads\/https:\/\/images-na.ssl-images-amazon.com\/images\/I\/51sTLGRyh%2BL._SS768_.jpg 768w, https:\/\/heimwerker23.de\/wp-content\/uploads\/https:\/\/images-na.ssl-images-amazon.com\/images\/I\/51sTLGRyh%2BL._SS1024_.jpg 1024w, https:\/\/heimwerker23.de\/wp-content\/uploads\/https:\/\/images-na.ssl-images-amazon.com\/images\/I\/51sTLGRyh%2BL._SS1536_.jpg 1536w, https:\/\/heimwerker23.de\/wp-content\/uploads\/https:\/\/images-na.ssl-images-amazon.com\/images\/I\/51sTLGRyh%2BL._SS2048_.jpg 2048w, https:\/\/heimwerker23.de\/wp-content\/uploads\/https:\/\/images-na.ssl-images-amazon.com\/images\/I\/51sTLGRyh%2BL._SS145_.jpg 145w, https:\/\/heimwerker23.de\/wp-content\/uploads\/https:\/\/images-na.ssl-images-amazon.com\/images\/I\/51sTLGRyh%2BL._SS1400_.jpg 1400w, https:\/\/heimwerker23.de\/wp-content\/uploads\/https:\/\/images-na.ssl-images-amazon.com\/images\/I\/51sTLGRyh%2BL._SS50_.jpg 50w, https:\/\/heimwerker23.de\/wp-content\/uploads\/https:\/\/images-na.ssl-images-amazon.com\/images\/I\/51sTLGRyh%2BL._SS604_.jpg 604w, https:\/\/heimwerker23.de\/wp-content\/uploads\/https:\/\/images-na.ssl-images-amazon.com\/images\/I\/51sTLGRyh%2BL._SS262_.jpg 262w, https:\/\/heimwerker23.de\/wp-content\/uploads\/https:\/\/images-na.ssl-images-amazon.com\/images\/I\/51sTLGRyh%2BL._SS600_.jpg 600w, https:\/\/heimwerker23.de\/wp-content\/uploads\/https:\/\/images-na.ssl-images-amazon.com\/images\/I\/51sTLGRyh%2BL._SS100_.jpg 100w\" sizes=\"auto, (max-width: 500px) 100vw, 500px\" \/><\/a>\r\n\t<\/dt>\r\n\t<dd class='wp-caption-text gallery-caption'>\r\n\t<div class='gallery-caption-inner'> <div class='wp-caption-text gallery-title'>\r\n\tBlackDecker-Stichsge-18-V-19-mm-Hublnge-55-mm-Schnitttiefe-Sgeblasfunktion-Schutzbgel-Schalterelektronik-inklusive-Holzsgeblatt-ohne-Akku-und-Ladegert-BDCJS18N\r\n\t<\/div><div class='wp-caption-text gallery-zoom no-text'>\r\n\t\t<a href=https:\/\/heimwerker23.de\/?attachment_id=14938 title='Click to view Full Image' class='icon mustang-gallery'><i class='fa fa-plus'><\/i><\/a>\r\n\t\t<\/div><div class='wp-caption-text gallery-redirect'>\r\n\t\t<a href=https:\/\/heimwerker23.de\/?attachment_id=14938 title='Click to view read more' class='icon readmore'><i class='fa fa-link'><\/i><\/a>\r\n\t\t<\/div><\/div><\/dd><\/dl>\r\n<\/div>\n\n<div class=\"disclaim\"> Stil:<strong>ohne Akku und Ladeger\u00e4t<\/strong> <\/div>\n<p> <!-- show up to 2 reviews by default --> <\/p>\n<p>Black+Decker BDCJS18N 18 V, Akku-Stichs\u00e4ge, 19 mm Hubl\u00e4nge, 55 mm Holz-Schnitttiefe, ohne Akku und Ladeger\u00e4t Produktvorteile: Bedienkomfort: Kompakte Bauweise und geringes Gewicht f\u00fcr optimalen Arbeitskomfort und maximale Kontrolle w\u00e4hrend der Anwendung Arbeitskontrolle: Jederzeit gute Sicht auf die Schnittlinie dank S\u00e4geblasfunktion und optimal positioniertem Schutzb\u00fcgel (Sichtlinie) Anwenderfreundlich: Schalterelektronik f\u00fcr kontrollierten Start der S\u00e4ge und materialgerechtes Arbeiten Arbeitsfortschritt: 3-stufiger Pendelhub f\u00fcr einen schnellen S\u00e4gefortschritt Einfach: Werkzeugloser S\u00e4geblattwechsel f\u00fcr einen schnellen und sicheren Wechsel des Zubeh\u00f6rs 18V System: Alle Produkte des 18V Systems von Black+Decker k\u00f6nnen mit der gleichen Akku-Plattform betrieben werden. Zur Verf\u00fcgung stehen 3 Akkus mit unterschiedlichen Kapazit\u00e4ten: 1,5Ah, 2,0Ah, 4,0Ah Ausstattung: 18V Akku-Stichs\u00e4ge, Softgriff und gummierte Fl\u00e4chen, Sichtlinie, Schutzb\u00fcgel, S\u00e4geblasfunktion, verstellbare Fu\u00dfplatte f\u00fcr Gehrungsschnitte, variable Hubzahl, Penelhub; Zubeh\u00f6r: 1x Holzs\u00e4geblatt; Lieferung im Karton. Technische Daten: Leistung: 18 Volt Akku-Technologie: Li-Ionen Leerlaufhubzahl: 0 &#8211; 2500 min-1 Schnitttiefe: In Holz: 55 mm In Stahl: 8 mm In Aluminium: 20 mm Hubl\u00e4nge: 19 mm Pendelhub: Ja Gehrungsschnitte: 0\u00b0, 22,5\u00b0, 45\u00b0 <\/p>\n<p>Anwenderfreundlich: Schalterelektronik f\u00fcr kontrollierten Start der S\u00e4ge und materialgerechtes Arbeiten<br \/>\nBedienkomfort: Kompakte Bauweise und geringes Gewicht f\u00fcr optimalen Arbeitskomfort und maximale Kontrolle w\u00e4hrend der Anwendung<br \/>\nArbeitsfortschritt: 3-stufiger Pendelhub f\u00fcr einen schnellen S\u00e4gefortschritt<br \/>\nArbeitskontrolle: Jederzeit gute Sicht auf die Schnittlinie dank S\u00e4geblasfunktion und optimal positioniertem Schutzb\u00fcgel<br \/>\nLieferumfang: 1x Pendelhub-Stichs\u00e4ge, 1x Holzs\u00e4geblatt (ohne Akku und Ladeger\u00e4t)<br \/>\n[amz_corss_sell asin=&#8220;B01BATEMXK&#8220;]<\/p>\n","protected":false},"excerpt":{"rendered":"<p>Anwenderfreundlich: Schalterelektronik f\u00fcr kontrollierten Start der S\u00e4ge und materialgerechtes Arbeiten<br \/>\nBedienkomfort: Kompakte Bauweise und geringes Gewicht f\u00fcr optimalen Arbeitskomfort und maximale Kontrolle w\u00e4hrend der Anwendung<br \/>\nArbeitsfortschritt: 3-stufiger Pendelhub f\u00fcr einen schnellen S\u00e4gefortschritt<\/p>\n","protected":false},"featured_media":14937,"comment_status":"open","ping_status":"closed","template":"","meta":[],"product_cat":[109,119],"product_tag":[],"class_list":{"0":"post-14936","1":"product","2":"type-product","3":"status-publish","4":"has-post-thumbnail","6":"product_cat-schleifen-und-trennen","7":"product_cat-stichsaege","8":"pa_brand-blackplusdecker","11":"first","12":"instock","13":"shipping-taxable","14":"product-type-external"},"_links":{"self":[{"href":"https:\/\/heimwerker23.de\/index.php?rest_route=\/wp\/v2\/product\/14936","targetHints":{"allow":["GET"]}}],"collection":[{"href":"https:\/\/heimwerker23.de\/index.php?rest_route=\/wp\/v2\/product"}],"about":[{"href":"https:\/\/heimwerker23.de\/index.php?rest_route=\/wp\/v2\/types\/product"}],"replies":[{"embeddable":true,"href":"https:\/\/heimwerker23.de\/index.php?rest_route=%2Fwp%2Fv2%2Fcomments&post=14936"}],"wp:featuredmedia":[{"embeddable":true,"href":"https:\/\/heimwerker23.de\/index.php?rest_route=\/wp\/v2\/media\/14937"}],"wp:attachment":[{"href":"https:\/\/heimwerker23.de\/index.php?rest_route=%2Fwp%2Fv2%2Fmedia&parent=14936"}],"wp:term":[{"taxonomy":"product_cat","embeddable":true,"href":"https:\/\/heimwerker23.de\/index.php?rest_route=%2Fwp%2Fv2%2Fproduct_cat&post=14936"},{"taxonomy":"product_tag","embeddable":true,"href":"https:\/\/heimwerker23.de\/index.php?rest_route=%2Fwp%2Fv2%2Fproduct_tag&post=14936"}],"curies":[{"name":"wp","href":"https:\/\/api.w.org\/{rel}","templated":true}]}}