{"id":15274,"date":"2020-03-08T01:16:09","date_gmt":"2020-03-08T00:16:09","guid":{"rendered":"https:\/\/heimwerker23.de\/?product=exzenterschleifer-ginour-schleifmaschine-300w-12000-rpm-7-variable-geschwindigkeiten"},"modified":"2023-04-10T17:05:16","modified_gmt":"2023-04-10T15:05:16","slug":"exzenterschleifer-ginour-schleifmaschine-300w-12000-rpm-7-variable-geschwindigkeiten","status":"publish","type":"product","link":"https:\/\/heimwerker23.de\/?product=exzenterschleifer-ginour-schleifmaschine-300w-12000-rpm-7-variable-geschwindigkeiten","title":{"rendered":"Exzenterschleifer\uff0cGinour 300W Schleifmaschine mit 15 Schleifpapiere\uff0c125mm Schleifteller, Schwingzahl 13000 OPM, mit\u2026"},"content":{"rendered":"<div id='gallery-1' class='gallery galleryid-15274 gallery-columns-3 gallery-size-full'><dl class='gallery-item'>\r\n\t<dt class='gallery-icon landscape'>\r\n\t<a rel='gallery-nr'><img loading=\"lazy\" decoding=\"async\" width=\"500\" height=\"500\" src=\"https:\/\/heimwerker23.de\/wp-content\/uploads\/https:\/\/images-na.ssl-images-amazon.com\/images\/I\/41ydrgn5VqL.jpg\" class=\"attachment-full size-full\" alt=\"\" srcset=\"https:\/\/heimwerker23.de\/wp-content\/uploads\/https:\/\/images-na.ssl-images-amazon.com\/images\/I\/41ydrgn5VqL.jpg 500w, https:\/\/heimwerker23.de\/wp-content\/uploads\/https:\/\/images-na.ssl-images-amazon.com\/images\/I\/41ydrgn5VqL._SS150_.jpg 150w, https:\/\/heimwerker23.de\/wp-content\/uploads\/https:\/\/images-na.ssl-images-amazon.com\/images\/I\/41ydrgn5VqL._SS300_.jpg 300w, https:\/\/heimwerker23.de\/wp-content\/uploads\/https:\/\/images-na.ssl-images-amazon.com\/images\/I\/41ydrgn5VqL._SS768_.jpg 768w, https:\/\/heimwerker23.de\/wp-content\/uploads\/https:\/\/images-na.ssl-images-amazon.com\/images\/I\/41ydrgn5VqL._SS1024_.jpg 1024w, https:\/\/heimwerker23.de\/wp-content\/uploads\/https:\/\/images-na.ssl-images-amazon.com\/images\/I\/41ydrgn5VqL._SS1536_.jpg 1536w, https:\/\/heimwerker23.de\/wp-content\/uploads\/https:\/\/images-na.ssl-images-amazon.com\/images\/I\/41ydrgn5VqL._SS2048_.jpg 2048w, https:\/\/heimwerker23.de\/wp-content\/uploads\/https:\/\/images-na.ssl-images-amazon.com\/images\/I\/41ydrgn5VqL._SS145_.jpg 145w, https:\/\/heimwerker23.de\/wp-content\/uploads\/https:\/\/images-na.ssl-images-amazon.com\/images\/I\/41ydrgn5VqL._SS1400_.jpg 1400w, https:\/\/heimwerker23.de\/wp-content\/uploads\/https:\/\/images-na.ssl-images-amazon.com\/images\/I\/41ydrgn5VqL._SS50_.jpg 50w, https:\/\/heimwerker23.de\/wp-content\/uploads\/https:\/\/images-na.ssl-images-amazon.com\/images\/I\/41ydrgn5VqL._SS604_.jpg 604w, https:\/\/heimwerker23.de\/wp-content\/uploads\/https:\/\/images-na.ssl-images-amazon.com\/images\/I\/41ydrgn5VqL._SS262_.jpg 262w, https:\/\/heimwerker23.de\/wp-content\/uploads\/https:\/\/images-na.ssl-images-amazon.com\/images\/I\/41ydrgn5VqL._SS600_.jpg 600w, https:\/\/heimwerker23.de\/wp-content\/uploads\/https:\/\/images-na.ssl-images-amazon.com\/images\/I\/41ydrgn5VqL._SS100_.jpg 100w\" sizes=\"auto, (max-width: 500px) 100vw, 500px\" \/><\/a>\r\n\t<\/dt>\r\n\t<dd class='wp-caption-text gallery-caption'>\r\n\t<div class='gallery-caption-inner'> <div class='wp-caption-text gallery-title'>\r\n\tExzenterschleifer-Ginour-Schleifmaschine-300W-12000-RPM-7-variable-Geschwindigkeiten\r\n\t<\/div><div class='wp-caption-text gallery-zoom no-text'>\r\n\t\t<a href=https:\/\/heimwerker23.de\/?attachment_id=15275 title='Click to view Full Image' class='icon mustang-gallery'><i class='fa fa-plus'><\/i><\/a>\r\n\t\t<\/div><div class='wp-caption-text gallery-redirect'>\r\n\t\t<a href=https:\/\/heimwerker23.de\/?attachment_id=15275 title='Click to view read more' class='icon readmore'><i class='fa fa-link'><\/i><\/a>\r\n\t\t<\/div><\/div><\/dd><\/dl><dl class='gallery-item'>\r\n\t<dt class='gallery-icon landscape'>\r\n\t<a rel='gallery-nr'><img loading=\"lazy\" decoding=\"async\" width=\"500\" height=\"500\" src=\"https:\/\/heimwerker23.de\/wp-content\/uploads\/https:\/\/images-na.ssl-images-amazon.com\/images\/I\/51g2cRDDfwL.jpg\" class=\"attachment-full size-full\" alt=\"\" srcset=\"https:\/\/heimwerker23.de\/wp-content\/uploads\/https:\/\/images-na.ssl-images-amazon.com\/images\/I\/51g2cRDDfwL.jpg 500w, https:\/\/heimwerker23.de\/wp-content\/uploads\/https:\/\/images-na.ssl-images-amazon.com\/images\/I\/51g2cRDDfwL._SS150_.jpg 150w, https:\/\/heimwerker23.de\/wp-content\/uploads\/https:\/\/images-na.ssl-images-amazon.com\/images\/I\/51g2cRDDfwL._SS300_.jpg 300w, https:\/\/heimwerker23.de\/wp-content\/uploads\/https:\/\/images-na.ssl-images-amazon.com\/images\/I\/51g2cRDDfwL._SS768_.jpg 768w, https:\/\/heimwerker23.de\/wp-content\/uploads\/https:\/\/images-na.ssl-images-amazon.com\/images\/I\/51g2cRDDfwL._SS1024_.jpg 1024w, https:\/\/heimwerker23.de\/wp-content\/uploads\/https:\/\/images-na.ssl-images-amazon.com\/images\/I\/51g2cRDDfwL._SS1536_.jpg 1536w, https:\/\/heimwerker23.de\/wp-content\/uploads\/https:\/\/images-na.ssl-images-amazon.com\/images\/I\/51g2cRDDfwL._SS2048_.jpg 2048w, https:\/\/heimwerker23.de\/wp-content\/uploads\/https:\/\/images-na.ssl-images-amazon.com\/images\/I\/51g2cRDDfwL._SS145_.jpg 145w, https:\/\/heimwerker23.de\/wp-content\/uploads\/https:\/\/images-na.ssl-images-amazon.com\/images\/I\/51g2cRDDfwL._SS1400_.jpg 1400w, https:\/\/heimwerker23.de\/wp-content\/uploads\/https:\/\/images-na.ssl-images-amazon.com\/images\/I\/51g2cRDDfwL._SS50_.jpg 50w, https:\/\/heimwerker23.de\/wp-content\/uploads\/https:\/\/images-na.ssl-images-amazon.com\/images\/I\/51g2cRDDfwL._SS604_.jpg 604w, https:\/\/heimwerker23.de\/wp-content\/uploads\/https:\/\/images-na.ssl-images-amazon.com\/images\/I\/51g2cRDDfwL._SS262_.jpg 262w, https:\/\/heimwerker23.de\/wp-content\/uploads\/https:\/\/images-na.ssl-images-amazon.com\/images\/I\/51g2cRDDfwL._SS600_.jpg 600w, https:\/\/heimwerker23.de\/wp-content\/uploads\/https:\/\/images-na.ssl-images-amazon.com\/images\/I\/51g2cRDDfwL._SS100_.jpg 100w\" sizes=\"auto, (max-width: 500px) 100vw, 500px\" \/><\/a>\r\n\t<\/dt>\r\n\t<dd class='wp-caption-text gallery-caption'>\r\n\t<div class='gallery-caption-inner'> <div class='wp-caption-text gallery-title'>\r\n\tExzenterschleifer-Ginour-Schleifmaschine-300W-12000-RPM-7-variable-Geschwindigkeiten\r\n\t<\/div><div class='wp-caption-text gallery-zoom no-text'>\r\n\t\t<a href=https:\/\/heimwerker23.de\/?attachment_id=15276 title='Click to view Full Image' class='icon mustang-gallery'><i class='fa fa-plus'><\/i><\/a>\r\n\t\t<\/div><div class='wp-caption-text gallery-redirect'>\r\n\t\t<a href=https:\/\/heimwerker23.de\/?attachment_id=15276 title='Click to view read more' class='icon readmore'><i class='fa fa-link'><\/i><\/a>\r\n\t\t<\/div><\/div><\/dd><\/dl>\r\n<\/div>\n<br \/>\n<!-- show up to 2 reviews by default --> <\/p>\n<p>Merkmal:<br \/> \u27a4 Der Ginour Exzenterschleifer bietet effizientes Arbeiten mit 2,5 A Leistung und erzeugt 12.000 Umlaufbahnen pro Minute. Es ist die beste Wahl f\u00fcr Ihre DIY-Werkzeuge.<br \/> \u27a4 Einstellbar mit 6 variablen Geschwindigkeitsstufen. Sie k\u00f6nnen die geeignete Geschwindigkeit f\u00fcr verschiedene Projekte ausw\u00e4hlen, einschlie\u00dflich Schleifen, Gl\u00e4tten und Schlichten von Holz, Polieren, Entfernen von Farbe, Lack, Politur, Flecken usw.<br \/> \u27a4 Ausgestattet mit einem Staubbeh\u00e4lter, atmen Sie w\u00e4hrend der Arbeit nicht zu viel Staub ein und es f\u00e4llt nicht leicht, herunterzufallen. \u27a4 Der Schleifer ist vibrationsarm und ger\u00e4uscharm, was Ihnen bei Innenarbeiten helfen kann.<br \/> \u27a4 Der Handgriff ist klein und bequem und verringert die Erm\u00fcdung, wenn Sie lange arbeiten m\u00fcssen.<br \/> \u27a4 Geliefert mit 5 St\u00fccke 80er K\u00f6rnung und St\u00fccke 180er Schleifpapiere, um Ihren Bed\u00fcrfnissen mehr gerecht zu werden. Es hat auch eine Polierfunktion, wenn feines Schleifpapier ersetzt wird.<br \/> Spezifikationen:<br \/> AMP: 2,5 A<br \/> Leistung: 300 W<br \/> Geschwindigkeit: 12.000 OPM<br \/> Gewicht: 1,4 kg<br \/> Schleifpad: 125 mm<br \/> Paketliste:<br \/> 1 *Ginour Exzenterschleifer<br \/> 10 * Schleifpapier (5 \u00d7 80 K\u00f6rnung 5 \u00d7 180 K\u00f6rnung)<br \/> 1 * Dust Box<br \/> 1 * Gebrauchsanweisung<\/p>\n<p>\u3010LEISTUNGSSTARK &amp; VIELSEITIG\u3011 Der Ginour 2.5 A Exzenterschleifer bietet eine leistungsstarke und effiziente Leistung, die 12.000 Mal in einer Minute arbeiten kann. Kompakte Schleifmaschine mit 6 variablen Geschwindigkeiten, geeignet zum Schleifen, Gl\u00e4tten und Schlichten von Holz, zum Entfernen von Farbe, Lack, Politur, Flecken, Polieren usw.<br \/>\n\u3010EFFIZIENTES STAUBENTFERNUNGSSYSTEM\u3011 Das Mikrofilter-Staubentfernungssystem f\u00fcr eine maximale Aufnahme von Feinstaub und Partikeln mit einem Durchmesser von 1\/2 Mikron; Die hohe Festigkeit und der kompakte Staubabscheider verhindern, dass die Box w\u00e4hrend der Arbeit herunterf\u00e4llt, und sorgt so f\u00fcr einen sauberen Arbeitsbereich f\u00fcr Sie.<br \/>\n\u3010PRAKTISCH &amp; GEM\u00dcTLICH\u3011 Ausgestattet mit 10er Schleifpapieren f\u00fcr Ihre verschiedenen Schleifanwendungen. Der Sandpapier-Ersatz erfordert nur ein Aufrei\u00dfen und Einf\u00fcgen, was einfach zu bedienen ist. Der weiche, gummierte Griff ist klein und rund und mit einer Hand leicht zu handhaben.<br \/>\n\u3010NIEDRIGE VIBRATION &amp; STABIL\u3011 Geringe Vibrationen, wenig L\u00e4rm, keine Belastung bei der Arbeit im Innenbereich, k\u00f6nnen Ihnen helfen, die Arbeit besser zu erledigen. Die Schaltung mit konstantem Ansprechverhalten beh\u00e4lt die Geschwindigkeit und Kontrolle bei, w\u00e4hrend vibrationsarme Arbeiten l\u00e4nger arbeiten k\u00f6nnen.<br \/>\n\u3010WAS SIE ERHALTEN\u3011 1 * Ginour Exzenterschleifer; 10 * Schleifpapier (K\u00f6rnung 5 * 80 + K\u00f6rnung 5 * 180); 1 * Staubsammler; 1 * Benutzerhandbuch; 24 Monate Garantie und bester Kundenservice.<br \/>\n[amz_corss_sell asin=&#8220;B084GR2KGN&#8220;]<\/p>\n","protected":false},"excerpt":{"rendered":"<p>\u3010LEISTUNGSSTARK &amp; VIELSEITIG\u3011 Der Ginour 2.5 A Exzenterschleifer bietet eine leistungsstarke und effiziente Leistung, die 12.000 Mal in einer Minute arbeiten kann. Kompakte Schleifmaschine mit 6 variablen Geschwindigkeiten, geeignet zum Schleifen, Gl\u00e4tten und Schlichten von Holz, zum Entfernen von Farbe, Lack, Politur, Flecken, Polieren usw.<br \/>\n\u3010EFFIZIENTES STAUBENTFERNUNGSSYSTEM\u3011 Das Mikrofilter-Staubentfernungssystem f\u00fcr eine maximale Aufnahme von Feinstaub und Partikeln mit einem Durchmesser von 1\/2 Mikron; Die hohe Festigkeit und der kompakte Staubabscheider verhindern, dass die Box w\u00e4hrend der Arbeit herunterf\u00e4llt, und sorgt so f\u00fcr einen sauberen Arbeitsbereich f\u00fcr Sie.<br \/>\n\u3010PRAKTISCH &amp; GEM\u00dcTLICH\u3011 Ausgestattet mit 10er Schleifpapieren f\u00fcr Ihre verschiedenen Schleifanwendungen. Der Sandpapier-Ersatz erfordert nur ein Aufrei\u00dfen und Einf\u00fcgen, was einfach zu bedienen ist. Der weiche, gummierte Griff ist klein und rund und mit einer Hand leicht zu handhaben.<\/p>\n","protected":false},"featured_media":15275,"comment_status":"open","ping_status":"closed","template":"","meta":[],"product_cat":[109,121],"product_tag":[],"class_list":{"0":"post-15274","1":"product","2":"type-product","3":"status-publish","4":"has-post-thumbnail","6":"product_cat-schleifen-und-trennen","7":"product_cat-schleifmaschinen","8":"pa_brand-ginour","11":"first","12":"instock","13":"shipping-taxable","14":"product-type-external"},"_links":{"self":[{"href":"https:\/\/heimwerker23.de\/index.php?rest_route=\/wp\/v2\/product\/15274","targetHints":{"allow":["GET"]}}],"collection":[{"href":"https:\/\/heimwerker23.de\/index.php?rest_route=\/wp\/v2\/product"}],"about":[{"href":"https:\/\/heimwerker23.de\/index.php?rest_route=\/wp\/v2\/types\/product"}],"replies":[{"embeddable":true,"href":"https:\/\/heimwerker23.de\/index.php?rest_route=%2Fwp%2Fv2%2Fcomments&post=15274"}],"wp:featuredmedia":[{"embeddable":true,"href":"https:\/\/heimwerker23.de\/index.php?rest_route=\/wp\/v2\/media\/15275"}],"wp:attachment":[{"href":"https:\/\/heimwerker23.de\/index.php?rest_route=%2Fwp%2Fv2%2Fmedia&parent=15274"}],"wp:term":[{"taxonomy":"product_cat","embeddable":true,"href":"https:\/\/heimwerker23.de\/index.php?rest_route=%2Fwp%2Fv2%2Fproduct_cat&post=15274"},{"taxonomy":"product_tag","embeddable":true,"href":"https:\/\/heimwerker23.de\/index.php?rest_route=%2Fwp%2Fv2%2Fproduct_tag&post=15274"}],"curies":[{"name":"wp","href":"https:\/\/api.w.org\/{rel}","templated":true}]}}